{"id":3874,"date":"2023-12-11T14:49:11","date_gmt":"2023-12-11T13:49:11","guid":{"rendered":"https:\/\/vtbati.fr\/vtbati\/?post_type=product&#038;p=3874"},"modified":"2023-12-11T14:49:13","modified_gmt":"2023-12-11T13:49:13","slug":"la20croisee20ds-cremone-pompier-pack-dualis-7214-a-poignee-rotative","status":"publish","type":"product","link":"http:\/\/s350233878.onlinehome.fr\/index.php\/produit\/la20croisee20ds-cremone-pompier-pack-dualis-7214-a-poignee-rotative\/","title":{"rendered":"LA20CROISEE20DS &#8211; Cr\u00e9mone pompier PACK DUALIS 7214 \u00e0 poign\u00e9e rotative"},"content":{"rendered":"","protected":false},"excerpt":{"rendered":"<p>Pack de 4 bo\u00eetiers et g\u00e2ches de cr\u00e9mone pompier \u00e0 poign\u00e9e rotative.<\/p>\n<p>Les tringles sont \u00e0 commander s\u00e9par\u00e9ment.<br \/>\nLivr\u00e9e avec guides et g\u00e2ches<\/p>\n<div class=\"attribute product code-p\"><span class=\"type\">Code P :<\/span>\u00a0<span class=\"value\">P790FT2<\/span><\/div>\n<div class=\"attribute product sku\"><span class=\"type\">R\u00e9f. PRO :<\/span>\u00a0<span class=\"value\" data-bind=\"text: selectedArticleSku\">61790322<\/span><\/div>\n<div class=\"attribute product ref\"><span class=\"type\">R\u00e9f. fab :<\/span>\u00a0<span class=\"value\" data-bind=\"text: getReferenceCode()\">DS7214-036<\/span><\/div>\n<p>&nbsp;<\/p>\n","protected":false},"featured_media":3875,"template":"","meta":[],"product_cat":[593,16],"product_tag":[606,612,608],"class_list":{"0":"post-3874","1":"product","2":"type-product","3":"status-publish","4":"has-post-thumbnail","6":"product_cat-cremones-pompier","7":"product_cat-quincaillerie","8":"product_tag-cremone-pompier","9":"product_tag-pack-dualis-7214","10":"product_tag-poignee-rotative","12":"first","13":"instock","14":"taxable","15":"shipping-taxable","16":"purchasable","17":"product-type-simple"},"_links":{"self":[{"href":"http:\/\/s350233878.onlinehome.fr\/index.php\/wp-json\/wp\/v2\/product\/3874","targetHints":{"allow":["GET"]}}],"collection":[{"href":"http:\/\/s350233878.onlinehome.fr\/index.php\/wp-json\/wp\/v2\/product"}],"about":[{"href":"http:\/\/s350233878.onlinehome.fr\/index.php\/wp-json\/wp\/v2\/types\/product"}],"wp:featuredmedia":[{"embeddable":true,"href":"http:\/\/s350233878.onlinehome.fr\/index.php\/wp-json\/wp\/v2\/media\/3875"}],"wp:attachment":[{"href":"http:\/\/s350233878.onlinehome.fr\/index.php\/wp-json\/wp\/v2\/media?parent=3874"}],"wp:term":[{"taxonomy":"product_cat","embeddable":true,"href":"http:\/\/s350233878.onlinehome.fr\/index.php\/wp-json\/wp\/v2\/product_cat?post=3874"},{"taxonomy":"product_tag","embeddable":true,"href":"http:\/\/s350233878.onlinehome.fr\/index.php\/wp-json\/wp\/v2\/product_tag?post=3874"}],"curies":[{"name":"wp","href":"https:\/\/api.w.org\/{rel}","templated":true}]}}