{"id":3868,"date":"2023-12-11T14:42:00","date_gmt":"2023-12-11T13:42:00","guid":{"rendered":"https:\/\/vtbati.fr\/vtbati\/?post_type=product&#038;p=3868"},"modified":"2023-12-11T14:42:02","modified_gmt":"2023-12-11T13:42:02","slug":"la20croisee20ds-cremone-pompier-7220-a-poignee-rotative","status":"publish","type":"product","link":"http:\/\/s350233878.onlinehome.fr\/index.php\/produit\/la20croisee20ds-cremone-pompier-7220-a-poignee-rotative\/","title":{"rendered":"LA20CROISEE20DS &#8211; Cr\u00e9mone pompier 7220 \u00e0 poign\u00e9e rotative"},"content":{"rendered":"","protected":false},"excerpt":{"rendered":"<p>Tringle invisible encastr\u00e9e dans le montant de l&rsquo;ouvrant.<br \/>\nDimensions du bo\u00eetier : H 235 x l 41 x P 39 mm.<br \/>\nSaillie : 99 mm.<br \/>\nLa gamme \u00ab\u00a0Test\u00e9 \u00e0 100 000 cycles.<br \/>\nPour le verrouillage de vantail semi-fixe.<br \/>\nPose sur menuiserie bois, m\u00e9tallique ou PVC.<br \/>\nR\u00e9versibilit\u00e9 de la main, indicateur de position par voyant vert\/rouge.<br \/>\nB\u00e9quille de 124 mm.<br \/>\nConditions de livraison : livr\u00e9es sans tringle.<br \/>\nPr\u00e9voir un jeu de tringles 7221.<\/p>\n<div class=\"attribute product code-p\"><span class=\"type\">Code P :<\/span>\u00a0<span class=\"value\">P790EMF<\/span><\/div>\n<div class=\"attribute product sku\"><span class=\"type\">R\u00e9f. PRO :<\/span>\u00a0<span class=\"value\" data-bind=\"text: selectedArticleSku\">59986473<\/span><\/div>\n<div class=\"attribute product ref\"><span class=\"type\">R\u00e9f. fab :<\/span>\u00a0<span class=\"value\" data-bind=\"text: getReferenceCode()\">DS7220-036<\/span><\/div>\n","protected":false},"featured_media":3869,"template":"","meta":[],"product_cat":[593,16],"product_tag":[611,606,608],"class_list":{"0":"post-3868","1":"product","2":"type-product","3":"status-publish","4":"has-post-thumbnail","6":"product_cat-cremones-pompier","7":"product_cat-quincaillerie","8":"product_tag-611","9":"product_tag-cremone-pompier","10":"product_tag-poignee-rotative","12":"first","13":"instock","14":"taxable","15":"shipping-taxable","16":"purchasable","17":"product-type-simple"},"_links":{"self":[{"href":"http:\/\/s350233878.onlinehome.fr\/index.php\/wp-json\/wp\/v2\/product\/3868","targetHints":{"allow":["GET"]}}],"collection":[{"href":"http:\/\/s350233878.onlinehome.fr\/index.php\/wp-json\/wp\/v2\/product"}],"about":[{"href":"http:\/\/s350233878.onlinehome.fr\/index.php\/wp-json\/wp\/v2\/types\/product"}],"wp:featuredmedia":[{"embeddable":true,"href":"http:\/\/s350233878.onlinehome.fr\/index.php\/wp-json\/wp\/v2\/media\/3869"}],"wp:attachment":[{"href":"http:\/\/s350233878.onlinehome.fr\/index.php\/wp-json\/wp\/v2\/media?parent=3868"}],"wp:term":[{"taxonomy":"product_cat","embeddable":true,"href":"http:\/\/s350233878.onlinehome.fr\/index.php\/wp-json\/wp\/v2\/product_cat?post=3868"},{"taxonomy":"product_tag","embeddable":true,"href":"http:\/\/s350233878.onlinehome.fr\/index.php\/wp-json\/wp\/v2\/product_tag?post=3868"}],"curies":[{"name":"wp","href":"https:\/\/api.w.org\/{rel}","templated":true}]}}