{"id":3855,"date":"2023-12-11T14:26:05","date_gmt":"2023-12-11T13:26:05","guid":{"rendered":"https:\/\/vtbati.fr\/vtbati\/?post_type=product&#038;p=3855"},"modified":"2023-12-11T14:26:12","modified_gmt":"2023-12-11T13:26:12","slug":"la20croisee20ds-cremone-pompier-dualis-7211-a-poignee-rotative","status":"publish","type":"product","link":"http:\/\/s350233878.onlinehome.fr\/index.php\/produit\/la20croisee20ds-cremone-pompier-dualis-7211-a-poignee-rotative\/","title":{"rendered":"LA20CROISEE20DS &#8211; Cr\u00e9mone pompier DUALIS 7211 \u00e0 poign\u00e9e rotative"},"content":{"rendered":"","protected":false},"excerpt":{"rendered":"<p>A poign\u00e9e tournante.<br \/>\nPermet de condamner le vantail semi-fixe d\u2019une porte \u00e0 2 vantaux dont le vantail de service peut \u00eatre d\u00e9clar\u00e9 \u201cissues de secours\u201d.<br \/>\nConvient \u00e0 tous types de portes : bois, alu, pvc, acier.<\/p>\n<p>Ensemble cr\u00e9mone comprenant :<br \/>\n&#8211; 1 bo\u00eetier m\u00e9canisme 5400,<br \/>\n&#8211; Enjoliveur 7203A,<br \/>\n&#8211; Poign\u00e9e 7203C,<br \/>\n&#8211; 4 guides 6885,<br \/>\n&#8211; 1 g\u00e2che basse 6856,<br \/>\n1 g\u00e2che haute 6886 + 3 cales.<br \/>\nTringles \u00e0 commander s\u00e9par\u00e9ment.<\/p>\n<div class=\"attribute product code-p\"><span class=\"type\">Code P :<\/span>\u00a0<span class=\"value\">P7902OJ<\/span><\/div>\n<div class=\"attribute product sku\"><span class=\"type\">R\u00e9f. PRO :<\/span>\u00a0<span class=\"value\" data-bind=\"text: selectedArticleSku\">45795519<\/span><\/div>\n<div class=\"attribute product ref\"><span class=\"type\">R\u00e9f. fab :<\/span>\u00a0<span class=\"value\" data-bind=\"text: getReferenceCode()\">DS7211-036<\/span><\/div>\n","protected":false},"featured_media":3856,"template":"","meta":[],"product_cat":[593,16],"product_tag":[606,607,608],"class_list":{"0":"post-3855","1":"product","2":"type-product","3":"status-publish","4":"has-post-thumbnail","6":"product_cat-cremones-pompier","7":"product_cat-quincaillerie","8":"product_tag-cremone-pompier","9":"product_tag-dualis-7211","10":"product_tag-poignee-rotative","12":"first","13":"instock","14":"taxable","15":"shipping-taxable","16":"purchasable","17":"product-type-simple"},"_links":{"self":[{"href":"http:\/\/s350233878.onlinehome.fr\/index.php\/wp-json\/wp\/v2\/product\/3855","targetHints":{"allow":["GET"]}}],"collection":[{"href":"http:\/\/s350233878.onlinehome.fr\/index.php\/wp-json\/wp\/v2\/product"}],"about":[{"href":"http:\/\/s350233878.onlinehome.fr\/index.php\/wp-json\/wp\/v2\/types\/product"}],"wp:featuredmedia":[{"embeddable":true,"href":"http:\/\/s350233878.onlinehome.fr\/index.php\/wp-json\/wp\/v2\/media\/3856"}],"wp:attachment":[{"href":"http:\/\/s350233878.onlinehome.fr\/index.php\/wp-json\/wp\/v2\/media?parent=3855"}],"wp:term":[{"taxonomy":"product_cat","embeddable":true,"href":"http:\/\/s350233878.onlinehome.fr\/index.php\/wp-json\/wp\/v2\/product_cat?post=3855"},{"taxonomy":"product_tag","embeddable":true,"href":"http:\/\/s350233878.onlinehome.fr\/index.php\/wp-json\/wp\/v2\/product_tag?post=3855"}],"curies":[{"name":"wp","href":"https:\/\/api.w.org\/{rel}","templated":true}]}}