{"id":3849,"date":"2023-12-11T11:44:48","date_gmt":"2023-12-11T10:44:48","guid":{"rendered":"https:\/\/vtbati.fr\/vtbati\/?post_type=product&#038;p=3849"},"modified":"2023-12-11T14:18:16","modified_gmt":"2023-12-11T13:18:16","slug":"jpm-module-exterieur-bequille-sans-condamnation-pour-antipanique-en3100","status":"publish","type":"product","link":"http:\/\/s350233878.onlinehome.fr\/index.php\/produit\/jpm-module-exterieur-bequille-sans-condamnation-pour-antipanique-en3100\/","title":{"rendered":"JPM &#8211; Module ext\u00e9rieur b\u00e9quille sans condamnation pour antipanique EN3100"},"content":{"rendered":"","protected":false},"excerpt":{"rendered":"<p>Ouverture par b\u00e9quille r\u00e9versible non condamnable.<br \/>\nCompatibles avec les fermetures anti-panique Crossbar 89, Pushbar Alarm, Pushbar 90+ et les fermetures d&rsquo;urgence Europad 179\u2022 Compatibles aussi avec ancienne gamme EN2000\u2022 R\u00e9sistance anti-vandalisme pour les mod\u00e8les \u00e0 b\u00e9quille ou bouton d\u00e9brayable\u2022 R\u00e9versible pour portes \u00e0 droite et \u00e0 gauche\u2022 Pour tout type de porte : bois, m\u00e9tal, PVC, aluminium, verre (avec kit sp\u00e9cial)\u2022 Garantie 1 an<\/p>\n<div class=\"attribute product code-p\"><span class=\"type\">Code P :<\/span>\u00a0<span class=\"value\">P790DW3<\/span><\/div>\n<div class=\"attribute product sku\"><span class=\"type\">R\u00e9f. PRO :<\/span>\u00a0<span class=\"value\" data-bind=\"text: selectedArticleSku\">34236895<\/span><\/div>\n<div class=\"attribute product ref\"><span class=\"type\">R\u00e9f. fab:<\/span>\u00a0<span class=\"value\" data-bind=\"text: getReferenceCode()\">EN3100-07-0A<\/span><\/div>\n","protected":false},"featured_media":3851,"template":"","meta":[],"product_cat":[592,16],"product_tag":[596,603,605,594,604],"class_list":{"0":"post-3849","1":"product","2":"type-product","3":"status-publish","4":"has-post-thumbnail","6":"product_cat-serrures-barres-antipaniques-et-accessoires","7":"product_cat-quincaillerie","8":"product_tag-antipanique","9":"product_tag-bequille","10":"product_tag-en3100","11":"product_tag-module-exterieur","12":"product_tag-sans-condamnation","14":"first","15":"instock","16":"taxable","17":"shipping-taxable","18":"purchasable","19":"product-type-simple"},"_links":{"self":[{"href":"http:\/\/s350233878.onlinehome.fr\/index.php\/wp-json\/wp\/v2\/product\/3849","targetHints":{"allow":["GET"]}}],"collection":[{"href":"http:\/\/s350233878.onlinehome.fr\/index.php\/wp-json\/wp\/v2\/product"}],"about":[{"href":"http:\/\/s350233878.onlinehome.fr\/index.php\/wp-json\/wp\/v2\/types\/product"}],"wp:featuredmedia":[{"embeddable":true,"href":"http:\/\/s350233878.onlinehome.fr\/index.php\/wp-json\/wp\/v2\/media\/3851"}],"wp:attachment":[{"href":"http:\/\/s350233878.onlinehome.fr\/index.php\/wp-json\/wp\/v2\/media?parent=3849"}],"wp:term":[{"taxonomy":"product_cat","embeddable":true,"href":"http:\/\/s350233878.onlinehome.fr\/index.php\/wp-json\/wp\/v2\/product_cat?post=3849"},{"taxonomy":"product_tag","embeddable":true,"href":"http:\/\/s350233878.onlinehome.fr\/index.php\/wp-json\/wp\/v2\/product_tag?post=3849"}],"curies":[{"name":"wp","href":"https:\/\/api.w.org\/{rel}","templated":true}]}}