{"id":3844,"date":"2023-12-11T11:41:54","date_gmt":"2023-12-11T10:41:54","guid":{"rendered":"https:\/\/vtbati.fr\/vtbati\/?post_type=product&#038;p=3844"},"modified":"2023-12-11T11:41:56","modified_gmt":"2023-12-11T10:41:56","slug":"vachette-barre-de-chaufferie-ecobar-921cp-pour-cylindre-europeen-reversible","status":"publish","type":"product","link":"http:\/\/s350233878.onlinehome.fr\/index.php\/produit\/vachette-barre-de-chaufferie-ecobar-921cp-pour-cylindre-europeen-reversible\/","title":{"rendered":"VACHETTE &#8211; Barre de chaufferie ECOBAR 921CP pour cylindre europ\u00e9en &#8211; r\u00e9versible"},"content":{"rendered":"","protected":false},"excerpt":{"rendered":"<p>Ecobar 1 point lat\u00e9ral pour demi-cylindre (non fourni) avec plaque de fixation largeur 700 mm.<br \/>\nR\u00e9versible.<\/p>\n<div class=\"attribute product sku\"><span class=\"type\">R\u00e9f. PRO :<\/span>\u00a0<span class=\"value\" data-bind=\"text: selectedArticleSku\">16575178<\/span><\/div>\n<div class=\"attribute product ref\"><span class=\"type\">R\u00e9f. fab :<\/span>\u00a0<span class=\"value\" data-bind=\"text: getReferenceCode()\">921CP &#8211;<\/span><\/div>\n","protected":false},"featured_media":3845,"template":"","meta":[],"product_cat":[592,16],"product_tag":[601,576,602,580],"class_list":{"0":"post-3844","1":"product","2":"type-product","3":"status-publish","4":"has-post-thumbnail","6":"product_cat-serrures-barres-antipaniques-et-accessoires","7":"product_cat-quincaillerie","8":"product_tag-barre-de-chaufferie","9":"product_tag-cylindre-europeen","10":"product_tag-ecobar-921cp","11":"product_tag-reversible","13":"first","14":"instock","15":"taxable","16":"shipping-taxable","17":"purchasable","18":"product-type-simple"},"_links":{"self":[{"href":"http:\/\/s350233878.onlinehome.fr\/index.php\/wp-json\/wp\/v2\/product\/3844","targetHints":{"allow":["GET"]}}],"collection":[{"href":"http:\/\/s350233878.onlinehome.fr\/index.php\/wp-json\/wp\/v2\/product"}],"about":[{"href":"http:\/\/s350233878.onlinehome.fr\/index.php\/wp-json\/wp\/v2\/types\/product"}],"wp:featuredmedia":[{"embeddable":true,"href":"http:\/\/s350233878.onlinehome.fr\/index.php\/wp-json\/wp\/v2\/media\/3845"}],"wp:attachment":[{"href":"http:\/\/s350233878.onlinehome.fr\/index.php\/wp-json\/wp\/v2\/media?parent=3844"}],"wp:term":[{"taxonomy":"product_cat","embeddable":true,"href":"http:\/\/s350233878.onlinehome.fr\/index.php\/wp-json\/wp\/v2\/product_cat?post=3844"},{"taxonomy":"product_tag","embeddable":true,"href":"http:\/\/s350233878.onlinehome.fr\/index.php\/wp-json\/wp\/v2\/product_tag?post=3844"}],"curies":[{"name":"wp","href":"https:\/\/api.w.org\/{rel}","templated":true}]}}