{"id":3838,"date":"2023-12-11T11:29:46","date_gmt":"2023-12-11T10:29:46","guid":{"rendered":"https:\/\/vtbati.fr\/vtbati\/?post_type=product&#038;p=3838"},"modified":"2023-12-11T11:29:48","modified_gmt":"2023-12-11T10:29:48","slug":"jpm-barre-antipanique-antipanique-push-90-en-applique","status":"publish","type":"product","link":"http:\/\/s350233878.onlinehome.fr\/index.php\/produit\/jpm-barre-antipanique-antipanique-push-90-en-applique\/","title":{"rendered":"JPM &#8211; Barre antipanique ANTIPANIQUE PUSH 90+ en applique"},"content":{"rendered":"","protected":false},"excerpt":{"rendered":"<p>\u2022 Apte \u00e0 \u00e9quiper une porte coupe-feu<br \/>\n\u2022 Version : 1 point lat\u00e9ral<br \/>\n\u2022 Compatible avec le module ext\u00e9rieur Pushbar 90+ EN3000, en b\u00e9quille ou bouton<br \/>\n\u2022 Endurance: certification \u00e0 500000 de cycles<br \/>\n\u2022 Tr\u00e8s haute r\u00e9sistance anticorrosion : 240HBS<br \/>\n\u2022 Fonction antibruit \u00e0 la man\u0153uvre et \u00e0 la refermeture<br \/>\n\u2022 R\u00e9sistance anti-effraction et anti-crochetage depuis l&rsquo;ext\u00e9rieur (Dispositif anti-r\u00e9tractation des p\u00eanes haut et bas sur les mod\u00e8les multipoints)<br \/>\n\u2022\u00a0<strong>Fermeture anti-panique r\u00e9versible sans intervention sur le produit<\/strong><br \/>\n\u2022 Tr\u00e8s Faible projection: encombrement de 59 mm<br \/>\n\u2022Longueur de barre standard 836 mm<br \/>\n\u2022 Barre recoupable sur site : jusqu&rsquo;\u00e0 660 mm<br \/>\n\u2022 Pour porte standard de 2 300 mm de haut<br \/>\n\u2022 Pour porte grande hauteur jusqu&rsquo;\u00e03200 mm de haut (kit \u00e0 acheter s\u00e9par\u00e9ment)<\/p>\n<div class=\"attribute product code-p\"><span class=\"type\">Code P :<\/span>\u00a0<span class=\"value\">P790DV4<\/span><\/div>\n<div class=\"attribute product sku\"><span class=\"type\">R\u00e9f. PRO :<\/span>\u00a0<span class=\"value\" data-bind=\"text: selectedArticleSku\">37129232<\/span><\/div>\n<div class=\"attribute product ref\"><span class=\"type\">R\u00e9f. fab :<\/span>\u00a0<span class=\"value\" data-bind=\"text: getReferenceCode()\">PJ1000-08-0A<\/span><\/div>\n","protected":false},"featured_media":3839,"template":"","meta":[],"product_cat":[592,16],"product_tag":[599,598,600],"class_list":{"0":"post-3838","1":"product","2":"type-product","3":"status-publish","4":"has-post-thumbnail","6":"product_cat-serrures-barres-antipaniques-et-accessoires","7":"product_cat-quincaillerie","8":"product_tag-antipanique-push-90","9":"product_tag-barre-antipanique","10":"product_tag-en-applique","12":"first","13":"instock","14":"taxable","15":"shipping-taxable","16":"purchasable","17":"product-type-simple"},"_links":{"self":[{"href":"http:\/\/s350233878.onlinehome.fr\/index.php\/wp-json\/wp\/v2\/product\/3838","targetHints":{"allow":["GET"]}}],"collection":[{"href":"http:\/\/s350233878.onlinehome.fr\/index.php\/wp-json\/wp\/v2\/product"}],"about":[{"href":"http:\/\/s350233878.onlinehome.fr\/index.php\/wp-json\/wp\/v2\/types\/product"}],"wp:featuredmedia":[{"embeddable":true,"href":"http:\/\/s350233878.onlinehome.fr\/index.php\/wp-json\/wp\/v2\/media\/3839"}],"wp:attachment":[{"href":"http:\/\/s350233878.onlinehome.fr\/index.php\/wp-json\/wp\/v2\/media?parent=3838"}],"wp:term":[{"taxonomy":"product_cat","embeddable":true,"href":"http:\/\/s350233878.onlinehome.fr\/index.php\/wp-json\/wp\/v2\/product_cat?post=3838"},{"taxonomy":"product_tag","embeddable":true,"href":"http:\/\/s350233878.onlinehome.fr\/index.php\/wp-json\/wp\/v2\/product_tag?post=3838"}],"curies":[{"name":"wp","href":"https:\/\/api.w.org\/{rel}","templated":true}]}}