{"id":3814,"date":"2023-12-11T10:57:17","date_gmt":"2023-12-11T09:57:17","guid":{"rendered":"https:\/\/vtbati.fr\/vtbati\/?post_type=product&#038;p=3814"},"modified":"2023-12-11T10:57:18","modified_gmt":"2023-12-11T09:57:18","slug":"torbel20industrie-verrou-baionnette-acier","status":"publish","type":"product","link":"http:\/\/s350233878.onlinehome.fr\/index.php\/produit\/torbel20industrie-verrou-baionnette-acier\/","title":{"rendered":"TORBEL20INDUSTRIE &#8211;  Verrou ba\u00efonnette acier"},"content":{"rendered":"","protected":false},"excerpt":{"rendered":"<p>Livr\u00e9 sans g\u00e2che.<\/p>\n<div class=\"attribute product code-p\"><span class=\"type\">Code P :<\/span>\u00a0<span class=\"value\">P7906XK<\/span><\/div>\n<div class=\"attribute product sku\"><span class=\"type\">R\u00e9f.PRO:<\/span>\u00a0<span class=\"value\" data-bind=\"text: selectedArticleSku\">30138988<\/span><\/div>\n<div class=\"attribute product ref\"><span class=\"type\">R\u00e9f. fab :<\/span>\u00a0<span class=\"value\" data-bind=\"text: getReferenceCode()\">9516523<\/span><\/div>\n<p>&nbsp;<\/p>\n","protected":false},"featured_media":3815,"template":"","meta":[],"product_cat":[557,564,16],"product_tag":[527,587],"class_list":{"0":"post-3814","1":"product","2":"type-product","3":"status-publish","4":"has-post-thumbnail","6":"product_cat-serrures-et-cylindres-de-batiment","7":"product_cat-verrous-de-surete","8":"product_cat-quincaillerie","9":"product_tag-acier","10":"product_tag-verrou-baionnette","12":"first","13":"instock","14":"taxable","15":"shipping-taxable","16":"purchasable","17":"product-type-simple"},"_links":{"self":[{"href":"http:\/\/s350233878.onlinehome.fr\/index.php\/wp-json\/wp\/v2\/product\/3814","targetHints":{"allow":["GET"]}}],"collection":[{"href":"http:\/\/s350233878.onlinehome.fr\/index.php\/wp-json\/wp\/v2\/product"}],"about":[{"href":"http:\/\/s350233878.onlinehome.fr\/index.php\/wp-json\/wp\/v2\/types\/product"}],"wp:featuredmedia":[{"embeddable":true,"href":"http:\/\/s350233878.onlinehome.fr\/index.php\/wp-json\/wp\/v2\/media\/3815"}],"wp:attachment":[{"href":"http:\/\/s350233878.onlinehome.fr\/index.php\/wp-json\/wp\/v2\/media?parent=3814"}],"wp:term":[{"taxonomy":"product_cat","embeddable":true,"href":"http:\/\/s350233878.onlinehome.fr\/index.php\/wp-json\/wp\/v2\/product_cat?post=3814"},{"taxonomy":"product_tag","embeddable":true,"href":"http:\/\/s350233878.onlinehome.fr\/index.php\/wp-json\/wp\/v2\/product_tag?post=3814"}],"curies":[{"name":"wp","href":"https:\/\/api.w.org\/{rel}","templated":true}]}}