{"id":3810,"date":"2023-12-11T10:38:44","date_gmt":"2023-12-11T09:38:44","guid":{"rendered":"https:\/\/vtbati.fr\/vtbati\/?post_type=product&#038;p=3810"},"modified":"2023-12-11T10:38:46","modified_gmt":"2023-12-11T09:38:46","slug":"mantion-verrou-de-box-1316b-acier-fonte-16-mm-cataphorese-noir-zingue","status":"publish","type":"product","link":"http:\/\/s350233878.onlinehome.fr\/index.php\/produit\/mantion-verrou-de-box-1316b-acier-fonte-16-mm-cataphorese-noir-zingue\/","title":{"rendered":"MANTION &#8211; Verrou de box 1316B acier; fonte &#8211; 16 mm &#8211; cataphor\u00e8se noir, zingu\u00e9"},"content":{"rendered":"","protected":false},"excerpt":{"rendered":"<p>Avec porte-cadenas, bo\u00eete fonte.<br \/>\nP\u00eane \u00a0\u00d8 16 mm.<br \/>\nGache fournie<\/p>\n<div class=\"attribute product sku\"><span class=\"type\">R\u00e9f. PRO :<\/span>\u00a0<span class=\"value\" data-bind=\"text: selectedArticleSku\">17392514<\/span><\/div>\n<div class=\"attribute product ref\"><span class=\"type\">R\u00e9f. fab :<\/span>\u00a0<span class=\"value\" data-bind=\"text: getReferenceCode()\">1316B<\/span><\/div>\n","protected":false},"featured_media":3811,"template":"","meta":[],"product_cat":[557,564,16],"product_tag":[582,584,527,585,583,581,586],"class_list":{"0":"post-3810","1":"product","2":"type-product","3":"status-publish","4":"has-post-thumbnail","6":"product_cat-serrures-et-cylindres-de-batiment","7":"product_cat-verrous-de-surete","8":"product_cat-quincaillerie","9":"product_tag-1316b","10":"product_tag-16-mm","11":"product_tag-acier","12":"product_tag-cataphorese-noir","13":"product_tag-fonte","14":"product_tag-verrou-de-box","15":"product_tag-zingue","17":"first","18":"instock","19":"taxable","20":"shipping-taxable","21":"purchasable","22":"product-type-simple"},"_links":{"self":[{"href":"http:\/\/s350233878.onlinehome.fr\/index.php\/wp-json\/wp\/v2\/product\/3810","targetHints":{"allow":["GET"]}}],"collection":[{"href":"http:\/\/s350233878.onlinehome.fr\/index.php\/wp-json\/wp\/v2\/product"}],"about":[{"href":"http:\/\/s350233878.onlinehome.fr\/index.php\/wp-json\/wp\/v2\/types\/product"}],"wp:featuredmedia":[{"embeddable":true,"href":"http:\/\/s350233878.onlinehome.fr\/index.php\/wp-json\/wp\/v2\/media\/3811"}],"wp:attachment":[{"href":"http:\/\/s350233878.onlinehome.fr\/index.php\/wp-json\/wp\/v2\/media?parent=3810"}],"wp:term":[{"taxonomy":"product_cat","embeddable":true,"href":"http:\/\/s350233878.onlinehome.fr\/index.php\/wp-json\/wp\/v2\/product_cat?post=3810"},{"taxonomy":"product_tag","embeddable":true,"href":"http:\/\/s350233878.onlinehome.fr\/index.php\/wp-json\/wp\/v2\/product_tag?post=3810"}],"curies":[{"name":"wp","href":"https:\/\/api.w.org\/{rel}","templated":true}]}}