{"id":3806,"date":"2023-12-11T10:22:18","date_gmt":"2023-12-11T09:22:18","guid":{"rendered":"https:\/\/vtbati.fr\/vtbati\/?post_type=product&#038;p=3806"},"modified":"2023-12-11T10:22:19","modified_gmt":"2023-12-11T09:22:19","slug":"iseo-paire-de-verrous-de-surete-city25-et-cylindre-europeen-le-tout-sentrouvrant-45-mm-bronze-reversible","status":"publish","type":"product","link":"http:\/\/s350233878.onlinehome.fr\/index.php\/produit\/iseo-paire-de-verrous-de-surete-city25-et-cylindre-europeen-le-tout-sentrouvrant-45-mm-bronze-reversible\/","title":{"rendered":"ISEO &#8211; Paire de verrous de suret\u00e9 CITY25 et cylindre europ\u00e9en le tout s&rsquo;entrouvrant- 45 mm &#8211; bronze &#8211; r\u00e9versible"},"content":{"rendered":"","protected":false},"excerpt":{"rendered":"<p><strong>Ces 3 articles sont s\u2019entrouvant.<\/strong><\/p>\n<p>Verrous \u00e0 bouton avec cylindre de 45 mm.<br \/>\nCylindre profil europ\u00e9en de 60 mm.<\/p>\n<div class=\"attribute product sku\"><span class=\"type\">R\u00e9f. PRO :<\/span>\u00a0<span class=\"value\" data-bind=\"text: selectedArticleSku\">22886290<\/span><\/div>\n<div class=\"attribute product ref\"><span class=\"type\">R\u00e9f. fab :<\/span>\u00a0<span class=\"value\" data-bind=\"text: getReferenceCode()\">70020452<\/span><\/div>\n","protected":false},"featured_media":3807,"template":"","meta":[],"product_cat":[557,564,16],"product_tag":[578,579,575,576,577,580,574],"class_list":{"0":"post-3806","1":"product","2":"type-product","3":"status-publish","4":"has-post-thumbnail","6":"product_cat-serrures-et-cylindres-de-batiment","7":"product_cat-verrous-de-surete","8":"product_cat-quincaillerie","9":"product_tag-45-mm","10":"product_tag-bronze","11":"product_tag-city25","12":"product_tag-cylindre-europeen","13":"product_tag-le-tout-sentrouvrant","14":"product_tag-reversible","15":"product_tag-verrous-de-surete","17":"first","18":"instock","19":"taxable","20":"shipping-taxable","21":"purchasable","22":"product-type-simple"},"_links":{"self":[{"href":"http:\/\/s350233878.onlinehome.fr\/index.php\/wp-json\/wp\/v2\/product\/3806","targetHints":{"allow":["GET"]}}],"collection":[{"href":"http:\/\/s350233878.onlinehome.fr\/index.php\/wp-json\/wp\/v2\/product"}],"about":[{"href":"http:\/\/s350233878.onlinehome.fr\/index.php\/wp-json\/wp\/v2\/types\/product"}],"wp:featuredmedia":[{"embeddable":true,"href":"http:\/\/s350233878.onlinehome.fr\/index.php\/wp-json\/wp\/v2\/media\/3807"}],"wp:attachment":[{"href":"http:\/\/s350233878.onlinehome.fr\/index.php\/wp-json\/wp\/v2\/media?parent=3806"}],"wp:term":[{"taxonomy":"product_cat","embeddable":true,"href":"http:\/\/s350233878.onlinehome.fr\/index.php\/wp-json\/wp\/v2\/product_cat?post=3806"},{"taxonomy":"product_tag","embeddable":true,"href":"http:\/\/s350233878.onlinehome.fr\/index.php\/wp-json\/wp\/v2\/product_tag?post=3806"}],"curies":[{"name":"wp","href":"https:\/\/api.w.org\/{rel}","templated":true}]}}