{"id":3801,"date":"2023-12-11T10:15:20","date_gmt":"2023-12-11T09:15:20","guid":{"rendered":"https:\/\/vtbati.fr\/vtbati\/?post_type=product&#038;p=3801"},"modified":"2023-12-11T10:15:22","modified_gmt":"2023-12-11T09:15:22","slug":"ferco-gache-pour-serrure-a-larder-pour-menuiserie-bois-g-22893-00-multipoint-2","status":"publish","type":"product","link":"http:\/\/s350233878.onlinehome.fr\/index.php\/produit\/ferco-gache-pour-serrure-a-larder-pour-menuiserie-bois-g-22893-00-multipoint-2\/","title":{"rendered":"FERCO &#8211; G\u00e2che pour serrure \u00e0 larder pour menuiserie bois G-22893-00 multipoint"},"content":{"rendered":"","protected":false},"excerpt":{"rendered":"<p><strong>G\u00e2che centrale \u00e0 toupiller pour cr\u00e9mones-serrures GU FERCOMATIC R2 ou R4, GU FERCOMATIC SR\/R, GU FERCOMATIC SH\/R.<\/strong><br \/>\n189 x 16 x 15,5 mm.<br \/>\nEntaillage par fraise 330.<\/p>\n<div class=\"attribute product code-p\"><span class=\"type\">Code P :<\/span>\u00a0<span class=\"value\">P790AR7<\/span><\/div>\n<div class=\"attribute product sku\"><span class=\"type\">R\u00e9f. PRO :<\/span>\u00a0<span class=\"value\" data-bind=\"text: selectedArticleSku\">37255556<\/span><\/div>\n<div class=\"attribute product ref\"><span class=\"type\">R\u00e9f. fab :<\/span>\u00a0<span class=\"value\" data-bind=\"text: getReferenceCode()\">G-22893-00-R-1<\/span><\/div>\n","protected":false},"featured_media":3802,"template":"","meta":[],"product_cat":[563,557,16],"product_tag":[573,565,566,571,568],"class_list":{"0":"post-3801","1":"product","2":"type-product","3":"status-publish","4":"has-post-thumbnail","6":"product_cat-gaches-de-serrures","7":"product_cat-serrures-et-cylindres-de-batiment","8":"product_cat-quincaillerie","9":"product_tag-g-22893-00","10":"product_tag-gache","11":"product_tag-menuiserie-bois","12":"product_tag-multipoint","13":"product_tag-serrure-a-larder","15":"first","16":"instock","17":"taxable","18":"shipping-taxable","19":"purchasable","20":"product-type-simple"},"_links":{"self":[{"href":"http:\/\/s350233878.onlinehome.fr\/index.php\/wp-json\/wp\/v2\/product\/3801","targetHints":{"allow":["GET"]}}],"collection":[{"href":"http:\/\/s350233878.onlinehome.fr\/index.php\/wp-json\/wp\/v2\/product"}],"about":[{"href":"http:\/\/s350233878.onlinehome.fr\/index.php\/wp-json\/wp\/v2\/types\/product"}],"wp:featuredmedia":[{"embeddable":true,"href":"http:\/\/s350233878.onlinehome.fr\/index.php\/wp-json\/wp\/v2\/media\/3802"}],"wp:attachment":[{"href":"http:\/\/s350233878.onlinehome.fr\/index.php\/wp-json\/wp\/v2\/media?parent=3801"}],"wp:term":[{"taxonomy":"product_cat","embeddable":true,"href":"http:\/\/s350233878.onlinehome.fr\/index.php\/wp-json\/wp\/v2\/product_cat?post=3801"},{"taxonomy":"product_tag","embeddable":true,"href":"http:\/\/s350233878.onlinehome.fr\/index.php\/wp-json\/wp\/v2\/product_tag?post=3801"}],"curies":[{"name":"wp","href":"https:\/\/api.w.org\/{rel}","templated":true}]}}