{"id":3795,"date":"2023-12-11T09:52:28","date_gmt":"2023-12-11T08:52:28","guid":{"rendered":"https:\/\/vtbati.fr\/vtbati\/?post_type=product&#038;p=3795"},"modified":"2023-12-11T10:00:19","modified_gmt":"2023-12-11T09:00:19","slug":"ferco-gache-pour-serrure-a-larder-pour-menuiserie-bois-g-22893-00-multipoint","status":"publish","type":"product","link":"http:\/\/s350233878.onlinehome.fr\/index.php\/produit\/ferco-gache-pour-serrure-a-larder-pour-menuiserie-bois-g-22893-00-multipoint\/","title":{"rendered":"FERCO &#8211; G\u00e2che pour serrure \u00e0 larder pour menuiserie bois G-22893-00 multipoint"},"content":{"rendered":"","protected":false},"excerpt":{"rendered":"<p><strong>G\u00e2che centrale \u00e0 toupiller pour cr\u00e9mones-serrures GU FERCOMATIC R2 ou R4, GU FERCOMATIC SR\/R, GU FERCOMATIC SH\/R.<\/strong><br \/>\n189 x 16 x 15,5 mm.<br \/>\nEntaillage par fraise 330.<\/p>\n<div class=\"attribute product code-p\"><span class=\"type\">Code P :<\/span>\u00a0<span class=\"value\">P790AR7<\/span><\/div>\n<div class=\"attribute product sku\"><span class=\"type\">R\u00e9f. PRO:<\/span>\u00a0<span class=\"value\" data-bind=\"text: selectedArticleSku\">37255556<\/span><\/div>\n<div class=\"attribute product ref\"><span class=\"type\">R\u00e9f. fab :<\/span>\u00a0<span class=\"value\" data-bind=\"text: getReferenceCode()\">G-22893-00-R-1<\/span><\/div>\n","protected":false},"featured_media":3798,"template":"","meta":[],"product_cat":[563,557,16],"product_tag":[],"class_list":{"0":"post-3795","1":"product","2":"type-product","3":"status-publish","4":"has-post-thumbnail","6":"product_cat-gaches-de-serrures","7":"product_cat-serrures-et-cylindres-de-batiment","8":"product_cat-quincaillerie","10":"first","11":"instock","12":"taxable","13":"shipping-taxable","14":"purchasable","15":"product-type-simple"},"_links":{"self":[{"href":"http:\/\/s350233878.onlinehome.fr\/index.php\/wp-json\/wp\/v2\/product\/3795","targetHints":{"allow":["GET"]}}],"collection":[{"href":"http:\/\/s350233878.onlinehome.fr\/index.php\/wp-json\/wp\/v2\/product"}],"about":[{"href":"http:\/\/s350233878.onlinehome.fr\/index.php\/wp-json\/wp\/v2\/types\/product"}],"wp:featuredmedia":[{"embeddable":true,"href":"http:\/\/s350233878.onlinehome.fr\/index.php\/wp-json\/wp\/v2\/media\/3798"}],"wp:attachment":[{"href":"http:\/\/s350233878.onlinehome.fr\/index.php\/wp-json\/wp\/v2\/media?parent=3795"}],"wp:term":[{"taxonomy":"product_cat","embeddable":true,"href":"http:\/\/s350233878.onlinehome.fr\/index.php\/wp-json\/wp\/v2\/product_cat?post=3795"},{"taxonomy":"product_tag","embeddable":true,"href":"http:\/\/s350233878.onlinehome.fr\/index.php\/wp-json\/wp\/v2\/product_tag?post=3795"}],"curies":[{"name":"wp","href":"https:\/\/api.w.org\/{rel}","templated":true}]}}