{"id":3785,"date":"2023-12-11T09:41:56","date_gmt":"2023-12-11T08:41:56","guid":{"rendered":"https:\/\/vtbati.fr\/vtbati\/?post_type=product&#038;p=3785"},"modified":"2023-12-11T09:41:59","modified_gmt":"2023-12-11T08:41:59","slug":"ferco-gache-pour-serrure-a-larder-pour-menuiserie-bois-g-22898-00-multipoint","status":"publish","type":"product","link":"http:\/\/s350233878.onlinehome.fr\/index.php\/produit\/ferco-gache-pour-serrure-a-larder-pour-menuiserie-bois-g-22898-00-multipoint\/","title":{"rendered":"FERCO &#8211; G\u00e2che pour serrure \u00e0 larder pour menuiserie bois G-22898-00 multipoint"},"content":{"rendered":"","protected":false},"excerpt":{"rendered":"<p>G\u00e2che centrale \u00e0 d\u00e9fonder pour cr\u00e9mones automatiques GU Fercomatic.<br \/>\nDimensions : 190 x 17 x 8,5 mm.<br \/>\nFeuillure dormant : 18 x 8 mm.<\/p>\n<div class=\"attribute product code-p\"><span class=\"type\">Code P :<\/span>\u00a0<span class=\"value\">P790ART<\/span><\/div>\n<div class=\"attribute product sku\"><span class=\"type\">R\u00e9f. PRO :<\/span>\u00a0<span class=\"value\" data-bind=\"text: selectedArticleSku\">37255505<\/span><\/div>\n<div class=\"attribute product ref\"><span class=\"type\">R\u00e9f. fab :<\/span>\u00a0<span class=\"value\" data-bind=\"text: getReferenceCode()\">G-22898-00-R-1<\/span><\/div>\n<p>&nbsp;<\/p>\n","protected":false},"featured_media":3788,"template":"","meta":[],"product_cat":[563,557,16],"product_tag":[570,565,569,566,571],"class_list":{"0":"post-3785","1":"product","2":"type-product","3":"status-publish","4":"has-post-thumbnail","6":"product_cat-gaches-de-serrures","7":"product_cat-serrures-et-cylindres-de-batiment","8":"product_cat-quincaillerie","9":"product_tag-g-22898-00","10":"product_tag-gache","11":"product_tag-gache-pour-serrure","12":"product_tag-menuiserie-bois","13":"product_tag-multipoint","15":"first","16":"instock","17":"taxable","18":"shipping-taxable","19":"purchasable","20":"product-type-simple"},"_links":{"self":[{"href":"http:\/\/s350233878.onlinehome.fr\/index.php\/wp-json\/wp\/v2\/product\/3785","targetHints":{"allow":["GET"]}}],"collection":[{"href":"http:\/\/s350233878.onlinehome.fr\/index.php\/wp-json\/wp\/v2\/product"}],"about":[{"href":"http:\/\/s350233878.onlinehome.fr\/index.php\/wp-json\/wp\/v2\/types\/product"}],"wp:featuredmedia":[{"embeddable":true,"href":"http:\/\/s350233878.onlinehome.fr\/index.php\/wp-json\/wp\/v2\/media\/3788"}],"wp:attachment":[{"href":"http:\/\/s350233878.onlinehome.fr\/index.php\/wp-json\/wp\/v2\/media?parent=3785"}],"wp:term":[{"taxonomy":"product_cat","embeddable":true,"href":"http:\/\/s350233878.onlinehome.fr\/index.php\/wp-json\/wp\/v2\/product_cat?post=3785"},{"taxonomy":"product_tag","embeddable":true,"href":"http:\/\/s350233878.onlinehome.fr\/index.php\/wp-json\/wp\/v2\/product_tag?post=3785"}],"curies":[{"name":"wp","href":"https:\/\/api.w.org\/{rel}","templated":true}]}}