{"id":3774,"date":"2023-12-07T16:46:23","date_gmt":"2023-12-07T15:46:23","guid":{"rendered":"https:\/\/vtbati.fr\/vtbati\/?post_type=product&#038;p=3774"},"modified":"2023-12-11T09:30:26","modified_gmt":"2023-12-11T08:30:26","slug":"xhander-serrure-en-applique-horizontale-a-fouillot-a-cylindre-europeen","status":"publish","type":"product","link":"http:\/\/s350233878.onlinehome.fr\/index.php\/produit\/xhander-serrure-en-applique-horizontale-a-fouillot-a-cylindre-europeen\/","title":{"rendered":"XHANDER &#8211; Serrure en applique horizontale \u00e0 fouillot \u00e0 cylindre europ\u00e9en"},"content":{"rendered":"","protected":false},"excerpt":{"rendered":"<p>Coffre et g\u00e2che acier cambr\u00e9 \u00e9poxy noir.<br \/>\nP\u00eane et demi-tour acier zingu\u00e9.<br \/>\nM\u00e9canisme \u00e0 2 tours.<br \/>\nRappel du demi-tour par la cl\u00e9.<\/p>\n<p>&nbsp;<\/p>\n<p>A \u00e9quiper d\u2019un cylindre profil\u00e9 europ\u00e9en 30 x 60 mm pour porte d\u2019\u00e9paisseur 45 mm.<\/p>\n<div class=\"attribute product code-p\"><span class=\"type\">Code P :<\/span>\u00a0<span class=\"value\">P790EDZ<\/span><\/div>\n<div class=\"attribute product sku\"><span class=\"type\">R\u00e9f. PRO :<\/span>\u00a0<span class=\"value\" data-bind=\"text: selectedArticleSku\">59034391<\/span><\/div>\n<div class=\"attribute product ref\"><span class=\"type\">R\u00e9f. fab:<\/span>\u00a0<span class=\"value\" data-bind=\"text: getReferenceCode()\">087129<\/span><\/div>\n","protected":false},"featured_media":3775,"template":"","meta":[],"product_cat":[562,557,16],"product_tag":[],"class_list":{"0":"post-3774","1":"product","2":"type-product","3":"status-publish","4":"has-post-thumbnail","6":"product_cat-serrures","7":"product_cat-serrures-et-cylindres-de-batiment","8":"product_cat-quincaillerie","10":"first","11":"instock","12":"taxable","13":"shipping-taxable","14":"purchasable","15":"product-type-simple"},"_links":{"self":[{"href":"http:\/\/s350233878.onlinehome.fr\/index.php\/wp-json\/wp\/v2\/product\/3774","targetHints":{"allow":["GET"]}}],"collection":[{"href":"http:\/\/s350233878.onlinehome.fr\/index.php\/wp-json\/wp\/v2\/product"}],"about":[{"href":"http:\/\/s350233878.onlinehome.fr\/index.php\/wp-json\/wp\/v2\/types\/product"}],"wp:featuredmedia":[{"embeddable":true,"href":"http:\/\/s350233878.onlinehome.fr\/index.php\/wp-json\/wp\/v2\/media\/3775"}],"wp:attachment":[{"href":"http:\/\/s350233878.onlinehome.fr\/index.php\/wp-json\/wp\/v2\/media?parent=3774"}],"wp:term":[{"taxonomy":"product_cat","embeddable":true,"href":"http:\/\/s350233878.onlinehome.fr\/index.php\/wp-json\/wp\/v2\/product_cat?post=3774"},{"taxonomy":"product_tag","embeddable":true,"href":"http:\/\/s350233878.onlinehome.fr\/index.php\/wp-json\/wp\/v2\/product_tag?post=3774"}],"curies":[{"name":"wp","href":"https:\/\/api.w.org\/{rel}","templated":true}]}}