{"id":3768,"date":"2023-12-07T16:41:20","date_gmt":"2023-12-07T15:41:20","guid":{"rendered":"https:\/\/vtbati.fr\/vtbati\/?post_type=product&#038;p=3768"},"modified":"2023-12-11T09:30:55","modified_gmt":"2023-12-11T08:30:55","slug":"vachette-serrure-en-applique-monopoint-acier-a-cylindre-europeen-7216m","status":"publish","type":"product","link":"http:\/\/s350233878.onlinehome.fr\/index.php\/produit\/vachette-serrure-en-applique-monopoint-acier-a-cylindre-europeen-7216m\/","title":{"rendered":"VACHETTE &#8211; Serrure en applique monopoint acier \u00e0 cylindre europ\u00e9en 7216M"},"content":{"rendered":"","protected":false},"excerpt":{"rendered":"<p>Coffre de s\u00fbret\u00e9 vertical \u00e0 tirage en acier verni pour cylindre profil europ\u00e9en.<br \/>\nAxe de 45 mm sous t\u00eati\u00e8re<\/p>\n<p>Cylindre \u00e0 commander s\u00e9par\u00e9ment.<\/p>\n<div class=\"attribute product code-p\"><span class=\"type\">Code P :<\/span>\u00a0<span class=\"value\">P7900Y8<\/span><\/div>\n<div class=\"attribute product sku\"><span class=\"type\">R\u00e9f. PRO :<\/span>\u00a0<span class=\"value\" data-bind=\"text: selectedArticleSku\">16572985<\/span><\/div>\n<div class=\"attribute product ref\"><span class=\"type\">R\u00e9f. fab :<\/span>\u00a0<span class=\"value\" data-bind=\"text: getReferenceCode()\">7216 &#8211; MD<\/span><\/div>\n","protected":false},"featured_media":3771,"template":"","meta":[],"product_cat":[562,557,16],"product_tag":[],"class_list":{"0":"post-3768","1":"product","2":"type-product","3":"status-publish","4":"has-post-thumbnail","6":"product_cat-serrures","7":"product_cat-serrures-et-cylindres-de-batiment","8":"product_cat-quincaillerie","10":"first","11":"instock","12":"taxable","13":"shipping-taxable","14":"purchasable","15":"product-type-simple"},"_links":{"self":[{"href":"http:\/\/s350233878.onlinehome.fr\/index.php\/wp-json\/wp\/v2\/product\/3768","targetHints":{"allow":["GET"]}}],"collection":[{"href":"http:\/\/s350233878.onlinehome.fr\/index.php\/wp-json\/wp\/v2\/product"}],"about":[{"href":"http:\/\/s350233878.onlinehome.fr\/index.php\/wp-json\/wp\/v2\/types\/product"}],"wp:featuredmedia":[{"embeddable":true,"href":"http:\/\/s350233878.onlinehome.fr\/index.php\/wp-json\/wp\/v2\/media\/3771"}],"wp:attachment":[{"href":"http:\/\/s350233878.onlinehome.fr\/index.php\/wp-json\/wp\/v2\/media?parent=3768"}],"wp:term":[{"taxonomy":"product_cat","embeddable":true,"href":"http:\/\/s350233878.onlinehome.fr\/index.php\/wp-json\/wp\/v2\/product_cat?post=3768"},{"taxonomy":"product_tag","embeddable":true,"href":"http:\/\/s350233878.onlinehome.fr\/index.php\/wp-json\/wp\/v2\/product_tag?post=3768"}],"curies":[{"name":"wp","href":"https:\/\/api.w.org\/{rel}","templated":true}]}}