{"id":3763,"date":"2023-12-07T15:51:26","date_gmt":"2023-12-07T14:51:26","guid":{"rendered":"https:\/\/vtbati.fr\/vtbati\/?post_type=product&#038;p=3763"},"modified":"2023-12-11T09:31:16","modified_gmt":"2023-12-11T08:31:16","slug":"vachette-serrure-en-applique-horizontale-a-crochet-a-cylindre-europeen-7411","status":"publish","type":"product","link":"http:\/\/s350233878.onlinehome.fr\/index.php\/produit\/vachette-serrure-en-applique-horizontale-a-crochet-a-cylindre-europeen-7411\/","title":{"rendered":"VACHETTE &#8211; Serrure en applique horizontale \u00e0 crochet \u00e0 cylindre europ\u00e9en 7411"},"content":{"rendered":"","protected":false},"excerpt":{"rendered":"<p>Coffre hauteur 90 mm, longueur 140 mm<br \/>\nPour cylindre profil europ\u00e9en.<br \/>\nCylindre \u00e0 commander s\u00e9par\u00e9ment.<\/p>\n<div class=\"attribute product code-p\"><span class=\"type\">Code P :<\/span>\u00a0<span class=\"value\">P7900YM<\/span><\/div>\n<div class=\"attribute product sku\"><span class=\"type\">R\u00e9f. PRO :<\/span>\u00a0<span class=\"value\" data-bind=\"text: selectedArticleSku\">16573345<\/span><\/div>\n<div class=\"attribute product ref\"><span class=\"type\">R\u00e9f. fab :<\/span>\u00a0<span class=\"value\" data-bind=\"text: getReferenceCode()\">7411 &#8211; MD<\/span><\/div>\n","protected":false},"featured_media":3764,"template":"","meta":[],"product_cat":[562,557,16],"product_tag":[],"class_list":{"0":"post-3763","1":"product","2":"type-product","3":"status-publish","4":"has-post-thumbnail","6":"product_cat-serrures","7":"product_cat-serrures-et-cylindres-de-batiment","8":"product_cat-quincaillerie","10":"first","11":"instock","12":"taxable","13":"shipping-taxable","14":"purchasable","15":"product-type-simple"},"_links":{"self":[{"href":"http:\/\/s350233878.onlinehome.fr\/index.php\/wp-json\/wp\/v2\/product\/3763","targetHints":{"allow":["GET"]}}],"collection":[{"href":"http:\/\/s350233878.onlinehome.fr\/index.php\/wp-json\/wp\/v2\/product"}],"about":[{"href":"http:\/\/s350233878.onlinehome.fr\/index.php\/wp-json\/wp\/v2\/types\/product"}],"wp:featuredmedia":[{"embeddable":true,"href":"http:\/\/s350233878.onlinehome.fr\/index.php\/wp-json\/wp\/v2\/media\/3764"}],"wp:attachment":[{"href":"http:\/\/s350233878.onlinehome.fr\/index.php\/wp-json\/wp\/v2\/media?parent=3763"}],"wp:term":[{"taxonomy":"product_cat","embeddable":true,"href":"http:\/\/s350233878.onlinehome.fr\/index.php\/wp-json\/wp\/v2\/product_cat?post=3763"},{"taxonomy":"product_tag","embeddable":true,"href":"http:\/\/s350233878.onlinehome.fr\/index.php\/wp-json\/wp\/v2\/product_tag?post=3763"}],"curies":[{"name":"wp","href":"https:\/\/api.w.org\/{rel}","templated":true}]}}