{"id":3757,"date":"2023-12-07T15:45:45","date_gmt":"2023-12-07T14:45:45","guid":{"rendered":"https:\/\/vtbati.fr\/vtbati\/?post_type=product&#038;p=3757"},"modified":"2023-12-11T09:31:32","modified_gmt":"2023-12-11T08:31:32","slug":"vachette-serrure-en-applique-horizontale-a-fouillot-a-cylindre-europeen-7416m","status":"publish","type":"product","link":"http:\/\/s350233878.onlinehome.fr\/index.php\/produit\/vachette-serrure-en-applique-horizontale-a-fouillot-a-cylindre-europeen-7416m\/","title":{"rendered":"VACHETTE &#8211; Serrure en applique horizontale \u00e0 fouillot \u00e0 cylindre europ\u00e9en 7416M"},"content":{"rendered":"","protected":false},"excerpt":{"rendered":"<p>Le\u00a0<strong>coffre horizontal<\/strong>\u00a0pour cylindre profil europ\u00e9en est en acier verni.<br \/>\nPoss\u00e8de un p\u00eane 1\/2 tour avec \u00e9querre pour un retour \u00e0 la cl\u00e9.<br \/>\nCoffre de 141 x 87 mm.<br \/>\nAxe de cl\u00e9 : 60 mm.<br \/>\nAxe du fouillot : 117 mm.<br \/>\nFouillot carr\u00e9 de 7 mm.<br \/>\nCylindre \u00e0 commander s\u00e9par\u00e9ment.<\/p>\n<div class=\"attribute product code-p\"><span class=\"type\">Code P :<\/span>\u00a0<span class=\"value\">P7900Y0<\/span><\/div>\n<div class=\"attribute product sku\"><span class=\"type\">R\u00e9f. PRO :<\/span>\u00a0<span class=\"value\" data-bind=\"text: selectedArticleSku\">16573426<\/span><\/div>\n<div class=\"attribute product ref\"><span class=\"type\">R\u00e9f. fab :<\/span>\u00a0<span class=\"value\" data-bind=\"text: getReferenceCode()\">7416 &#8211; MD<\/span><\/div>\n","protected":false},"featured_media":3758,"template":"","meta":[],"product_cat":[562,557,16],"product_tag":[],"class_list":{"0":"post-3757","1":"product","2":"type-product","3":"status-publish","4":"has-post-thumbnail","6":"product_cat-serrures","7":"product_cat-serrures-et-cylindres-de-batiment","8":"product_cat-quincaillerie","10":"first","11":"instock","12":"taxable","13":"shipping-taxable","14":"purchasable","15":"product-type-simple"},"_links":{"self":[{"href":"http:\/\/s350233878.onlinehome.fr\/index.php\/wp-json\/wp\/v2\/product\/3757","targetHints":{"allow":["GET"]}}],"collection":[{"href":"http:\/\/s350233878.onlinehome.fr\/index.php\/wp-json\/wp\/v2\/product"}],"about":[{"href":"http:\/\/s350233878.onlinehome.fr\/index.php\/wp-json\/wp\/v2\/types\/product"}],"wp:featuredmedia":[{"embeddable":true,"href":"http:\/\/s350233878.onlinehome.fr\/index.php\/wp-json\/wp\/v2\/media\/3758"}],"wp:attachment":[{"href":"http:\/\/s350233878.onlinehome.fr\/index.php\/wp-json\/wp\/v2\/media?parent=3757"}],"wp:term":[{"taxonomy":"product_cat","embeddable":true,"href":"http:\/\/s350233878.onlinehome.fr\/index.php\/wp-json\/wp\/v2\/product_cat?post=3757"},{"taxonomy":"product_tag","embeddable":true,"href":"http:\/\/s350233878.onlinehome.fr\/index.php\/wp-json\/wp\/v2\/product_tag?post=3757"}],"curies":[{"name":"wp","href":"https:\/\/api.w.org\/{rel}","templated":true}]}}