{"id":3742,"date":"2023-12-07T12:00:41","date_gmt":"2023-12-07T11:00:41","guid":{"rendered":"https:\/\/vtbati.fr\/vtbati\/?post_type=product&#038;p=3742"},"modified":"2023-12-11T09:31:45","modified_gmt":"2023-12-11T08:31:45","slug":"xhander-demi-cylindre-europeen-5-goupilles","status":"publish","type":"product","link":"http:\/\/s350233878.onlinehome.fr\/index.php\/produit\/xhander-demi-cylindre-europeen-5-goupilles\/","title":{"rendered":"XHANDER &#8211; Demi-cylindre europ\u00e9en 5 GOUPILLES"},"content":{"rendered":"","protected":false},"excerpt":{"rendered":"<p>Cylindre profil europ\u00e9en \u00e0 5 goupilles actives en laiton.<br \/>\nRessorts en bronze inoxydable.<br \/>\nPanneton indexable.<br \/>\nPossibilit\u00e9 de montage en centre service, en vari\u00e9s, s\u2019entrouvrant et sur organigramme (nous consulter).<\/p>\n<div class=\"attribute product code-p\"><span class=\"type\">Code P :<\/span>\u00a0<span class=\"value\">P79MFRN<\/span><\/div>\n<div class=\"attribute product sku\"><span class=\"type\">R\u00e9f. PRO :<\/span>\u00a0<span class=\"value\" data-bind=\"text: selectedArticleSku\">69057160<\/span><\/div>\n<div class=\"attribute product ref\"><span class=\"type\">R\u00e9f. fab :<\/span>\u00a0<span class=\"value\" data-bind=\"text: getReferenceCode()\">520940129XH1<\/span><\/div>\n","protected":false},"featured_media":3743,"template":"","meta":[],"product_cat":[561,557,16],"product_tag":[],"class_list":{"0":"post-3742","1":"product","2":"type-product","3":"status-publish","4":"has-post-thumbnail","6":"product_cat-cylindres","7":"product_cat-serrures-et-cylindres-de-batiment","8":"product_cat-quincaillerie","10":"first","11":"instock","12":"taxable","13":"shipping-taxable","14":"purchasable","15":"product-type-simple"},"_links":{"self":[{"href":"http:\/\/s350233878.onlinehome.fr\/index.php\/wp-json\/wp\/v2\/product\/3742","targetHints":{"allow":["GET"]}}],"collection":[{"href":"http:\/\/s350233878.onlinehome.fr\/index.php\/wp-json\/wp\/v2\/product"}],"about":[{"href":"http:\/\/s350233878.onlinehome.fr\/index.php\/wp-json\/wp\/v2\/types\/product"}],"wp:featuredmedia":[{"embeddable":true,"href":"http:\/\/s350233878.onlinehome.fr\/index.php\/wp-json\/wp\/v2\/media\/3743"}],"wp:attachment":[{"href":"http:\/\/s350233878.onlinehome.fr\/index.php\/wp-json\/wp\/v2\/media?parent=3742"}],"wp:term":[{"taxonomy":"product_cat","embeddable":true,"href":"http:\/\/s350233878.onlinehome.fr\/index.php\/wp-json\/wp\/v2\/product_cat?post=3742"},{"taxonomy":"product_tag","embeddable":true,"href":"http:\/\/s350233878.onlinehome.fr\/index.php\/wp-json\/wp\/v2\/product_tag?post=3742"}],"curies":[{"name":"wp","href":"https:\/\/api.w.org\/{rel}","templated":true}]}}