{"id":3730,"date":"2023-12-07T11:41:28","date_gmt":"2023-12-07T10:41:28","guid":{"rendered":"https:\/\/vtbati.fr\/vtbati\/?post_type=product&#038;p=3730"},"modified":"2023-12-11T09:31:59","modified_gmt":"2023-12-11T08:31:59","slug":"xhander-cylindre-europeen-a-bouton-reversafe","status":"publish","type":"product","link":"http:\/\/s350233878.onlinehome.fr\/index.php\/produit\/xhander-cylindre-europeen-a-bouton-reversafe\/","title":{"rendered":"XHANDER Cylindre europ\u00e9en \u00e0 bouton REVERSAFE"},"content":{"rendered":"","protected":false},"excerpt":{"rendered":"<p>Cylindre profil europ\u00e9en \u00e0 bouton, 6 goupilles actives en laiton.<br \/>\n2 goupilles anti-per\u00e7age.<br \/>\nPanneton \u00e0 5h en standard.<\/p>\n<p><strong><em>La longueur c\u00f4t\u00e9 bouton s&rsquo;inscrit apr\u00e8s le \u00ab\u00a0B\u00a0\u00bb.<\/em><\/strong><br \/>\nLivr\u00e9 avec 5 cl\u00e9s et carte de reproduction.<\/p>\n<div class=\"attribute product code-p\"><span class=\"type\">Code P :<\/span>\u00a0<span class=\"value\">P79ENFI<\/span><\/div>\n<div class=\"attribute product sku\"><span class=\"type\">R\u00e9f. PRO:<\/span>\u00a0<span class=\"value\" data-bind=\"text: selectedArticleSku\">69055052<\/span><\/div>\n<div class=\"attribute product ref\"><span class=\"type\">R\u00e9f. fab:<\/span>\u00a0<span class=\"value\" data-bind=\"text: getReferenceCode()\">XH-CYLREVBT30X30SE<\/span><\/div>\n","protected":false},"featured_media":3741,"template":"","meta":[],"product_cat":[561,557,16],"product_tag":[],"class_list":{"0":"post-3730","1":"product","2":"type-product","3":"status-publish","4":"has-post-thumbnail","6":"product_cat-cylindres","7":"product_cat-serrures-et-cylindres-de-batiment","8":"product_cat-quincaillerie","10":"first","11":"instock","12":"taxable","13":"shipping-taxable","14":"purchasable","15":"product-type-simple"},"_links":{"self":[{"href":"http:\/\/s350233878.onlinehome.fr\/index.php\/wp-json\/wp\/v2\/product\/3730","targetHints":{"allow":["GET"]}}],"collection":[{"href":"http:\/\/s350233878.onlinehome.fr\/index.php\/wp-json\/wp\/v2\/product"}],"about":[{"href":"http:\/\/s350233878.onlinehome.fr\/index.php\/wp-json\/wp\/v2\/types\/product"}],"wp:featuredmedia":[{"embeddable":true,"href":"http:\/\/s350233878.onlinehome.fr\/index.php\/wp-json\/wp\/v2\/media\/3741"}],"wp:attachment":[{"href":"http:\/\/s350233878.onlinehome.fr\/index.php\/wp-json\/wp\/v2\/media?parent=3730"}],"wp:term":[{"taxonomy":"product_cat","embeddable":true,"href":"http:\/\/s350233878.onlinehome.fr\/index.php\/wp-json\/wp\/v2\/product_cat?post=3730"},{"taxonomy":"product_tag","embeddable":true,"href":"http:\/\/s350233878.onlinehome.fr\/index.php\/wp-json\/wp\/v2\/product_tag?post=3730"}],"curies":[{"name":"wp","href":"https:\/\/api.w.org\/{rel}","templated":true}]}}