{"id":3710,"date":"2023-12-07T11:30:57","date_gmt":"2023-12-07T10:30:57","guid":{"rendered":"https:\/\/vtbati.fr\/vtbati\/?post_type=product&#038;p=3710"},"modified":"2023-12-11T09:32:16","modified_gmt":"2023-12-11T08:32:16","slug":"cylindre-europeen-a-bouton-5-goupilles","status":"publish","type":"product","link":"http:\/\/s350233878.onlinehome.fr\/index.php\/produit\/cylindre-europeen-a-bouton-5-goupilles\/","title":{"rendered":"Cylindre europ\u00e9en \u00e0 bouton 5 goupilles"},"content":{"rendered":"","protected":false},"excerpt":{"rendered":"<p>Cylindre profil europ\u00e9en \u00e0 5 goupilles actives en laiton.<br \/>\nRessorts en bronze inoxydable.<br \/>\nPanneton \u00e0 5 heures en standard.<br \/>\nPossibilit\u00e9 de montage en centre service, en vari\u00e9s, s&rsquo;entrouvant et sur organigramme (nous consulter).<br \/>\n<strong>La longueur c\u00f4t\u00e9 bouton s\u2019inscrit apr\u00e8s le \u201cB\u201d.<\/strong><\/p>\n","protected":false},"featured_media":3727,"template":"","meta":[],"product_cat":[561,557,16],"product_tag":[],"class_list":{"0":"post-3710","1":"product","2":"type-product","3":"status-publish","4":"has-post-thumbnail","6":"product_cat-cylindres","7":"product_cat-serrures-et-cylindres-de-batiment","8":"product_cat-quincaillerie","10":"first","11":"instock","12":"taxable","13":"shipping-taxable","14":"purchasable","15":"product-type-simple"},"_links":{"self":[{"href":"http:\/\/s350233878.onlinehome.fr\/index.php\/wp-json\/wp\/v2\/product\/3710","targetHints":{"allow":["GET"]}}],"collection":[{"href":"http:\/\/s350233878.onlinehome.fr\/index.php\/wp-json\/wp\/v2\/product"}],"about":[{"href":"http:\/\/s350233878.onlinehome.fr\/index.php\/wp-json\/wp\/v2\/types\/product"}],"wp:featuredmedia":[{"embeddable":true,"href":"http:\/\/s350233878.onlinehome.fr\/index.php\/wp-json\/wp\/v2\/media\/3727"}],"wp:attachment":[{"href":"http:\/\/s350233878.onlinehome.fr\/index.php\/wp-json\/wp\/v2\/media?parent=3710"}],"wp:term":[{"taxonomy":"product_cat","embeddable":true,"href":"http:\/\/s350233878.onlinehome.fr\/index.php\/wp-json\/wp\/v2\/product_cat?post=3710"},{"taxonomy":"product_tag","embeddable":true,"href":"http:\/\/s350233878.onlinehome.fr\/index.php\/wp-json\/wp\/v2\/product_tag?post=3710"}],"curies":[{"name":"wp","href":"https:\/\/api.w.org\/{rel}","templated":true}]}}