{"id":3620,"date":"2023-12-05T16:38:22","date_gmt":"2023-12-05T15:38:22","guid":{"rendered":"https:\/\/vtbati.fr\/vtbati\/?post_type=product&#038;p=3620"},"modified":"2023-12-11T09:32:46","modified_gmt":"2023-12-11T08:32:46","slug":"xhander-cylindre-europeen-2-entrees-5-goupilles","status":"publish","type":"product","link":"http:\/\/s350233878.onlinehome.fr\/index.php\/produit\/xhander-cylindre-europeen-2-entrees-5-goupilles\/","title":{"rendered":"XHANDER &#8211; Cylindre europ\u00e9en 2 entr\u00e9es 5 goupilles"},"content":{"rendered":"","protected":false},"excerpt":{"rendered":"<p>Cylindre profil europ\u00e9en \u00e0 5 goupilles actives en laiton.<br \/>\nRessorts en bronze inoxydable.<br \/>\nPanneton \u00e0 5 heures en standard.<br \/>\nDisponible \u00e9galement en s\u2019entrouvrant ou sur num\u00e9ro.<br \/>\nPossibilit\u00e9 de montage en centre service, en vari\u00e9s, s\u2019entrouvrant et sur organigramme (nous consulter).<br \/>\nLivr\u00e9 avec 3 cl\u00e9s plates XHANDER.<\/p>\n<div class=\"attribute product code-p\"><span class=\"type\">Code P :<\/span>\u00a0<span class=\"value\">P7997YF<\/span><\/div>\n<div class=\"attribute product sku\"><span class=\"type\">R\u00e9f. PRO :<\/span>\u00a0<span class=\"value\" data-bind=\"text: selectedArticleSku\">69056334<\/span><\/div>\n<div class=\"attribute product ref\"><span class=\"type\">R\u00e9f. fab :<\/span>\u00a0<span class=\"value\" data-bind=\"text: getReferenceCode()\">520930409XH<\/span><\/div>\n","protected":false},"featured_media":3680,"template":"","meta":[],"product_cat":[561,557,16],"product_tag":[558,559],"class_list":{"0":"post-3620","1":"product","2":"type-product","3":"status-publish","4":"has-post-thumbnail","6":"product_cat-cylindres","7":"product_cat-serrures-et-cylindres-de-batiment","8":"product_cat-quincaillerie","9":"product_tag-cylindre-europeen-2-entrees-5-goupilles","10":"product_tag-xhander","12":"first","13":"instock","14":"taxable","15":"shipping-taxable","16":"purchasable","17":"product-type-simple"},"_links":{"self":[{"href":"http:\/\/s350233878.onlinehome.fr\/index.php\/wp-json\/wp\/v2\/product\/3620","targetHints":{"allow":["GET"]}}],"collection":[{"href":"http:\/\/s350233878.onlinehome.fr\/index.php\/wp-json\/wp\/v2\/product"}],"about":[{"href":"http:\/\/s350233878.onlinehome.fr\/index.php\/wp-json\/wp\/v2\/types\/product"}],"wp:featuredmedia":[{"embeddable":true,"href":"http:\/\/s350233878.onlinehome.fr\/index.php\/wp-json\/wp\/v2\/media\/3680"}],"wp:attachment":[{"href":"http:\/\/s350233878.onlinehome.fr\/index.php\/wp-json\/wp\/v2\/media?parent=3620"}],"wp:term":[{"taxonomy":"product_cat","embeddable":true,"href":"http:\/\/s350233878.onlinehome.fr\/index.php\/wp-json\/wp\/v2\/product_cat?post=3620"},{"taxonomy":"product_tag","embeddable":true,"href":"http:\/\/s350233878.onlinehome.fr\/index.php\/wp-json\/wp\/v2\/product_tag?post=3620"}],"curies":[{"name":"wp","href":"https:\/\/api.w.org\/{rel}","templated":true}]}}