{"id":328,"date":"2023-06-30T10:54:23","date_gmt":"2023-06-30T08:54:23","guid":{"rendered":"https:\/\/vtbati.fr\/vtbati\/?post_type=product&#038;p=328"},"modified":"2023-06-30T10:54:23","modified_gmt":"2023-06-30T08:54:23","slug":"scie-circulaire-sans-fil-solo-dhs660zj","status":"publish","type":"product","link":"http:\/\/s350233878.onlinehome.fr\/index.php\/produit\/scie-circulaire-sans-fil-solo-dhs660zj\/","title":{"rendered":"Scie circulaire sans fil solo DHS660ZJ"},"content":{"rendered":"<h2 class=\"dc__title-section\">Caract\u00e9ristiques techniques<\/h2>\n<form><input id=\"limit\" class=\"dc__limit_checkbox\" type=\"checkbox\" \/><\/p>\n<ul class=\"attributes data attributes--overflow\">\n<li style=\"list-style-type: none;\">\n<ul class=\"attributes data attributes--overflow\">\n<li>\n<dl class=\"attribute\">\n<dt class=\"name\">Plongeante<\/dt>\n<dd class=\"value\">non<\/dd>\n<\/dl>\n<\/li>\n<li>\n<dl class=\"attribute\">\n<dt class=\"name\">Tension de la batterie<\/dt>\n<dd class=\"value\">18 V<\/dd>\n<\/dl>\n<\/li>\n<li>\n<dl class=\"attribute\">\n<dt class=\"name\">Nombre de batteries<\/dt>\n<dd class=\"value\">0<\/dd>\n<\/dl>\n<\/li>\n<li>\n<dl class=\"attribute\">\n<dt class=\"name\">Capacit\u00e9 de la batterie<\/dt>\n<dd class=\"value\">0 Ah<\/dd>\n<\/dl>\n<\/li>\n<li>\n<dl class=\"attribute\">\n<dt class=\"name\">Chargeur<\/dt>\n<dd class=\"value\">non<\/dd>\n<\/dl>\n<\/li>\n<li>\n<dl class=\"attribute\">\n<dt class=\"name\">R\u00e9gime \u00e0 vide<\/dt>\n<dd class=\"value\">5000 tr\/mn<\/dd>\n<\/dl>\n<\/li>\n<li>\n<dl class=\"attribute\">\n<dt class=\"name\">Diam\u00e8tre de la lame<\/dt>\n<dd class=\"value\">165 mm<\/dd>\n<\/dl>\n<\/li>\n<li>\n<dl class=\"attribute\">\n<dt class=\"name\">Capacit\u00e9 de coupe \u00e0 45\u00b0<\/dt>\n<dd class=\"value\">41 mm<\/dd>\n<\/dl>\n<\/li>\n<li>\n<dl class=\"attribute\">\n<dt class=\"name\">Capacit\u00e9 de coupe \u00e0 90\u00b0<\/dt>\n<dd class=\"value\">57 mm<\/dd>\n<\/dl>\n<\/li>\n<li>\n<dl class=\"attribute\">\n<dt class=\"name\">Poids EPTA<\/dt>\n<dd class=\"value\">2,9 kg<\/dd>\n<\/dl>\n<\/li>\n<li>\n<dl class=\"attribute\">\n<dt class=\"name\">Vibration m\u00e9canique<\/dt>\n<dd class=\"value\">2,5<\/dd>\n<dd>D\u00e9marrage progressif assurant un d\u00e9marrage en douceur de la machine (sans \u00e0-coups) pour plus de s\u00e9curit\u00e9.<br \/>\nMoteur sans charbon : usure plus lente, consommation r\u00e9duite, autonomie et puissance de la machine accrues.<br \/>\nLivr\u00e9 de s\u00e9rie en coffret MAK-PAC, compatible avec les syst\u00e8mes empilables standards.<br \/>\nJet d&rsquo;air soufflant la sciure pour une meilleure visibilit\u00e9 du trait de coupe.<br \/>\nFrein \u00e9lectrique pour une meilleure s\u00e9curit\u00e9.<br \/>\nTechnologie ADT : Ajustement automatique de la vitesse et du couple en fonction du travail effectu\u00e9.<br \/>\nLame EFFICUT : Coupe rapide, propre et sans effort. Avec EFFICUT, faites plus de coupe sur une charge de batterie !<br \/>\nLivr\u00e9e en coffret MAK-PAC 3 avec 1 lame bois EFFICUT \u00d8 165 x 20 mm 25 dents, 1 cl\u00e9 \u00e0 six pans 5,1 guide parall\u00e8le, 1 moulage DHS660.<br \/>\nSans batterie ni chargeur<\/dd>\n<\/dl>\n<\/li>\n<\/ul>\n<\/li>\n<\/ul>\n<div class=\"attribute product sku\"><span class=\"type\">R\u00e9f. P :<\/span>\u00a0<span class=\"value\" data-bind=\"text: selectedArticleSku\">65040190<\/span><\/div>\n<p>&nbsp;<\/p>\n<div class=\"attribute product ref\"><span class=\"type\">R\u00e9f. fabricant :<\/span>\u00a0<span class=\"value\" data-bind=\"text: getReferenceCode()\">DHS660ZJ<\/span><\/div>\n<\/form>\n","protected":false},"excerpt":{"rendered":"<p>Caract\u00e9ristiques techniques Plongeante non Tension de la batterie 18 V Nombre de batteries 0 Capacit\u00e9 de la batterie 0 Ah Chargeur non R\u00e9gime \u00e0 vide 5000 tr\/mn Diam\u00e8tre de la&hellip;<\/p>\n","protected":false},"featured_media":329,"template":"","meta":[],"product_cat":[240,160,16],"product_tag":[],"class_list":{"0":"post-328","1":"product","2":"type-product","3":"status-publish","4":"has-post-thumbnail","6":"product_cat-electricite-2","7":"product_cat-outils-electriques-portatifs","8":"product_cat-quincaillerie","10":"first","11":"instock","12":"taxable","13":"shipping-taxable","14":"purchasable","15":"product-type-simple"},"_links":{"self":[{"href":"http:\/\/s350233878.onlinehome.fr\/index.php\/wp-json\/wp\/v2\/product\/328","targetHints":{"allow":["GET"]}}],"collection":[{"href":"http:\/\/s350233878.onlinehome.fr\/index.php\/wp-json\/wp\/v2\/product"}],"about":[{"href":"http:\/\/s350233878.onlinehome.fr\/index.php\/wp-json\/wp\/v2\/types\/product"}],"wp:featuredmedia":[{"embeddable":true,"href":"http:\/\/s350233878.onlinehome.fr\/index.php\/wp-json\/wp\/v2\/media\/329"}],"wp:attachment":[{"href":"http:\/\/s350233878.onlinehome.fr\/index.php\/wp-json\/wp\/v2\/media?parent=328"}],"wp:term":[{"taxonomy":"product_cat","embeddable":true,"href":"http:\/\/s350233878.onlinehome.fr\/index.php\/wp-json\/wp\/v2\/product_cat?post=328"},{"taxonomy":"product_tag","embeddable":true,"href":"http:\/\/s350233878.onlinehome.fr\/index.php\/wp-json\/wp\/v2\/product_tag?post=328"}],"curies":[{"name":"wp","href":"https:\/\/api.w.org\/{rel}","templated":true}]}}