{"id":326,"date":"2023-06-30T10:54:22","date_gmt":"2023-06-30T08:54:22","guid":{"rendered":"https:\/\/vtbati.fr\/vtbati\/?post_type=product&#038;p=326"},"modified":"2023-06-30T10:54:22","modified_gmt":"2023-06-30T08:54:22","slug":"scie-sauteuse-sans-fil-djv182zj","status":"publish","type":"product","link":"http:\/\/s350233878.onlinehome.fr\/index.php\/produit\/scie-sauteuse-sans-fil-djv182zj\/","title":{"rendered":"Scie sauteuse sans fil DJV182ZJ"},"content":{"rendered":"<h2 class=\"dc__title-section\">CARACT\u00c9RISTIQUES\u00a0TECHNIQUES<\/h2>\n<form>\n<ul class=\"attributes data \">\n<li>\n<dl class=\"attribute\">\n<dt class=\"name\">Tension de la batterie<\/dt>\n<dd class=\"value\">18 V<\/dd>\n<\/dl>\n<\/li>\n<li>\n<dl class=\"attribute\">\n<dt class=\"name\">Nombre de batteries<\/dt>\n<dd class=\"value\">0<\/dd>\n<\/dl>\n<\/li>\n<li>\n<dl class=\"attribute\">\n<dt class=\"name\">Capacit\u00e9 de la batterie<\/dt>\n<dd class=\"value\">0 Ah<\/dd>\n<\/dl>\n<\/li>\n<li>\n<dl class=\"attribute\">\n<dt class=\"name\">Chargeur<\/dt>\n<dd class=\"value\">non<\/dd>\n<\/dl>\n<\/li>\n<li>\n<dl class=\"attribute\">\n<dt class=\"name\">Forme de la poign\u00e9e<\/dt>\n<dd class=\"value\">\u00e9trier<\/dd>\n<\/dl>\n<\/li>\n<li>\n<dl class=\"attribute\">\n<dt class=\"name\">Cadence de coupe<\/dt>\n<dd class=\"value\">3500 cps\/mn<\/dd>\n<\/dl>\n<\/li>\n<li>\n<dl class=\"attribute\">\n<dt class=\"name\">Vitesse variable<\/dt>\n<dd class=\"value\">oui<\/dd>\n<\/dl>\n<\/li>\n<li>\n<dl class=\"attribute\">\n<dt class=\"name\">Capacit\u00e9 de coupe acier<\/dt>\n<dd class=\"value\">10 mm<\/dd>\n<\/dl>\n<\/li>\n<li>\n<dl class=\"attribute\">\n<dt class=\"name\">Capacit\u00e9 de coupe alu<\/dt>\n<dd class=\"value\">20 mm<\/dd>\n<dd>\n<ul class=\"attributes data attributes--overflow\">\n<li style=\"list-style-type: none;\">\n<ul class=\"attributes data attributes--overflow\">\n<li>\n<dl class=\"attribute\">\n<dt class=\"name\">Capacit\u00e9 de coupe bois<\/dt>\n<dd class=\"value\">135 mm<\/dd>\n<\/dl>\n<\/li>\n<li>\n<dl class=\"attribute\">\n<dt class=\"name\">Poids EPTA<\/dt>\n<dd class=\"value\">2,6 kg<\/dd>\n<\/dl>\n<\/li>\n<li>\n<dl class=\"attribute\">\n<dt class=\"name\">Valeur d&rsquo;\u00e9mission vibratoire<\/dt>\n<dd class=\"value\">7 m\/s\u00b2<\/dd>\n<\/dl>\n<\/li>\n<\/ul>\n<\/li>\n<\/ul>\n<p><strong>Poign\u00e9e Etrier<\/strong><br \/>\nMoteur sans charbon<br \/>\n6 plages de r\u00e9glages de la vitesse pour un travail optimal sur diff\u00e9rents mat\u00e9riaux<br \/>\nMachine dot\u00e9e d&rsquo;un mouvement pendulaire \u00e0 3 positions + 1 droite pour une coupe plus nette<br \/>\nBouton de s\u00e9curit\u00e9 pour pr\u00e9venir l&rsquo;activation accidentelle de la g\u00e2chette<br \/>\nBase en aluminium rigide inclinable \u00e0 gauche et \u00e0 droite \u00e0 45\u00b0 pour une plus grande pr\u00e9cision de coupe<br \/>\nAxe de coupe \u00e0 profil carr\u00e9 pour plus de pr\u00e9cision dans les courbes<\/p>\n<p>Livr\u00e9e en coffret MAKPAC avec moulage MAK-PAC pour scie sauteuse sans-fil<\/p>\n<div class=\"attribute product sku\"><span class=\"type\">R\u00e9f. P:<\/span>\u00a0<span class=\"value\" data-bind=\"text: selectedArticleSku\">60843902<\/span><\/div>\n<div class=\"attribute product ref\"><span class=\"type\">R\u00e9f. fabricant :<\/span>\u00a0<span class=\"value\" data-bind=\"text: getReferenceCode()\">DJV182ZJ<\/span><\/div>\n<\/dd>\n<\/dl>\n<\/li>\n<\/ul>\n<\/form>\n","protected":false},"excerpt":{"rendered":"<p>CARACT\u00c9RISTIQUES\u00a0TECHNIQUES Tension de la batterie 18 V Nombre de batteries 0 Capacit\u00e9 de la batterie 0 Ah Chargeur non Forme de la poign\u00e9e \u00e9trier Cadence de coupe 3500 cps\/mn Vitesse&hellip;<\/p>\n","protected":false},"featured_media":327,"template":"","meta":[],"product_cat":[240,160,16],"product_tag":[],"class_list":{"0":"post-326","1":"product","2":"type-product","3":"status-publish","4":"has-post-thumbnail","6":"product_cat-electricite-2","7":"product_cat-outils-electriques-portatifs","8":"product_cat-quincaillerie","10":"first","11":"instock","12":"taxable","13":"shipping-taxable","14":"purchasable","15":"product-type-simple"},"_links":{"self":[{"href":"http:\/\/s350233878.onlinehome.fr\/index.php\/wp-json\/wp\/v2\/product\/326","targetHints":{"allow":["GET"]}}],"collection":[{"href":"http:\/\/s350233878.onlinehome.fr\/index.php\/wp-json\/wp\/v2\/product"}],"about":[{"href":"http:\/\/s350233878.onlinehome.fr\/index.php\/wp-json\/wp\/v2\/types\/product"}],"wp:featuredmedia":[{"embeddable":true,"href":"http:\/\/s350233878.onlinehome.fr\/index.php\/wp-json\/wp\/v2\/media\/327"}],"wp:attachment":[{"href":"http:\/\/s350233878.onlinehome.fr\/index.php\/wp-json\/wp\/v2\/media?parent=326"}],"wp:term":[{"taxonomy":"product_cat","embeddable":true,"href":"http:\/\/s350233878.onlinehome.fr\/index.php\/wp-json\/wp\/v2\/product_cat?post=326"},{"taxonomy":"product_tag","embeddable":true,"href":"http:\/\/s350233878.onlinehome.fr\/index.php\/wp-json\/wp\/v2\/product_tag?post=326"}],"curies":[{"name":"wp","href":"https:\/\/api.w.org\/{rel}","templated":true}]}}