{"id":318,"date":"2023-06-30T10:54:20","date_gmt":"2023-06-30T08:54:20","guid":{"rendered":"https:\/\/vtbati.fr\/vtbati\/?post_type=product&#038;p=318"},"modified":"2023-06-30T10:54:20","modified_gmt":"2023-06-30T08:54:20","slug":"boulonneuse-a-chocs-sans-fil-dtw1002zj","status":"publish","type":"product","link":"http:\/\/s350233878.onlinehome.fr\/index.php\/produit\/boulonneuse-a-chocs-sans-fil-dtw1002zj\/","title":{"rendered":"Boulonneuse \u00e0 chocs sans fil DTW1002ZJ"},"content":{"rendered":"<h2 class=\"dc__title-section\">CARACT\u00c9RISTIQUES\u00a0TECHNIQUES<\/h2>\n<form>\n<ul class=\"attributes data \">\n<li style=\"list-style-type: none;\">\n<ul class=\"attributes data \">\n<li>\n<dl class=\"attribute\">\n<dt class=\"name\">Tension de la batterie<\/dt>\n<dd class=\"value\">18 V<\/dd>\n<\/dl>\n<\/li>\n<li>\n<dl class=\"attribute\">\n<dt class=\"name\">Nombre de batteries<\/dt>\n<dd class=\"value\">0<\/dd>\n<\/dl>\n<\/li>\n<li>\n<dl class=\"attribute\">\n<dt class=\"name\">Capacit\u00e9 de la batterie<\/dt>\n<dd class=\"value\">0 Ah<\/dd>\n<\/dl>\n<\/li>\n<li>\n<dl class=\"attribute\">\n<dt class=\"name\">Chargeur<\/dt>\n<dd class=\"value\">non<\/dd>\n<\/dl>\n<\/li>\n<li>\n<dl class=\"attribute\">\n<dt class=\"name\">Couple maximal<\/dt>\n<dd class=\"value\">1000 N.m<\/dd>\n<\/dl>\n<\/li>\n<li>\n<dl class=\"attribute\">\n<dt class=\"name\">Dimension du carr\u00e9<\/dt>\n<dd class=\"value\">1\/2&Prime;<\/dd>\n<\/dl>\n<\/li>\n<li>\n<dl class=\"attribute\">\n<dt class=\"name\">Cadence de choc<\/dt>\n<dd class=\"value\">2200 cps\/mn<\/dd>\n<\/dl>\n<\/li>\n<li>\n<dl class=\"attribute\">\n<dt class=\"name\">R\u00e9gime \u00e0 vide<\/dt>\n<dd class=\"value\">1800 tr\/mn<\/dd>\n<\/dl>\n<\/li>\n<li>\n<dl class=\"attribute\">\n<dt class=\"name\">Poids EPTA<\/dt>\n<dd class=\"value\">3,6 kg<\/dd>\n<\/dl>\n<\/li>\n<\/ul>\n<\/li>\n<\/ul>\n<div class=\"attribute product sku\"><span class=\"type\">R\u00e9f.\u00a0 :<\/span>\u00a0<span class=\"value\" data-bind=\"text: selectedArticleSku\">60844054<\/span><\/div>\n<p>&nbsp;<\/p>\n<div class=\"attribute product ref\"><span class=\"type\">R\u00e9f. fabricant :<\/span>\u00a0<span class=\"value\" data-bind=\"text: getReferenceCode()\">DTW1002ZJ<\/span><\/div>\n<div><strong>Machine l\u00e9g\u00e8re et compacte<\/strong><br \/>\n3 niveaux de puissance de chocs \u00e0 reglage \u00e9lectronique.<br \/>\nLa vitesse variable \u00e0 la g\u00e2chette assure un contr\u00f4le parfait de la machine en fonction du travail \u00e0 \u00e9ffectuer.<\/p>\n<p>R\u00e9gime \u00e0 vide \/ Cadence de chocs \/ Capacit\u00e9 de serrage<br \/>\nVitesse 1 :\u00a0 \u00a0900 tr\/min \/ 1800 cps\/min \/\u00a0 \u00a0300 Nm<br \/>\nVitesse 2 : 1000 tr\/min \/ 2000 cps\/min \/\u00a0 \u00a0600 Nm<br \/>\nVitesse 3 : 1800 tr\/min \/ 2200 cps\/min \/ 1000 Nm<\/p>\n<p>Couple de desserrage 1500 Nm<br \/>\nCapacit\u00e9 : boulon standard M12 \u00e0 M30<\/p>\n<p>Livr\u00e9e en coffret MAKPAC 3 avec moulage MAK-PAC.<br \/>\nSans batterie ni chargeur<\/p><\/div>\n<\/form>\n","protected":false},"excerpt":{"rendered":"<p>CARACT\u00c9RISTIQUES\u00a0TECHNIQUES Tension de la batterie 18 V Nombre de batteries 0 Capacit\u00e9 de la batterie 0 Ah Chargeur non Couple maximal 1000 N.m Dimension du carr\u00e9 1\/2&Prime; Cadence de choc&hellip;<\/p>\n","protected":false},"featured_media":319,"template":"","meta":[],"product_cat":[240,160,16],"product_tag":[],"class_list":{"0":"post-318","1":"product","2":"type-product","3":"status-publish","4":"has-post-thumbnail","6":"product_cat-electricite-2","7":"product_cat-outils-electriques-portatifs","8":"product_cat-quincaillerie","10":"first","11":"instock","12":"taxable","13":"shipping-taxable","14":"purchasable","15":"product-type-simple"},"_links":{"self":[{"href":"http:\/\/s350233878.onlinehome.fr\/index.php\/wp-json\/wp\/v2\/product\/318","targetHints":{"allow":["GET"]}}],"collection":[{"href":"http:\/\/s350233878.onlinehome.fr\/index.php\/wp-json\/wp\/v2\/product"}],"about":[{"href":"http:\/\/s350233878.onlinehome.fr\/index.php\/wp-json\/wp\/v2\/types\/product"}],"wp:featuredmedia":[{"embeddable":true,"href":"http:\/\/s350233878.onlinehome.fr\/index.php\/wp-json\/wp\/v2\/media\/319"}],"wp:attachment":[{"href":"http:\/\/s350233878.onlinehome.fr\/index.php\/wp-json\/wp\/v2\/media?parent=318"}],"wp:term":[{"taxonomy":"product_cat","embeddable":true,"href":"http:\/\/s350233878.onlinehome.fr\/index.php\/wp-json\/wp\/v2\/product_cat?post=318"},{"taxonomy":"product_tag","embeddable":true,"href":"http:\/\/s350233878.onlinehome.fr\/index.php\/wp-json\/wp\/v2\/product_tag?post=318"}],"curies":[{"name":"wp","href":"https:\/\/api.w.org\/{rel}","templated":true}]}}