{"id":314,"date":"2023-06-30T10:54:18","date_gmt":"2023-06-30T08:54:18","guid":{"rendered":"https:\/\/vtbati.fr\/vtbati\/?post_type=product&#038;p=314"},"modified":"2023-06-30T10:54:18","modified_gmt":"2023-06-30T08:54:18","slug":"chargeur-de-batterie-pour-machine-sans-fil-dc18rd","status":"publish","type":"product","link":"http:\/\/s350233878.onlinehome.fr\/index.php\/produit\/chargeur-de-batterie-pour-machine-sans-fil-dc18rd\/","title":{"rendered":"Chargeur de batterie pour machine sans fil DC18RD"},"content":{"rendered":"<h2 class=\"dc__title-section\">CARACT\u00c9RISTIQUES\u00a0TECHNIQUES<\/h2>\n<form>\n<ul class=\"attributes data \">\n<li>\n<dl class=\"attribute\">\n<dt class=\"name\">Tension admissible<\/dt>\n<dd class=\"value\">14.4 \u00e0 18 V<\/dd>\n<\/dl>\n<\/li>\n<li>\n<dl class=\"attribute\">\n<dt class=\"name\">T\u00e9moin d&rsquo;\u00e9tat de la batterie<\/dt>\n<dd class=\"value\">oui<\/dd>\n<\/dl>\n<\/li>\n<li>\n<dl class=\"attribute\">\n<dt class=\"name\">Nombre de port de charge<\/dt>\n<dd class=\"value\">2<\/dd>\n<dd><\/dd>\n<dd class=\"value\"><span class=\"type\">R\u00e9f. P :<\/span>\u00a0<span class=\"value\" data-bind=\"text: selectedArticleSku\">64316036<\/span><\/dd>\n<dd>\n<div class=\"attribute product ref\"><span class=\"type\">R\u00e9f. fabricant :<\/span>\u00a0<span class=\"value\" data-bind=\"text: getReferenceCode()\">196933-6<\/span><\/div>\n<\/dd>\n<\/dl>\n<\/li>\n<\/ul>\n<\/form>\n","protected":false},"excerpt":{"rendered":"<p>CARACT\u00c9RISTIQUES\u00a0TECHNIQUES Tension admissible 14.4 \u00e0 18 V T\u00e9moin d&rsquo;\u00e9tat de la batterie oui Nombre de port de charge 2 R\u00e9f. P :\u00a064316036 R\u00e9f. fabricant :\u00a0196933-6<\/p>\n","protected":false},"featured_media":315,"template":"","meta":[],"product_cat":[240,160,16],"product_tag":[],"class_list":{"0":"post-314","1":"product","2":"type-product","3":"status-publish","4":"has-post-thumbnail","6":"product_cat-electricite-2","7":"product_cat-outils-electriques-portatifs","8":"product_cat-quincaillerie","10":"first","11":"instock","12":"taxable","13":"shipping-taxable","14":"purchasable","15":"product-type-simple"},"_links":{"self":[{"href":"http:\/\/s350233878.onlinehome.fr\/index.php\/wp-json\/wp\/v2\/product\/314","targetHints":{"allow":["GET"]}}],"collection":[{"href":"http:\/\/s350233878.onlinehome.fr\/index.php\/wp-json\/wp\/v2\/product"}],"about":[{"href":"http:\/\/s350233878.onlinehome.fr\/index.php\/wp-json\/wp\/v2\/types\/product"}],"wp:featuredmedia":[{"embeddable":true,"href":"http:\/\/s350233878.onlinehome.fr\/index.php\/wp-json\/wp\/v2\/media\/315"}],"wp:attachment":[{"href":"http:\/\/s350233878.onlinehome.fr\/index.php\/wp-json\/wp\/v2\/media?parent=314"}],"wp:term":[{"taxonomy":"product_cat","embeddable":true,"href":"http:\/\/s350233878.onlinehome.fr\/index.php\/wp-json\/wp\/v2\/product_cat?post=314"},{"taxonomy":"product_tag","embeddable":true,"href":"http:\/\/s350233878.onlinehome.fr\/index.php\/wp-json\/wp\/v2\/product_tag?post=314"}],"curies":[{"name":"wp","href":"https:\/\/api.w.org\/{rel}","templated":true}]}}