{"id":2692,"date":"2023-11-22T08:22:16","date_gmt":"2023-11-22T07:22:16","guid":{"rendered":"https:\/\/vtbati.fr\/vtbati\/?post_type=product&#038;p=2692"},"modified":"2023-11-22T10:57:44","modified_gmt":"2023-11-22T09:57:44","slug":"stores-interieurs","status":"publish","type":"product","link":"http:\/\/s350233878.onlinehome.fr\/index.php\/produit\/stores-interieurs\/","title":{"rendered":"Stores int\u00e9rieurs"},"content":{"rendered":"","protected":false},"excerpt":{"rendered":"<h4>Store d&rsquo;int\u00e9rieur sur-mesure, cr\u00e9ateur d\u2019ambiances uniques<\/h4>\n","protected":false},"featured_media":2634,"template":"","meta":[],"product_cat":[22],"product_tag":[537,538,535,534,536,539],"class_list":{"0":"post-2692","1":"product","2":"type-product","3":"status-publish","4":"has-post-thumbnail","6":"product_cat-menuiseries","7":"product_tag-coffre","8":"product_tag-enrouleur","9":"product_tag-interieur","10":"product_tag-store","11":"product_tag-sur-mesure","12":"product_tag-zip","14":"first","15":"instock","16":"taxable","17":"shipping-taxable","18":"purchasable","19":"product-type-simple"},"_links":{"self":[{"href":"http:\/\/s350233878.onlinehome.fr\/index.php\/wp-json\/wp\/v2\/product\/2692","targetHints":{"allow":["GET"]}}],"collection":[{"href":"http:\/\/s350233878.onlinehome.fr\/index.php\/wp-json\/wp\/v2\/product"}],"about":[{"href":"http:\/\/s350233878.onlinehome.fr\/index.php\/wp-json\/wp\/v2\/types\/product"}],"wp:featuredmedia":[{"embeddable":true,"href":"http:\/\/s350233878.onlinehome.fr\/index.php\/wp-json\/wp\/v2\/media\/2634"}],"wp:attachment":[{"href":"http:\/\/s350233878.onlinehome.fr\/index.php\/wp-json\/wp\/v2\/media?parent=2692"}],"wp:term":[{"taxonomy":"product_cat","embeddable":true,"href":"http:\/\/s350233878.onlinehome.fr\/index.php\/wp-json\/wp\/v2\/product_cat?post=2692"},{"taxonomy":"product_tag","embeddable":true,"href":"http:\/\/s350233878.onlinehome.fr\/index.php\/wp-json\/wp\/v2\/product_tag?post=2692"}],"curies":[{"name":"wp","href":"https:\/\/api.w.org\/{rel}","templated":true}]}}