{"id":268,"date":"2023-06-30T10:54:12","date_gmt":"2023-06-30T08:54:12","guid":{"rendered":"http:\/\/vtbati.fr\/vtbati\/?post_type=product&#038;p=268"},"modified":"2023-06-30T10:54:12","modified_gmt":"2023-06-30T08:54:12","slug":"scie-circulaire-filaire1300w-sp6000j-rail","status":"publish","type":"product","link":"http:\/\/s350233878.onlinehome.fr\/index.php\/produit\/scie-circulaire-filaire1300w-sp6000j-rail\/","title":{"rendered":"Scie circulaire filaire1300w SP6000J + RAIL"},"content":{"rendered":"<h2 class=\"dc__title-section\">CARACT\u00c9RISTIQUES\u00a0TECHNIQUES<\/h2>\n<form>\n<ul class=\"attributes data \">\n<li style=\"list-style-type: none;\">\n<ul class=\"attributes data \">\n<li>\n<dl class=\"attribute\">\n<dt class=\"name\">Plongeante<\/dt>\n<dd class=\"value\">oui<\/dd>\n<\/dl>\n<\/li>\n<li>\n<dl class=\"attribute\">\n<dt class=\"name\">Puissance<\/dt>\n<dd class=\"value\">1300 W<\/dd>\n<\/dl>\n<\/li>\n<li>\n<dl class=\"attribute\">\n<dt class=\"name\">R\u00e9gime \u00e0 vide<\/dt>\n<dd class=\"value\">200 \u00e0 5800 tr\/mn<\/dd>\n<\/dl>\n<\/li>\n<li>\n<dl class=\"attribute\">\n<dt class=\"name\">Diam\u00e8tre de la lame<\/dt>\n<dd class=\"value\">165 mm<\/dd>\n<\/dl>\n<\/li>\n<li>\n<dl class=\"attribute\">\n<dt class=\"name\">Diam\u00e8tre al\u00e9sage<\/dt>\n<dd class=\"value\">20 mm<\/dd>\n<\/dl>\n<\/li>\n<li>\n<dl class=\"attribute\">\n<dt class=\"name\">Capacit\u00e9 de coupe \u00e0 90\u00b0<\/dt>\n<dd class=\"value\">56 mm<\/dd>\n<\/dl>\n<\/li>\n<li>\n<dl class=\"attribute\">\n<dt class=\"name\">Capacit\u00e9 de coupe \u00e0 45\u00b0<\/dt>\n<dd class=\"value\">40 mm<\/dd>\n<\/dl>\n<\/li>\n<li>\n<dl class=\"attribute\">\n<dt class=\"name\">Poids<\/dt>\n<dd class=\"value\">4,4 kg<\/dd>\n<\/dl>\n<\/li>\n<li>\n<dl class=\"attribute\">\n<dt class=\"name\">Valeur d&rsquo;\u00e9mission vibratoire<\/dt>\n<dd class=\"value\">2,5 m\/s\u00b2<\/dd>\n<\/dl>\n<\/li>\n<\/ul>\n<\/li>\n<\/ul>\n<div class=\"attribute product sku\"><span class=\"type\">R\u00e9f. P :<\/span>\u00a0<span class=\"value\" data-bind=\"text: selectedArticleSku\">37872644<\/span><\/div>\n<p>&nbsp;<\/p>\n<div class=\"attribute product ref\"><span class=\"type\">R\u00e9f. fabricant :<\/span>\u00a0<span class=\"value\" data-bind=\"text: getReferenceCode()\">SP6000J<\/span><\/div>\n<\/form>\n","protected":false},"excerpt":{"rendered":"<p>CARACT\u00c9RISTIQUES\u00a0TECHNIQUES Plongeante oui Puissance 1300 W R\u00e9gime \u00e0 vide 200 \u00e0 5800 tr\/mn Diam\u00e8tre de la lame 165 mm Diam\u00e8tre al\u00e9sage 20 mm Capacit\u00e9 de coupe \u00e0 90\u00b0 56 mm&hellip;<\/p>\n","protected":false},"featured_media":272,"template":"","meta":[],"product_cat":[240,160,16],"product_tag":[],"class_list":{"0":"post-268","1":"product","2":"type-product","3":"status-publish","4":"has-post-thumbnail","6":"product_cat-electricite-2","7":"product_cat-outils-electriques-portatifs","8":"product_cat-quincaillerie","10":"first","11":"instock","12":"taxable","13":"shipping-taxable","14":"purchasable","15":"product-type-simple"},"_links":{"self":[{"href":"http:\/\/s350233878.onlinehome.fr\/index.php\/wp-json\/wp\/v2\/product\/268","targetHints":{"allow":["GET"]}}],"collection":[{"href":"http:\/\/s350233878.onlinehome.fr\/index.php\/wp-json\/wp\/v2\/product"}],"about":[{"href":"http:\/\/s350233878.onlinehome.fr\/index.php\/wp-json\/wp\/v2\/types\/product"}],"wp:featuredmedia":[{"embeddable":true,"href":"http:\/\/s350233878.onlinehome.fr\/index.php\/wp-json\/wp\/v2\/media\/272"}],"wp:attachment":[{"href":"http:\/\/s350233878.onlinehome.fr\/index.php\/wp-json\/wp\/v2\/media?parent=268"}],"wp:term":[{"taxonomy":"product_cat","embeddable":true,"href":"http:\/\/s350233878.onlinehome.fr\/index.php\/wp-json\/wp\/v2\/product_cat?post=268"},{"taxonomy":"product_tag","embeddable":true,"href":"http:\/\/s350233878.onlinehome.fr\/index.php\/wp-json\/wp\/v2\/product_tag?post=268"}],"curies":[{"name":"wp","href":"https:\/\/api.w.org\/{rel}","templated":true}]}}