{"id":2554,"date":"2023-11-20T16:01:27","date_gmt":"2023-11-20T15:01:27","guid":{"rendered":"https:\/\/vtbati.fr\/vtbati\/?post_type=product&#038;p=2554"},"modified":"2023-11-21T11:59:11","modified_gmt":"2023-11-21T10:59:11","slug":"nos-stores-exterieurs","status":"publish","type":"product","link":"http:\/\/s350233878.onlinehome.fr\/index.php\/produit\/nos-stores-exterieurs\/","title":{"rendered":"Nos stores ext\u00e9rieurs"},"content":{"rendered":"","protected":false},"excerpt":{"rendered":"<p>Coffre d\u00e9bordant en int\u00e9rieur (hauteur de 190 mm avec une aile de recouvrement de 30 mm) et isol\u00e9 thermiquement et phoniquement en standard Disponible\u00a0 avec un tablier \u00e0 lames PVC ou aluminium double paroi isol\u00e9e (de 37 mm).Large choix de coloris.<\/p>\n<p><strong>\u00a0Tout Savoir ICI.<\/strong><\/p>\n","protected":false},"featured_media":1808,"template":"","meta":[],"product_cat":[122,22],"product_tag":[84,500,83,515,514,513,516],"class_list":{"0":"post-2554","1":"product","2":"type-product","3":"status-publish","4":"has-post-thumbnail","6":"product_cat-connecteurs-et-bornes","7":"product_cat-menuiseries","8":"product_tag-alu","9":"product_tag-configurateur","10":"product_tag-menuiserie","11":"product_tag-volets-roulants-a-lames-orientables","12":"product_tag-volets-roulants-demi-linteau","13":"product_tag-volets-roulants-incorpore-a-debord-interieur","14":"product_tag-volets-roulants-solaires","16":"first","17":"instock","18":"taxable","19":"shipping-taxable","20":"purchasable","21":"product-type-simple"},"_links":{"self":[{"href":"http:\/\/s350233878.onlinehome.fr\/index.php\/wp-json\/wp\/v2\/product\/2554","targetHints":{"allow":["GET"]}}],"collection":[{"href":"http:\/\/s350233878.onlinehome.fr\/index.php\/wp-json\/wp\/v2\/product"}],"about":[{"href":"http:\/\/s350233878.onlinehome.fr\/index.php\/wp-json\/wp\/v2\/types\/product"}],"wp:featuredmedia":[{"embeddable":true,"href":"http:\/\/s350233878.onlinehome.fr\/index.php\/wp-json\/wp\/v2\/media\/1808"}],"wp:attachment":[{"href":"http:\/\/s350233878.onlinehome.fr\/index.php\/wp-json\/wp\/v2\/media?parent=2554"}],"wp:term":[{"taxonomy":"product_cat","embeddable":true,"href":"http:\/\/s350233878.onlinehome.fr\/index.php\/wp-json\/wp\/v2\/product_cat?post=2554"},{"taxonomy":"product_tag","embeddable":true,"href":"http:\/\/s350233878.onlinehome.fr\/index.php\/wp-json\/wp\/v2\/product_tag?post=2554"}],"curies":[{"name":"wp","href":"https:\/\/api.w.org\/{rel}","templated":true}]}}