{"id":237,"date":"2023-06-30T10:54:07","date_gmt":"2023-06-30T08:54:07","guid":{"rendered":"http:\/\/vtbati.fr\/vtbati\/?post_type=product&#038;p=237"},"modified":"2023-06-30T10:54:07","modified_gmt":"2023-06-30T08:54:07","slug":"rail-de-guidage-194368-5","status":"publish","type":"product","link":"http:\/\/s350233878.onlinehome.fr\/index.php\/produit\/rail-de-guidage-194368-5\/","title":{"rendered":"Rail de guidage 194368-5"},"content":{"rendered":"<p>CARACT\u00c9RISTIQUES TECHNIQUES<br \/>\nCompatible avec (marque)<br \/>\nMAKITA<br \/>\nCompatible avec (mod\u00e8le)<br \/>\nscie plongeante<br \/>\nLongueur<br \/>\n1400 mm<\/p>\n<p>Description<br \/>\ndu produit<br \/>\nRail de guidage tr\u00e8s haute qualit\u00e9. Longueur : 140 cm.<br \/>\nR\u00e9f. P : 64316001<\/p>\n<p>R\u00e9f. fabricant : 194368-5<\/p>\n","protected":false},"excerpt":{"rendered":"<p>CARACT\u00c9RISTIQUES TECHNIQUES Compatible avec (marque) MAKITA Compatible avec (mod\u00e8le) scie plongeante Longueur 1400 mm Description du produit Rail de guidage tr\u00e8s haute qualit\u00e9. Longueur : 140 cm. R\u00e9f. P :&hellip;<\/p>\n","protected":false},"featured_media":251,"template":"","meta":[],"product_cat":[160,16],"product_tag":[],"class_list":{"0":"post-237","1":"product","2":"type-product","3":"status-publish","4":"has-post-thumbnail","6":"product_cat-outils-electriques-portatifs","7":"product_cat-quincaillerie","9":"first","10":"instock","11":"taxable","12":"shipping-taxable","13":"purchasable","14":"product-type-simple"},"_links":{"self":[{"href":"http:\/\/s350233878.onlinehome.fr\/index.php\/wp-json\/wp\/v2\/product\/237","targetHints":{"allow":["GET"]}}],"collection":[{"href":"http:\/\/s350233878.onlinehome.fr\/index.php\/wp-json\/wp\/v2\/product"}],"about":[{"href":"http:\/\/s350233878.onlinehome.fr\/index.php\/wp-json\/wp\/v2\/types\/product"}],"wp:featuredmedia":[{"embeddable":true,"href":"http:\/\/s350233878.onlinehome.fr\/index.php\/wp-json\/wp\/v2\/media\/251"}],"wp:attachment":[{"href":"http:\/\/s350233878.onlinehome.fr\/index.php\/wp-json\/wp\/v2\/media?parent=237"}],"wp:term":[{"taxonomy":"product_cat","embeddable":true,"href":"http:\/\/s350233878.onlinehome.fr\/index.php\/wp-json\/wp\/v2\/product_cat?post=237"},{"taxonomy":"product_tag","embeddable":true,"href":"http:\/\/s350233878.onlinehome.fr\/index.php\/wp-json\/wp\/v2\/product_tag?post=237"}],"curies":[{"name":"wp","href":"https:\/\/api.w.org\/{rel}","templated":true}]}}