{"id":235,"date":"2023-06-30T10:54:06","date_gmt":"2023-06-30T08:54:06","guid":{"rendered":"http:\/\/vtbati.fr\/vtbati\/?post_type=product&#038;p=235"},"modified":"2023-06-30T10:54:06","modified_gmt":"2023-06-30T08:54:06","slug":"tete-3-couteaux-plastique-pour-coupe-herbe-makita","status":"publish","type":"product","link":"http:\/\/s350233878.onlinehome.fr\/index.php\/produit\/tete-3-couteaux-plastique-pour-coupe-herbe-makita\/","title":{"rendered":"T\u00eate 3 couteaux plastique pour coupe-herbe Makita"},"content":{"rendered":"<p>CARACT\u00c9RISTIQUES TECHNIQUES<br \/>\nType d&rsquo;accessoire<br \/>\nt\u00eate couteaux<br \/>\nCompatible avec (marque)<br \/>\nMakita<br \/>\nCompatible avec (gamme)<br \/>\ncoupe-herbes<br \/>\nCompatible avec (mod\u00e8le)<br \/>\nDUR189Z<br \/>\nDUR190LZX3<br \/>\nDUR191UZX3<br \/>\nDUR368ARF2<br \/>\nDUR368AZ<br \/>\nDUR368LZ<br \/>\nDUR369AZ<br \/>\nDUR369LZ<br \/>\nUR101CZ<\/p>\n<p>R\u00e9f. P : 68457890<\/p>\n<p>R\u00e9f. fabricant : 198383-1<\/p>\n","protected":false},"excerpt":{"rendered":"<p>CARACT\u00c9RISTIQUES TECHNIQUES Type d&rsquo;accessoire t\u00eate couteaux Compatible avec (marque) Makita Compatible avec (gamme) coupe-herbes Compatible avec (mod\u00e8le) DUR189Z DUR190LZX3 DUR191UZX3 DUR368ARF2 DUR368AZ DUR368LZ DUR369AZ DUR369LZ UR101CZ R\u00e9f. P : 68457890&hellip;<\/p>\n","protected":false},"featured_media":236,"template":"","meta":[],"product_cat":[160,16],"product_tag":[],"class_list":{"0":"post-235","1":"product","2":"type-product","3":"status-publish","4":"has-post-thumbnail","6":"product_cat-outils-electriques-portatifs","7":"product_cat-quincaillerie","9":"first","10":"instock","11":"taxable","12":"shipping-taxable","13":"purchasable","14":"product-type-simple"},"_links":{"self":[{"href":"http:\/\/s350233878.onlinehome.fr\/index.php\/wp-json\/wp\/v2\/product\/235","targetHints":{"allow":["GET"]}}],"collection":[{"href":"http:\/\/s350233878.onlinehome.fr\/index.php\/wp-json\/wp\/v2\/product"}],"about":[{"href":"http:\/\/s350233878.onlinehome.fr\/index.php\/wp-json\/wp\/v2\/types\/product"}],"wp:featuredmedia":[{"embeddable":true,"href":"http:\/\/s350233878.onlinehome.fr\/index.php\/wp-json\/wp\/v2\/media\/236"}],"wp:attachment":[{"href":"http:\/\/s350233878.onlinehome.fr\/index.php\/wp-json\/wp\/v2\/media?parent=235"}],"wp:term":[{"taxonomy":"product_cat","embeddable":true,"href":"http:\/\/s350233878.onlinehome.fr\/index.php\/wp-json\/wp\/v2\/product_cat?post=235"},{"taxonomy":"product_tag","embeddable":true,"href":"http:\/\/s350233878.onlinehome.fr\/index.php\/wp-json\/wp\/v2\/product_tag?post=235"}],"curies":[{"name":"wp","href":"https:\/\/api.w.org\/{rel}","templated":true}]}}