{"id":233,"date":"2023-06-30T10:54:05","date_gmt":"2023-06-30T08:54:05","guid":{"rendered":"http:\/\/vtbati.fr\/vtbati\/?post_type=product&#038;p=233"},"modified":"2023-06-30T10:54:05","modified_gmt":"2023-06-30T08:54:05","slug":"tete-a-fil-pour-makita-bf-z5tapgo","status":"publish","type":"product","link":"http:\/\/s350233878.onlinehome.fr\/index.php\/produit\/tete-a-fil-pour-makita-bf-z5tapgo\/","title":{"rendered":"T\u00eate \u00e0 fil pour Makita B&#038;F, Z5,Tap&#038;Go"},"content":{"rendered":"<p>T\u00eate \u00e0 fil tap et go M10X1,25G FIL 2,4 MM<\/p>\n<p>CARACT\u00c9RISTIQUES TECHNIQUES<br \/>\nType d&rsquo;accessoire<br \/>\nt\u00eate \u00e0 fil<br \/>\nCompatible avec (marque)<br \/>\nMakita<br \/>\nCompatible avec (gamme)<br \/>\nB&#038;F Z5<br \/>\nTap&#038;Go<br \/>\nCompatible avec (mod\u00e8le)<br \/>\nAC3610<br \/>\nAT1831C<br \/>\nAT1831U<br \/>\nAT3623<br \/>\nAT3630<br \/>\nBBC231U<br \/>\nBBC300L<br \/>\nBUX360<br \/>\nDUR182L<br \/>\nDUR182U<br \/>\nMS246-4CE<br \/>\nMS246-4UE<br \/>\nMS335-4C<br \/>\nMS335-4UT<br \/>\nMS34U<br \/>\nMS352-4R<br \/>\nMS4215<br \/>\nMS430-4C<br \/>\nMS430-4U<br \/>\nMS4300-4R<br \/>\nMS4300-4U<br \/>\nt\u00eate de d\u00e9broussailleuse CS<\/p>\n","protected":false},"excerpt":{"rendered":"<p>T\u00eate \u00e0 fil tap et go M10X1,25G FIL 2,4 MM CARACT\u00c9RISTIQUES TECHNIQUES Type d&rsquo;accessoire t\u00eate \u00e0 fil Compatible avec (marque) Makita Compatible avec (gamme) B&#038;F Z5 Tap&#038;Go Compatible avec (mod\u00e8le)&hellip;<\/p>\n","protected":false},"featured_media":234,"template":"","meta":[],"product_cat":[160,16],"product_tag":[],"class_list":{"0":"post-233","1":"product","2":"type-product","3":"status-publish","4":"has-post-thumbnail","6":"product_cat-outils-electriques-portatifs","7":"product_cat-quincaillerie","9":"first","10":"instock","11":"taxable","12":"shipping-taxable","13":"purchasable","14":"product-type-simple"},"_links":{"self":[{"href":"http:\/\/s350233878.onlinehome.fr\/index.php\/wp-json\/wp\/v2\/product\/233","targetHints":{"allow":["GET"]}}],"collection":[{"href":"http:\/\/s350233878.onlinehome.fr\/index.php\/wp-json\/wp\/v2\/product"}],"about":[{"href":"http:\/\/s350233878.onlinehome.fr\/index.php\/wp-json\/wp\/v2\/types\/product"}],"wp:featuredmedia":[{"embeddable":true,"href":"http:\/\/s350233878.onlinehome.fr\/index.php\/wp-json\/wp\/v2\/media\/234"}],"wp:attachment":[{"href":"http:\/\/s350233878.onlinehome.fr\/index.php\/wp-json\/wp\/v2\/media?parent=233"}],"wp:term":[{"taxonomy":"product_cat","embeddable":true,"href":"http:\/\/s350233878.onlinehome.fr\/index.php\/wp-json\/wp\/v2\/product_cat?post=233"},{"taxonomy":"product_tag","embeddable":true,"href":"http:\/\/s350233878.onlinehome.fr\/index.php\/wp-json\/wp\/v2\/product_tag?post=233"}],"curies":[{"name":"wp","href":"https:\/\/api.w.org\/{rel}","templated":true}]}}