{"id":228,"date":"2023-06-30T10:54:04","date_gmt":"2023-06-30T08:54:04","guid":{"rendered":"http:\/\/vtbati.fr\/vtbati\/?post_type=product&#038;p=228"},"modified":"2023-06-30T10:54:04","modified_gmt":"2023-06-30T08:54:04","slug":"fil-nylon-pour-debroussailleuse-makita","status":"publish","type":"product","link":"http:\/\/s350233878.onlinehome.fr\/index.php\/produit\/fil-nylon-pour-debroussailleuse-makita\/","title":{"rendered":"Fil nylon pour d\u00e9broussailleuse Makita"},"content":{"rendered":"<p>Fil nylon Type d&rsquo;accessoire<br \/>\nfil<\/p>\n<p>Compatible avec (marque) Makita<br \/>\nCompatible avec (gamme) d\u00e9broussailleuses<\/p>\n<p>Compatible avec (mod\u00e8le)<br \/>\nDUR368ARF2<br \/>\nDUR368AZ<br \/>\nDUR368LZ<br \/>\nDUR369AZ<br \/>\nUR101CZon pour d\u00e9broussailleuse batterie 2,4mm, 30M<\/p>\n","protected":false},"excerpt":{"rendered":"<p>Fil nylon Type d&rsquo;accessoire fil Compatible avec (marque) Makita Compatible avec (gamme) d\u00e9broussailleuses Compatible avec (mod\u00e8le) DUR368ARF2 DUR368AZ DUR368LZ DUR369AZ UR101CZon pour d\u00e9broussailleuse batterie 2,4mm, 30M<\/p>\n","protected":false},"featured_media":229,"template":"","meta":[],"product_cat":[160,16],"product_tag":[],"class_list":{"0":"post-228","1":"product","2":"type-product","3":"status-publish","4":"has-post-thumbnail","6":"product_cat-outils-electriques-portatifs","7":"product_cat-quincaillerie","9":"first","10":"instock","11":"taxable","12":"shipping-taxable","13":"purchasable","14":"product-type-simple"},"_links":{"self":[{"href":"http:\/\/s350233878.onlinehome.fr\/index.php\/wp-json\/wp\/v2\/product\/228","targetHints":{"allow":["GET"]}}],"collection":[{"href":"http:\/\/s350233878.onlinehome.fr\/index.php\/wp-json\/wp\/v2\/product"}],"about":[{"href":"http:\/\/s350233878.onlinehome.fr\/index.php\/wp-json\/wp\/v2\/types\/product"}],"wp:featuredmedia":[{"embeddable":true,"href":"http:\/\/s350233878.onlinehome.fr\/index.php\/wp-json\/wp\/v2\/media\/229"}],"wp:attachment":[{"href":"http:\/\/s350233878.onlinehome.fr\/index.php\/wp-json\/wp\/v2\/media?parent=228"}],"wp:term":[{"taxonomy":"product_cat","embeddable":true,"href":"http:\/\/s350233878.onlinehome.fr\/index.php\/wp-json\/wp\/v2\/product_cat?post=228"},{"taxonomy":"product_tag","embeddable":true,"href":"http:\/\/s350233878.onlinehome.fr\/index.php\/wp-json\/wp\/v2\/product_tag?post=228"}],"curies":[{"name":"wp","href":"https:\/\/api.w.org\/{rel}","templated":true}]}}