{"id":226,"date":"2023-06-30T10:54:04","date_gmt":"2023-06-30T08:54:04","guid":{"rendered":"http:\/\/vtbati.fr\/vtbati\/?post_type=product&#038;p=226"},"modified":"2023-06-30T10:54:04","modified_gmt":"2023-06-30T08:54:04","slug":"perceuse-visseuse-sans-fil-makita-ddf486zj","status":"publish","type":"product","link":"http:\/\/s350233878.onlinehome.fr\/index.php\/produit\/perceuse-visseuse-sans-fil-makita-ddf486zj\/","title":{"rendered":"Perceuse visseuse sans-fil Makita DDF486ZJ &#8211; LXT 18V Li-ion &#8211; Mbox &#8211; 12 nm &#8211; Brushless &#8211; Machine seule"},"content":{"rendered":"<p>Extr\u00eamement solide et durable pour les travaux les plus difficiles.<br \/>\nVitesse et puissance constantes pendant la charge de travail.<br \/>\n2 fonctions : vissage et per\u00e7age.<br \/>\nHaut confort de travail ergonomique gr\u00e2ce \u00e0 l&rsquo;excellent \u00e9quilibre machine-batterie et \u00e0 la poign\u00e9e souple confortable.<br \/>\nUltra durable gr\u00e2ce au Moteur brushless en carbone : d\u00e9veloppement de chaleur plus faible et s\u00e9curit\u00e9 plus \u00e9lev\u00e9e.<br \/>\nExtr\u00eamement durable gr\u00e2ce \u00e0 la protection contre la surcharge et la sous-d\u00e9charge.<br \/>\n\u00c9quip\u00e9 d&rsquo;un double \u00e9clairage LED pour une visibilit\u00e9 encore meilleure.<\/p>\n<p>Voulez-vous acheter un produit Makita DDF486ZJ du rayon Perceuse visseuse sans fil ? Les articles de Makita sont parfaits pour vos travaux. Chez Fixami.fr, vous trouverez tous les outils de Makita dont vous avez besoin. Profitez de produits d&rsquo;excellente qualit\u00e9 \u00e0 des tr\u00e8s bons prix et avec une livraison rapide.<\/p>\n<p>Perceuse visseuse sans fil :<br \/>\nPerceuse visseuse sans fil &#8211; Makita DDF486ZJ : ce produit peut \u00eatre utilis\u00e9 pour des applications telles que :<\/p>\n<p>&#8211; Vissage et per\u00e7age, pour les travaux qui n\u00e9cessitent plus de force<\/p>\n<p>&#8211; Travailler dans des endroits o\u00f9 il n&rsquo;y a pas d&rsquo;\u00e9lectricit\u00e9 \u00e0 proximit\u00e9<\/p>\n<p>&#8211; Travail quotidien \u00e0 l&rsquo;int\u00e9rieur et \u00e0 l&rsquo;ext\u00e9rieur<\/p>\n","protected":false},"excerpt":{"rendered":"<p>Extr\u00eamement solide et durable pour les travaux les plus difficiles. Vitesse et puissance constantes pendant la charge de travail. 2 fonctions : vissage et per\u00e7age. Haut confort de travail ergonomique&hellip;<\/p>\n","protected":false},"featured_media":227,"template":"","meta":[],"product_cat":[240,160,16],"product_tag":[],"class_list":{"0":"post-226","1":"product","2":"type-product","3":"status-publish","4":"has-post-thumbnail","6":"product_cat-electricite-2","7":"product_cat-outils-electriques-portatifs","8":"product_cat-quincaillerie","10":"first","11":"instock","12":"taxable","13":"shipping-taxable","14":"purchasable","15":"product-type-simple"},"_links":{"self":[{"href":"http:\/\/s350233878.onlinehome.fr\/index.php\/wp-json\/wp\/v2\/product\/226","targetHints":{"allow":["GET"]}}],"collection":[{"href":"http:\/\/s350233878.onlinehome.fr\/index.php\/wp-json\/wp\/v2\/product"}],"about":[{"href":"http:\/\/s350233878.onlinehome.fr\/index.php\/wp-json\/wp\/v2\/types\/product"}],"wp:featuredmedia":[{"embeddable":true,"href":"http:\/\/s350233878.onlinehome.fr\/index.php\/wp-json\/wp\/v2\/media\/227"}],"wp:attachment":[{"href":"http:\/\/s350233878.onlinehome.fr\/index.php\/wp-json\/wp\/v2\/media?parent=226"}],"wp:term":[{"taxonomy":"product_cat","embeddable":true,"href":"http:\/\/s350233878.onlinehome.fr\/index.php\/wp-json\/wp\/v2\/product_cat?post=226"},{"taxonomy":"product_tag","embeddable":true,"href":"http:\/\/s350233878.onlinehome.fr\/index.php\/wp-json\/wp\/v2\/product_tag?post=226"}],"curies":[{"name":"wp","href":"https:\/\/api.w.org\/{rel}","templated":true}]}}