{"id":222,"date":"2023-06-30T10:54:03","date_gmt":"2023-06-30T08:54:03","guid":{"rendered":"http:\/\/vtbati.fr\/vtbati\/?post_type=product&#038;p=222"},"modified":"2023-06-30T10:54:03","modified_gmt":"2023-06-30T08:54:03","slug":"cheville-metallique-ometal5-pour-plaques-de-platre-avec-vis-tete-ronde-et-rondelle-diametre-de-filetage-5-mm","status":"publish","type":"product","link":"http:\/\/s350233878.onlinehome.fr\/index.php\/produit\/cheville-metallique-ometal5-pour-plaques-de-platre-avec-vis-tete-ronde-et-rondelle-diametre-de-filetage-5-mm\/","title":{"rendered":"Cheville m\u00e9tallique O&rsquo;METAL5 pour plaques de pl\u00e2tre avec vis t\u00eate ronde et rondelle &#8211; Diam\u00e8tre de filetage : 5 mm"},"content":{"rendered":"<p>R\u00e9f. PROLIANS : 57563656<\/p>\n<p>R\u00e9f. fabricant : OMET5M5\/10X66<\/p>\n<p>Description du produit<\/p>\n<p>Cheville m\u00e9canique \u00e0 expansion pour mat\u00e9riaux creux.<br \/>\nRondelle plate avec 2 ergots anti-rotation.<br \/>\n5 branches pour une meilleure r\u00e9partition de la charge.<br \/>\nCollerette d\u00e9tachable pour un d\u00e9montage ais\u00e9.<br \/>\nCheville mono-corps pour des performances optimales.<\/p>\n","protected":false},"excerpt":{"rendered":"<p>R\u00e9f. PROLIANS : 57563656 R\u00e9f. fabricant : OMET5M5\/10X66 Description du produit Cheville m\u00e9canique \u00e0 expansion pour mat\u00e9riaux creux. Rondelle plate avec 2 ergots anti-rotation. 5 branches pour une meilleure r\u00e9partition&hellip;<\/p>\n","protected":false},"featured_media":0,"template":"","meta":[],"product_cat":[160,16],"product_tag":[],"class_list":{"0":"post-222","1":"product","2":"type-product","3":"status-publish","5":"product_cat-outils-electriques-portatifs","6":"product_cat-quincaillerie","8":"first","9":"instock","10":"taxable","11":"shipping-taxable","12":"purchasable","13":"product-type-simple"},"_links":{"self":[{"href":"http:\/\/s350233878.onlinehome.fr\/index.php\/wp-json\/wp\/v2\/product\/222","targetHints":{"allow":["GET"]}}],"collection":[{"href":"http:\/\/s350233878.onlinehome.fr\/index.php\/wp-json\/wp\/v2\/product"}],"about":[{"href":"http:\/\/s350233878.onlinehome.fr\/index.php\/wp-json\/wp\/v2\/types\/product"}],"wp:attachment":[{"href":"http:\/\/s350233878.onlinehome.fr\/index.php\/wp-json\/wp\/v2\/media?parent=222"}],"wp:term":[{"taxonomy":"product_cat","embeddable":true,"href":"http:\/\/s350233878.onlinehome.fr\/index.php\/wp-json\/wp\/v2\/product_cat?post=222"},{"taxonomy":"product_tag","embeddable":true,"href":"http:\/\/s350233878.onlinehome.fr\/index.php\/wp-json\/wp\/v2\/product_tag?post=222"}],"curies":[{"name":"wp","href":"https:\/\/api.w.org\/{rel}","templated":true}]}}