{"id":1837,"date":"2023-07-21T14:37:07","date_gmt":"2023-07-21T12:37:07","guid":{"rendered":"https:\/\/vtbati.fr\/vtbati\/?post_type=product&#038;p=1837"},"modified":"2023-11-16T16:09:35","modified_gmt":"2023-11-16T15:09:35","slug":"nos-portes","status":"publish","type":"product","link":"http:\/\/s350233878.onlinehome.fr\/index.php\/produit\/nos-portes\/","title":{"rendered":"Nos Portes"},"content":{"rendered":"","protected":false},"excerpt":{"rendered":"<p>Entre esth\u00e9tisme et praticit\u00e9, trouver sa porte n\u2019est pas toujours ais\u00e9. Laissez-nous vous accompagner pour faire le meilleur choix.<br \/>\nPour un apport de lumi\u00e8re dans votre entr\u00e9e, pensez aussi \u00e0 une composition avec un semi-fixe, un fixe ou une imposte.<\/p>\n<p><strong>\u00a0<a href=\"https:\/\/vtbati.fr\/vtbati\/index.php\/caracteristiques\/\">Tout Savoir ICI.<\/a><\/strong><\/p>\n","protected":false},"featured_media":1868,"template":"","meta":[],"product_cat":[122,22],"product_tag":[527,84,37,490,500,523,83,528,526,525,524,521,486,522],"class_list":{"0":"post-1837","1":"product","2":"type-product","3":"status-publish","4":"has-post-thumbnail","6":"product_cat-connecteurs-et-bornes","7":"product_cat-menuiseries","8":"product_tag-acier","9":"product_tag-alu","10":"product_tag-aluminium","11":"product_tag-bois","12":"product_tag-configurateur","13":"product_tag-contemporaine","14":"product_tag-menuiserie","15":"product_tag-mixte-alu-bois","16":"product_tag-porte-grand-vitrage","17":"product_tag-porte-partiellement-vitree","18":"product_tag-porte-pleine-sans-vitrage","19":"product_tag-portes-dentree","20":"product_tag-pvc","21":"product_tag-traditionnelle","23":"first","24":"instock","25":"taxable","26":"shipping-taxable","27":"purchasable","28":"product-type-simple"},"_links":{"self":[{"href":"http:\/\/s350233878.onlinehome.fr\/index.php\/wp-json\/wp\/v2\/product\/1837","targetHints":{"allow":["GET"]}}],"collection":[{"href":"http:\/\/s350233878.onlinehome.fr\/index.php\/wp-json\/wp\/v2\/product"}],"about":[{"href":"http:\/\/s350233878.onlinehome.fr\/index.php\/wp-json\/wp\/v2\/types\/product"}],"wp:featuredmedia":[{"embeddable":true,"href":"http:\/\/s350233878.onlinehome.fr\/index.php\/wp-json\/wp\/v2\/media\/1868"}],"wp:attachment":[{"href":"http:\/\/s350233878.onlinehome.fr\/index.php\/wp-json\/wp\/v2\/media?parent=1837"}],"wp:term":[{"taxonomy":"product_cat","embeddable":true,"href":"http:\/\/s350233878.onlinehome.fr\/index.php\/wp-json\/wp\/v2\/product_cat?post=1837"},{"taxonomy":"product_tag","embeddable":true,"href":"http:\/\/s350233878.onlinehome.fr\/index.php\/wp-json\/wp\/v2\/product_tag?post=1837"}],"curies":[{"name":"wp","href":"https:\/\/api.w.org\/{rel}","templated":true}]}}