{"id":1773,"date":"2023-07-20T16:12:00","date_gmt":"2023-07-20T14:12:00","guid":{"rendered":"https:\/\/vtbati.fr\/vtbati\/?post_type=product&#038;p=1773"},"modified":"2023-10-26T16:17:29","modified_gmt":"2023-10-26T14:17:29","slug":"fenetre-bois","status":"publish","type":"product","link":"http:\/\/s350233878.onlinehome.fr\/index.php\/produit\/fenetre-bois\/","title":{"rendered":"FEN\u00caTRE BOIS"},"content":{"rendered":"<h2 class=\"first-block__title has-large-font-size\"><span class=\"has-primary-color\"><span style=\"vertical-align: inherit;\"><span style=\"vertical-align: inherit;\"><span style=\"vertical-align: inherit;\"><span style=\"vertical-align: inherit;\"><span style=\"vertical-align: inherit;\"><span style=\"vertical-align: inherit;\"><span style=\"vertical-align: inherit;\"><span style=\"vertical-align: inherit;\">VTBatizoom<\/span><\/span><\/span><\/span><\/span><\/span><\/span><\/span><\/span><span style=\"vertical-align: inherit;\"><span style=\"vertical-align: inherit;\"><span style=\"vertical-align: inherit;\"><span style=\"vertical-align: inherit;\"><span style=\"vertical-align: inherit;\"><span style=\"vertical-align: inherit;\"><span style=\"vertical-align: inherit;\"><span style=\"vertical-align: inherit;\"> *<\/span><\/span><\/span><\/span><\/span><\/span><\/span><\/span><\/h2>\n<h3 class=\"has-big-font-size\">*En d\u00e9tails &#8230;<\/h3>\n<div class=\"first-block__description needs-space\">La qualit\u00e9 des ouvertures se per\u00e7oit au travers des attentions port\u00e9es \u00e0 chaque \u00e9tape de la fabrication jusqu\u2019\u00e0 la pose sur site. Une exigence d\u2019excellence qui, au del\u00e0 de la perfection esth\u00e9tique, vous assure parfaite long\u00e9vit\u00e9 et r\u00e9sistance aux usages quotidiens.<\/div>\n","protected":false},"excerpt":{"rendered":"<p>La qualit\u00e9 des ouvertures se per\u00e7oit au travers des attentions port\u00e9es \u00e0 chaque \u00e9tape de la fabrication jusqu\u2019\u00e0 la pose sur site. Une exigence d\u2019excellence qui, au del\u00e0 de la perfection esth\u00e9tique, vous assure parfaite long\u00e9vit\u00e9 et r\u00e9sistance aux usages quotidiens.<\/p>\n<p><strong>\u00a0<a href=\"https:\/\/vtbati.fr\/vtbati\/index.php\/caracteristiques\/\">Tout Savoir ICI.<\/a><\/strong><\/p>\n","protected":false},"featured_media":1779,"template":"","meta":[],"product_cat":[122,22],"product_tag":[86,507,490,508,509,500,510,36,511,83,512],"class_list":{"0":"post-1773","1":"product","2":"type-product","3":"status-publish","4":"has-post-thumbnail","6":"product_cat-connecteurs-et-bornes","7":"product_cat-menuiseries","8":"product_tag-baie-coulissante","9":"product_tag-baie-coulissante-et-chassis-fixe","10":"product_tag-bois","11":"product_tag-cocoon-cremone-en-applique","12":"product_tag-cocoon-option-espagnolette","13":"product_tag-configurateur","14":"product_tag-double-porte-battante-imposte-cintree","15":"product_tag-fenetre","16":"product_tag-fenetre-bois-option-petits-bois","17":"product_tag-menuiserie","18":"product_tag-porte-vitree-oscillo-battante","20":"first","21":"instock","22":"taxable","23":"shipping-taxable","24":"purchasable","25":"product-type-simple"},"_links":{"self":[{"href":"http:\/\/s350233878.onlinehome.fr\/index.php\/wp-json\/wp\/v2\/product\/1773","targetHints":{"allow":["GET"]}}],"collection":[{"href":"http:\/\/s350233878.onlinehome.fr\/index.php\/wp-json\/wp\/v2\/product"}],"about":[{"href":"http:\/\/s350233878.onlinehome.fr\/index.php\/wp-json\/wp\/v2\/types\/product"}],"wp:featuredmedia":[{"embeddable":true,"href":"http:\/\/s350233878.onlinehome.fr\/index.php\/wp-json\/wp\/v2\/media\/1779"}],"wp:attachment":[{"href":"http:\/\/s350233878.onlinehome.fr\/index.php\/wp-json\/wp\/v2\/media?parent=1773"}],"wp:term":[{"taxonomy":"product_cat","embeddable":true,"href":"http:\/\/s350233878.onlinehome.fr\/index.php\/wp-json\/wp\/v2\/product_cat?post=1773"},{"taxonomy":"product_tag","embeddable":true,"href":"http:\/\/s350233878.onlinehome.fr\/index.php\/wp-json\/wp\/v2\/product_tag?post=1773"}],"curies":[{"name":"wp","href":"https:\/\/api.w.org\/{rel}","templated":true}]}}