{"id":1746,"date":"2023-07-20T15:17:41","date_gmt":"2023-07-20T13:17:41","guid":{"rendered":"https:\/\/vtbati.fr\/vtbati\/?post_type=product&#038;p=1746"},"modified":"2023-10-26T15:34:57","modified_gmt":"2023-10-26T13:34:57","slug":"fenetre-alu","status":"publish","type":"product","link":"http:\/\/s350233878.onlinehome.fr\/index.php\/produit\/fenetre-alu\/","title":{"rendered":"FENETRE ALU"},"content":{"rendered":"<h2 class=\"first-block__title has-large-font-size\"><span class=\"has-primary-color\"><span style=\"vertical-align: inherit;\"><span style=\"vertical-align: inherit;\"><span style=\"vertical-align: inherit;\"><span style=\"vertical-align: inherit;\"><span style=\"vertical-align: inherit;\"><span style=\"vertical-align: inherit;\"><span style=\"vertical-align: inherit;\"><span style=\"vertical-align: inherit;\">VTBatizoom<\/span><\/span><\/span><\/span><\/span><\/span><\/span><\/span><\/span><span style=\"vertical-align: inherit;\"><span style=\"vertical-align: inherit;\"><span style=\"vertical-align: inherit;\"><span style=\"vertical-align: inherit;\"><span style=\"vertical-align: inherit;\"><span style=\"vertical-align: inherit;\"><span style=\"vertical-align: inherit;\"><span style=\"vertical-align: inherit;\"> *<\/span><\/span><\/span><\/span><\/span><\/span><\/span><\/span><\/h2>\n<h3 class=\"has-big-font-size\">*En d\u00e9tails &#8230;<\/h3>\n<div class=\"first-block__description needs-space\">Monocoloration ou bicoloration possible en RAL illimit\u00e9.<br \/>\nLaissez place \u00e0 vos envies\u202f!<br \/>\nUn ouvrant de 80 mm qui donne des performances thermiques optimales.<br \/>\nDrainage cach\u00e9 en partie basse pour une esth\u00e9tique \u00e9pur\u00e9e.<br \/>\nCompatible avec le capteur I-Secure\u00ae<br \/>\nOption triple vitrage possible.\u200b<\/div>\n","protected":false},"excerpt":{"rendered":"<p>Votre ext\u00e9rieur s&rsquo;invite \u00e0 l&rsquo;int\u00e9rieur. L&rsquo;ext\u00e9rieur de la maison vient en extension de la pi\u00e8ce de vie jusqu&rsquo;\u00e0 4,40 m de large. Gagnez en luminosit\u00e9 et en largeur de passage pour plus de confort !<\/p>\n<p><strong>\u00a0<a href=\"https:\/\/vtbati.fr\/vtbati\/index.php\/caracteristiques\/\">Tout Savoir ICI.<\/a><\/strong><\/p>\n","protected":false},"featured_media":1761,"template":"","meta":[],"product_cat":[122,22],"product_tag":[84,504,503,500,83,505,506],"class_list":{"0":"post-1746","1":"product","2":"type-product","3":"status-publish","4":"has-post-thumbnail","6":"product_cat-connecteurs-et-bornes","7":"product_cat-menuiseries","8":"product_tag-alu","9":"product_tag-baie-coulissante-alu","10":"product_tag-baie-galandage-alu","11":"product_tag-configurateur","12":"product_tag-menuiserie","13":"product_tag-ouvrant-discret","14":"product_tag-ouvrant-othentic-aluminium","16":"first","17":"instock","18":"taxable","19":"shipping-taxable","20":"purchasable","21":"product-type-simple"},"_links":{"self":[{"href":"http:\/\/s350233878.onlinehome.fr\/index.php\/wp-json\/wp\/v2\/product\/1746","targetHints":{"allow":["GET"]}}],"collection":[{"href":"http:\/\/s350233878.onlinehome.fr\/index.php\/wp-json\/wp\/v2\/product"}],"about":[{"href":"http:\/\/s350233878.onlinehome.fr\/index.php\/wp-json\/wp\/v2\/types\/product"}],"wp:featuredmedia":[{"embeddable":true,"href":"http:\/\/s350233878.onlinehome.fr\/index.php\/wp-json\/wp\/v2\/media\/1761"}],"wp:attachment":[{"href":"http:\/\/s350233878.onlinehome.fr\/index.php\/wp-json\/wp\/v2\/media?parent=1746"}],"wp:term":[{"taxonomy":"product_cat","embeddable":true,"href":"http:\/\/s350233878.onlinehome.fr\/index.php\/wp-json\/wp\/v2\/product_cat?post=1746"},{"taxonomy":"product_tag","embeddable":true,"href":"http:\/\/s350233878.onlinehome.fr\/index.php\/wp-json\/wp\/v2\/product_tag?post=1746"}],"curies":[{"name":"wp","href":"https:\/\/api.w.org\/{rel}","templated":true}]}}