{"id":1382,"date":"2023-07-07T14:59:28","date_gmt":"2023-07-07T12:59:28","guid":{"rendered":"https:\/\/vtbati.fr\/vtbati\/?post_type=product&#038;p=1382"},"modified":"2024-02-20T11:06:39","modified_gmt":"2024-02-20T10:06:39","slug":"nos-fenetres","status":"publish","type":"product","link":"http:\/\/s350233878.onlinehome.fr\/index.php\/produit\/nos-fenetres\/","title":{"rendered":"Nos Fen\u00eatres"},"content":{"rendered":"<h2 class=\"first-block__title has-large-font-size\"><span class=\"has-primary-color\"><span style=\"vertical-align: inherit;\"><span style=\"vertical-align: inherit;\"><span style=\"vertical-align: inherit;\"><span style=\"vertical-align: inherit;\"><span style=\"vertical-align: inherit;\"><span style=\"vertical-align: inherit;\"><span style=\"vertical-align: inherit;\"><span style=\"vertical-align: inherit;\">VTBatizoom<\/span><\/span><\/span><\/span><\/span><\/span><\/span><\/span><\/span><span style=\"vertical-align: inherit;\"><span style=\"vertical-align: inherit;\"><span style=\"vertical-align: inherit;\"><span style=\"vertical-align: inherit;\"><span style=\"vertical-align: inherit;\"><span style=\"vertical-align: inherit;\"><span style=\"vertical-align: inherit;\"><span style=\"vertical-align: inherit;\"> *<\/span><\/span><\/span><\/span><\/span><\/span><\/span><\/span><\/h2>\n<h3 class=\"has-big-font-size\">*En d\u00e9tails &#8230;<\/h3>\n<div class=\"first-block__description needs-space\">Un ouvrant de 80 mm, apportant performances, confort et robustesse \u00e0 la menuiserie !<br \/>\nKit de s\u00e9curit\u00e9 en standard.<br \/>\nPanneau de soubassement plate-bande en standard.<br \/>\nFen\u00eatre r\u00e9alisable en PVC monocolore ou bicolore (blanc int\u00e9rieur uniquement). Nuancier couleurs RAL illimit\u00e9 ou autres finitions propos\u00e9es, telles que plax\u00e9 vein\u00e9 ou textur\u00e9. Compatible I-Secure\u00ae<\/div>\n","protected":false},"excerpt":{"rendered":"<p>El\u00e9gance et s\u00e9curit\u00e9. Une fen\u00eatre PVC contemporaine aux lignes galb\u00e9es qui r\u00e9pond aux exigences de tous les types d&rsquo;habitat, en neuf ou r\u00e9novation.<\/p>\n<p><strong>\u00a0<a href=\"https:\/\/vtbati.fr\/vtbati\/index.php\/caracteristiques\/\">Tout Savoir ICI.<\/a><\/strong><\/p>\n","protected":false},"featured_media":1670,"template":"","meta":[],"product_cat":[122,22],"product_tag":[502,500,36,83,486,501],"class_list":{"0":"post-1382","1":"product","2":"type-product","3":"status-publish","4":"has-post-thumbnail","6":"product_cat-connecteurs-et-bornes","7":"product_cat-menuiseries","8":"product_tag-altimopvc","9":"product_tag-configurateur","10":"product_tag-fenetre","11":"product_tag-menuiserie","12":"product_tag-pvc","13":"product_tag-unopvc","15":"first","16":"instock","17":"taxable","18":"shipping-taxable","19":"purchasable","20":"product-type-simple"},"_links":{"self":[{"href":"http:\/\/s350233878.onlinehome.fr\/index.php\/wp-json\/wp\/v2\/product\/1382","targetHints":{"allow":["GET"]}}],"collection":[{"href":"http:\/\/s350233878.onlinehome.fr\/index.php\/wp-json\/wp\/v2\/product"}],"about":[{"href":"http:\/\/s350233878.onlinehome.fr\/index.php\/wp-json\/wp\/v2\/types\/product"}],"wp:featuredmedia":[{"embeddable":true,"href":"http:\/\/s350233878.onlinehome.fr\/index.php\/wp-json\/wp\/v2\/media\/1670"}],"wp:attachment":[{"href":"http:\/\/s350233878.onlinehome.fr\/index.php\/wp-json\/wp\/v2\/media?parent=1382"}],"wp:term":[{"taxonomy":"product_cat","embeddable":true,"href":"http:\/\/s350233878.onlinehome.fr\/index.php\/wp-json\/wp\/v2\/product_cat?post=1382"},{"taxonomy":"product_tag","embeddable":true,"href":"http:\/\/s350233878.onlinehome.fr\/index.php\/wp-json\/wp\/v2\/product_tag?post=1382"}],"curies":[{"name":"wp","href":"https:\/\/api.w.org\/{rel}","templated":true}]}}