{"id":1377,"date":"2023-07-07T14:42:28","date_gmt":"2023-07-07T12:42:28","guid":{"rendered":"https:\/\/vtbati.fr\/vtbati\/?post_type=product&#038;p=1377"},"modified":"2023-07-07T14:57:22","modified_gmt":"2023-07-07T12:57:22","slug":"fenetre-fixe-bois-a-recouvrement","status":"publish","type":"product","link":"http:\/\/s350233878.onlinehome.fr\/index.php\/produit\/fenetre-fixe-bois-a-recouvrement\/","title":{"rendered":"FENETRE FIXE BOIS \u00c0 RECOUVREMENT"},"content":{"rendered":"<p>Disponible dans notre catalogue en ligne, la\u00a0<strong>fen\u00eatre fixe Bois \u00e0 recouvrement<\/strong> est fabriqu\u00e9e en France. La fen\u00eatre fixe bois est configurable avec un <strong>dormant 56 mm \u00e0 simple joint<\/strong>\u00a0ou un\u00a0<strong>dormant 58 et 68 mm \u00e0 double joint<\/strong>.<\/p>\n<p><strong>Description<\/strong><\/p>\n<p>La\u00a0<strong>fen\u00eatre ch\u00e2ssis fixe en bois<\/strong>\u00a0s\u00e9rie \u00e0 recouvrement est fabriqu\u00e9e avec un dormant de 56 mm simple joint en pin contrecoll\u00e9 pour la\u00a0<strong>gamme Mangrove<\/strong>. Deux autres gammes de fen\u00eatres fixes bois sont disponibles. La\u00a0<strong>gamme Kaliciel<\/strong>\u00a0avec un\u00a0<strong>battement central r\u00e9duit<\/strong>\u00a0et un\u00a0<strong>dormant de 58 mm double joint<\/strong>, la\u00a0<strong>gamme excellence bois<\/strong>\u00a0\u00e0 double enfourchement et \u00e0 arasement marqu\u00e9 avec\u00a0<strong>dormant de 68mm et double joint<\/strong>.<br \/>\nQuelle que soit la gamme choisie, la\u00a0<strong>fen\u00eatre fixe bois \u00e0 recouvrement<\/strong>\u00a0peut \u00eatre\u00a0<strong>pos\u00e9e en neuf et r\u00e9novation<\/strong>\u00a0en applique, en tunnel, en feuillure.<br \/>\nLa\u00a0<strong>fen\u00eatre bois double vitrage<\/strong>\u00a0est livr\u00e9e de base avec un\u00a0<strong>vitrage faiblement \u00e9missif Argon en 4\/20\/4<\/strong>\u00a0et un intercalaire noir, dont le coefficient de transmission thermique (Ug) est de 1,1 W\/m2. D\u2019autres vitrages sont disponibles avec des coefficients Uw diff\u00e9rents.<\/p>\n<p><strong>Coefficient Uw des menuiseries selon le vitrage<\/strong><\/p>\n<ul>\n<li>Uw (W\/m2.K) = de 1,37 \u00e0 1,55 pour la Gamme 56mm<\/li>\n<li>Uw (W\/m2.K) = de 1,36 \u00e0 1,54 pour la Gamme 58mm<\/li>\n<li>Uw (W\/m2.K) = de 0,89 \u00e0 1,47 pour la Gamme 68mm<\/li>\n<\/ul>\n<p><strong>Normes et Informations techniques<\/strong><\/p>\n<p>La\u00a0<strong>fen\u00eatre fixe Bois est certifi\u00e9e NF<\/strong>\u00a0et est conforme \u00e0 la r\u00e9glementation thermique 2012<\/p>\n<ul>\n<li>Conforme\u00a0<strong>BBC, RT2012 et RE2020<\/strong><\/li>\n<li>Certification\u00a0<strong>ACOTHERM AC 1 \u00e0 3<\/strong><\/li>\n<li>Classement\u00a0<strong>AEV : A4*E6B*VB3 (Gamme 56mm)<\/strong><\/li>\n<li>Classement\u00a0<strong>AEV : A4*E7B*VC2 (Gamme 58mm)<\/strong><\/li>\n<li>Classement\u00a0<strong>AEV : A4*E6B*VC3 (Gamme 68mm)<\/strong><\/li>\n<li>Vitrage\u00a0<strong>label CEKAL<\/strong><\/li>\n<li>Quincaillerie Ferco &#8211; GU<\/li>\n<li><strong>Garantie 10 ans<\/strong>\u00a0Fabricant<\/li>\n<li>Menuiserie fabriqu\u00e9e en France<\/li>\n<\/ul>\n<p><strong>Point important apr\u00e8s commande sur notre site<\/strong><br \/>\nUne fois votre commande r\u00e9gl\u00e9e par CB en ligne, par ch\u00e8que ou par virement, notre \u00e9quipe commerciale vous rappellera et contr\u00f4lera avec vous les informations techniques, prise de c\u00f4tes, type de pose, options, etc. Cette proc\u00e9dure syst\u00e9matique permet de s\u00e9curiser et de corriger toutes erreurs avant la mise en production de votre fen\u00eatre fixe bois.<\/p>\n","protected":false},"excerpt":{"rendered":"<p><strong>5 essences de Bois &#8211; 3 Gammes &#8211; Nombreuses finitions\u00a0<\/strong><\/p>\n<p><strong><br \/>\n<a href=\"https:\/\/vtbati.fr\/vtbati\/index.php\/caracteristiques\/\">Tout Savoir ICI.<\/a><\/strong><\/p>\n","protected":false},"featured_media":1251,"template":"","meta":[],"product_cat":[122,22],"product_tag":[491,490,36,489],"class_list":{"0":"post-1377","1":"product","2":"type-product","3":"status-publish","4":"has-post-thumbnail","6":"product_cat-connecteurs-et-bornes","7":"product_cat-menuiseries","8":"product_tag-a-recouvrement","9":"product_tag-bois","10":"product_tag-fenetre","11":"product_tag-fixe","13":"first","14":"instock","15":"taxable","16":"shipping-taxable","17":"purchasable","18":"product-type-simple"},"_links":{"self":[{"href":"http:\/\/s350233878.onlinehome.fr\/index.php\/wp-json\/wp\/v2\/product\/1377","targetHints":{"allow":["GET"]}}],"collection":[{"href":"http:\/\/s350233878.onlinehome.fr\/index.php\/wp-json\/wp\/v2\/product"}],"about":[{"href":"http:\/\/s350233878.onlinehome.fr\/index.php\/wp-json\/wp\/v2\/types\/product"}],"wp:featuredmedia":[{"embeddable":true,"href":"http:\/\/s350233878.onlinehome.fr\/index.php\/wp-json\/wp\/v2\/media\/1251"}],"wp:attachment":[{"href":"http:\/\/s350233878.onlinehome.fr\/index.php\/wp-json\/wp\/v2\/media?parent=1377"}],"wp:term":[{"taxonomy":"product_cat","embeddable":true,"href":"http:\/\/s350233878.onlinehome.fr\/index.php\/wp-json\/wp\/v2\/product_cat?post=1377"},{"taxonomy":"product_tag","embeddable":true,"href":"http:\/\/s350233878.onlinehome.fr\/index.php\/wp-json\/wp\/v2\/product_tag?post=1377"}],"curies":[{"name":"wp","href":"https:\/\/api.w.org\/{rel}","templated":true}]}}