{"id":2750,"date":"2023-11-22T16:04:49","date_gmt":"2023-11-22T15:04:49","guid":{"rendered":"https:\/\/vtbati.fr\/vtbati\/?page_id=2750"},"modified":"2023-11-22T16:43:52","modified_gmt":"2023-11-22T15:43:52","slug":"chassis-speciaux","status":"publish","type":"page","link":"http:\/\/s350233878.onlinehome.fr\/index.php\/chassis-speciaux\/","title":{"rendered":"CH\u00c2SSIS SP\u00c9CIAUX"},"content":{"rendered":"\t\t<div data-elementor-type=\"wp-page\" data-elementor-id=\"2750\" class=\"elementor elementor-2750\" data-elementor-post-type=\"page\">\n\t\t\t\t\t\t<section class=\"elementor-section elementor-top-section elementor-element elementor-element-35de95e elementor-section-stretched elementor-section-boxed elementor-section-height-default elementor-section-height-default\" data-id=\"35de95e\" data-element_type=\"section\" data-e-type=\"section\" data-settings=\"{&quot;stretch_section&quot;:&quot;section-stretched&quot;}\">\n\t\t\t\t\t\t<div class=\"elementor-container elementor-column-gap-default\">\n\t\t\t\t\t<div class=\"elementor-column elementor-col-100 elementor-top-column elementor-element elementor-element-bd35cbe\" data-id=\"bd35cbe\" data-element_type=\"column\" data-e-type=\"column\">\n\t\t\t<div class=\"elementor-widget-wrap elementor-element-populated\">\n\t\t\t\t\t\t<div class=\"elementor-element elementor-element-f768491 elementor-cta--skin-classic elementor-animated-content elementor-bg-transform elementor-bg-transform-zoom-in elementor-widget elementor-widget-call-to-action\" data-id=\"f768491\" data-element_type=\"widget\" data-e-type=\"widget\" data-widget_type=\"call-to-action.default\">\n\t\t\t\t<div class=\"elementor-widget-container\">\n\t\t\t\t\t\t\t<div class=\"elementor-cta\">\n\t\t\t\t\t<div class=\"elementor-cta__bg-wrapper\">\n\t\t\t\t<div class=\"elementor-cta__bg elementor-bg\" style=\"background-image: url(http:\/\/s350233878.onlinehome.fr\/wp-content\/uploads\/2023\/11\/Capture-decran-2023-11-22-155210.png);\" role=\"img\" aria-label=\"Capture d&#039;\u00e9cran 2023-11-22 155210\"><\/div>\n\t\t\t\t<div class=\"elementor-cta__bg-overlay\"><\/div>\n\t\t\t<\/div>\n\t\t\t\t\t\t\t<div class=\"elementor-cta__content\">\n\t\t\t\t\n\t\t\t\t\t\t\t\t\t<h2 class=\"elementor-cta__title elementor-cta__content-item elementor-content-item\">\n\t\t\t\t\t\tCH\u00c2SSIS SP\u00c9CIAUX\t\t\t\t\t<\/h2>\n\t\t\t\t\n\t\t\t\t\t\t\t\t\t<div class=\"elementor-cta__description elementor-cta__content-item elementor-content-item\">\n\t\t\t\t\t\tD\u00e9couvrez notre s\u00e9lection de ch\u00e2ssis sp\u00e9ciaux en PVC, aluminium ou bois sur-mesure\t\t\t\t\t<\/div>\n\t\t\t\t\n\t\t\t\t\t\t\t\t\t<div class=\"elementor-cta__button-wrapper elementor-cta__content-item elementor-content-item \">\n\t\t\t\t\t<a class=\"elementor-cta__button elementor-button elementor-size-sm\" href=\"https:\/\/vtbati.fr\/vtbati\/index.php\/produit\/chassis-speciaux\/?preview_id=2762&#038;preview_nonce=58e332922c&#038;_thumbnail_id=2753&#038;preview=true\">\n\t\t\t\t\t\tConfigurateur\t\t\t\t\t<\/a>\n\t\t\t\t\t<\/div>\n\t\t\t\t\t\t\t<\/div>\n\t\t\t\t\t\t<\/div>\n\t\t\t\t\t\t<\/div>\n\t\t\t\t<\/div>\n\t\t\t\t\t<\/div>\n\t\t<\/div>\n\t\t\t\t\t<\/div>\n\t\t<\/section>\n\t\t\t\t<section class=\"elementor-section elementor-top-section elementor-element elementor-element-50c59c2 elementor-section-stretched elementor-section-boxed elementor-section-height-default elementor-section-height-default\" data-id=\"50c59c2\" data-element_type=\"section\" data-e-type=\"section\" data-settings=\"{&quot;stretch_section&quot;:&quot;section-stretched&quot;}\">\n\t\t\t\t\t\t<div class=\"elementor-container elementor-column-gap-default\">\n\t\t\t\t\t<div class=\"elementor-column elementor-col-50 elementor-top-column elementor-element elementor-element-c69a282\" data-id=\"c69a282\" data-element_type=\"column\" data-e-type=\"column\">\n\t\t\t<div class=\"elementor-widget-wrap elementor-element-populated\">\n\t\t\t\t\t\t<div class=\"elementor-element elementor-element-4b3bcc9 elementor-widget elementor-widget-image\" data-id=\"4b3bcc9\" data-element_type=\"widget\" data-e-type=\"widget\" data-widget_type=\"image.default\">\n\t\t\t\t<div class=\"elementor-widget-container\">\n\t\t\t\t\t\t\t\t\t\t\t\t\t\t\t<img fetchpriority=\"high\" decoding=\"async\" width=\"396\" height=\"377\" src=\"http:\/\/s350233878.onlinehome.fr\/wp-content\/uploads\/2023\/11\/Capture-decran-2023-11-22-155638.png\" class=\"attachment-large size-large wp-image-2754\" alt=\"\" srcset=\"http:\/\/s350233878.onlinehome.fr\/wp-content\/uploads\/2023\/11\/Capture-decran-2023-11-22-155638.png 396w, http:\/\/s350233878.onlinehome.fr\/wp-content\/uploads\/2023\/11\/Capture-decran-2023-11-22-155638-300x286.png 300w\" sizes=\"(max-width: 396px) 100vw, 396px\" \/>\t\t\t\t\t\t\t\t\t\t\t\t\t\t\t<\/div>\n\t\t\t\t<\/div>\n\t\t\t\t<div class=\"elementor-element elementor-element-db7694e elementor-widget elementor-widget-text-editor\" data-id=\"db7694e\" data-element_type=\"widget\" data-e-type=\"widget\" data-widget_type=\"text-editor.default\">\n\t\t\t\t<div class=\"elementor-widget-container\">\n\t\t\t\t\t\t\t\t\t<p><strong>Oeil de b\u0153uf :<\/strong>\u00a0\u00a0La fen\u00eatre ronde, le chassis sp\u00e9cial le plus commun. Disponible sur mesure en PVC, ALU ou bois pour la pose en neuf ou en r\u00e9novation<\/p><h2 class=\"font-weight-medium font-size-l block-texte-listing-ref\">\u0152IL DE B\u0152UF OUVERTURE FIXE, BASCULANTE, \u00c0 LA FRAN\u00c7AISE<\/h2><div class=\"font-size-xs\"><p>D\u00e9couvrez notre gamme compl\u00e8te d&rsquo;\u0153il de b\u0153uf PVC, ALU ou bois et choisissez parmi nos mod\u00e8les\u00a0<strong>\u0153il de b\u0153uf fixe, \u00e0 la fran\u00e7aise, basculant<\/strong>\u00a0pour trouver le mod\u00e8le d&rsquo;\u0153il de b\u0153uf qui vous conviendra le mieux. Tous nos\u00a0\u0153ils de b\u0153uf ALU<strong>, PVC ou bois<\/strong>\u00a0sont disponibles pour la pose en applique.\u00a0<br \/>Les\u00a0<strong>coefficients d\u2019isolation<\/strong>\u00a0sur nos ch\u00e2ssis sp\u00e9ciaux\u00a0sont parmi les meilleurs du march\u00e9 et varient en fonction du mod\u00e8le choisi et du vitrage. Vous pouvez retrouver les d\u00e9tails de ces informations sur chaque fiche produit. Parcourez nos gammes pour trouver l&rsquo;\u0153il de b\u0153uf qui conviendra le mieux \u00e0 votre besoin. Nos mod\u00e8les d&rsquo;\u0153il de b\u0153uf en bois\u00a0sont disponibles en plusieurs finissions : pr\u00e9-peint blanc, blanc ou 22 autres couleurs.\u00a0<\/p><h2 class=\"font-weight-medium font-size-l block-texte-listing-ref\">\u0152IL DE B\u0152UF : NOMBREUX ACCESSOIRES<\/h2><div class=\"font-size-xs\"><p>Sur chaque fiche technique de nos ch\u00e2ssis sp\u00e9ciaux\u00a0<strong>\u0153il de b\u0153uf PVC, ALU ou bois<\/strong>\u00a0dans la partie \u00ab\u00a0accessoires et options\u00a0\u00bb vous pouvez choisir les diff\u00e9rents \u00e9l\u00e9ments qui viendront compl\u00e9ter votre\u00a0<strong>ch\u00e2ssis sp\u00e9ciaux\u00a0<\/strong>et vous aider \u00e0 la pose. D\u00e9couvrez nos diff\u00e9rents\u00a0<strong>types de vitrages disponibles sur nos ch\u00e2ssis sp\u00e9ciaux<\/strong>. Choisissez celui qui correspond \u00e0 votre besoin.<\/p><\/div><\/div>\t\t\t\t\t\t\t\t<\/div>\n\t\t\t\t<\/div>\n\t\t\t\t\t<\/div>\n\t\t<\/div>\n\t\t\t\t<div class=\"elementor-column elementor-col-50 elementor-top-column elementor-element elementor-element-6d11fba\" data-id=\"6d11fba\" data-element_type=\"column\" data-e-type=\"column\">\n\t\t\t<div class=\"elementor-widget-wrap elementor-element-populated\">\n\t\t\t\t\t\t<div class=\"elementor-element elementor-element-1a0cf12 elementor-widget elementor-widget-image\" data-id=\"1a0cf12\" data-element_type=\"widget\" data-e-type=\"widget\" data-widget_type=\"image.default\">\n\t\t\t\t<div class=\"elementor-widget-container\">\n\t\t\t\t\t\t\t\t\t\t\t\t\t\t\t<img decoding=\"async\" width=\"392\" height=\"377\" src=\"http:\/\/s350233878.onlinehome.fr\/wp-content\/uploads\/2023\/11\/Capture-decran-2023-11-22-155700.png\" class=\"attachment-large size-large wp-image-2755\" alt=\"\" srcset=\"http:\/\/s350233878.onlinehome.fr\/wp-content\/uploads\/2023\/11\/Capture-decran-2023-11-22-155700.png 392w, http:\/\/s350233878.onlinehome.fr\/wp-content\/uploads\/2023\/11\/Capture-decran-2023-11-22-155700-300x289.png 300w\" sizes=\"(max-width: 392px) 100vw, 392px\" \/>\t\t\t\t\t\t\t\t\t\t\t\t\t\t\t<\/div>\n\t\t\t\t<\/div>\n\t\t\t\t<div class=\"elementor-element elementor-element-6392c32 elementor-widget elementor-widget-text-editor\" data-id=\"6392c32\" data-element_type=\"widget\" data-e-type=\"widget\" data-widget_type=\"text-editor.default\">\n\t\t\t\t<div class=\"elementor-widget-container\">\n\t\t\t\t\t\t\t\t\t<p><strong>Demi lune :\u00a0<\/strong>Disponible en plusieurs types d&rsquo;ouverture en PVC ALU et bois.<\/p><h2 class=\"font-weight-medium font-size-l block-texte-listing-ref\">DEMI LUNE PVC, ALU OU BOIS SUR MESURE<\/h2><div class=\"font-size-xs\"><p>D\u00e9couvrez notre gamme compl\u00e8te de\u00a0demi lune\u00a0PVC, demi lune ALU ou demi lune bois et choisissez parmi nos mod\u00e8les\u00a0<strong>de demi lune fixe, \u00e0 la fran\u00e7aise, basculant<\/strong>\u00a0pour trouver le mod\u00e8le de\u00a0<strong>demi lune<\/strong>\u00a0qui vous conviendra le mieux. Toutes nos fen\u00eatres demi-lunes disponibles pour la pose en applique.\u00a0D\u00e9couvrez nos\u00a0demi-lune en aluminium sur-mesure\u00a0pour un style contemporain.\u00a0<br \/>Les\u00a0<strong>coefficients d\u2019isolation<\/strong>\u00a0sur nos ch\u00e2ssis sp\u00e9ciaux\u00a0sont parmi les meilleurs du march\u00e9 et varient en fonction du mod\u00e8le choisi et du vitrage. Vous pouvez retrouver les d\u00e9tails de ces informations sur chaque fiche produit. Pour un style ind\u00e9modable et authentique, choisissez parmi nos mod\u00e8les de\u00a0demi-lune en bois.\u00a0<\/p><h2 class=\"font-weight-medium font-size-l block-texte-listing-ref\">DEMI LUNE SUR-MESURE : NOMBREUX ACCESSOIRES<\/h2><div class=\"font-size-xs\"><p>Sur chaque fiche technique de nos ch\u00e2ssis sp\u00e9ciaux\u00a0<strong>demi lune PVC, ALU ou bois<\/strong>\u00a0dans la partie \u00ab\u00a0accessoires et options\u00a0\u00bb vous pouvez choisir les diff\u00e9rents \u00e9l\u00e9ments qui viendront compl\u00e9ter votre\u00a0<strong>ch\u00e2ssis sp\u00e9ciaux\u00a0<\/strong>et vous aider \u00e0 la pose. D\u00e9couvrez nos diff\u00e9rents\u00a0<strong>types de vitrages disponibles sur nos ch\u00e2ssis sp\u00e9ciaux<\/strong>. Choisissez celui qui correspond \u00e0 votre besoin.\u00a0<\/p><\/div><\/div>\t\t\t\t\t\t\t\t<\/div>\n\t\t\t\t<\/div>\n\t\t\t\t\t<\/div>\n\t\t<\/div>\n\t\t\t\t\t<\/div>\n\t\t<\/section>\n\t\t\t\t<section class=\"elementor-section elementor-top-section elementor-element elementor-element-02b0233 elementor-section-stretched elementor-section-boxed elementor-section-height-default elementor-section-height-default\" data-id=\"02b0233\" data-element_type=\"section\" data-e-type=\"section\" data-settings=\"{&quot;stretch_section&quot;:&quot;section-stretched&quot;}\">\n\t\t\t\t\t\t<div class=\"elementor-container elementor-column-gap-default\">\n\t\t\t\t\t<div class=\"elementor-column elementor-col-100 elementor-top-column elementor-element elementor-element-4dd5f65\" data-id=\"4dd5f65\" data-element_type=\"column\" data-e-type=\"column\">\n\t\t\t<div class=\"elementor-widget-wrap elementor-element-populated\">\n\t\t\t\t\t\t<div class=\"elementor-element elementor-element-5fddc70 elementor-widget elementor-widget-text-editor\" data-id=\"5fddc70\" data-element_type=\"widget\" data-e-type=\"widget\" data-widget_type=\"text-editor.default\">\n\t\t\t\t<div class=\"elementor-widget-container\">\n\t\t\t\t\t\t\t\t\t<h2 class=\"h3 title-decoration-before\">CH\u00c2SSIS SP\u00c9CIAUX : L&rsquo;EXCELLENCE DE LA MENUISERIE PERSONNALIS\u00c9E<\/h2><p>Chez VT Bati, nous comprenons que chaque projet de menuiserie est unique, et c&rsquo;est pourquoi nous vous proposons une gamme compl\u00e8te de ch\u00e2ssis sp\u00e9ciaux pour r\u00e9pondre \u00e0 vos besoins personnalis\u00e9s. Que vous ayez des exigences particuli\u00e8res en mati\u00e8re de dimensions, de mat\u00e9riaux, de style ou de fonctionnalit\u00e9s, nos ch\u00e2ssis sp\u00e9ciaux sont con\u00e7us pour vous offrir une solution sur mesure qui allie qualit\u00e9 et esth\u00e9tique.<\/p><p>\u00a0<\/p><h2 class=\"h3 title-decoration-before\">PERSONNALISATION AVANC\u00c9E<\/h2><p>Les ch\u00e2ssis sp\u00e9ciaux sont la solution parfaite lorsque les dimensions ou les sp\u00e9cifications standard ne conviennent pas \u00e0 votre projet. Que vous cherchiez \u00e0 remplacer des ch\u00e2ssis existants ou \u00e0 en installer de nouveaux pour un projet de construction, nous pouvons personnaliser chaque d\u00e9tail pour vous. Vous avez le contr\u00f4le total sur les dimensions, les mat\u00e9riaux (bois, PVC, aluminium, etc.), les finitions, les couleurs, et les caract\u00e9ristiques pour que vos ch\u00e2ssis r\u00e9pondent parfaitement \u00e0 vos attentes.<\/p><p>\u00a0<\/p><h2 class=\"h3 title-decoration-before\">CH\u00c2SSIS SP\u00c9CIAUX POUR TOUTES LES APPLICATIONS<\/h2><p>Nos ch\u00e2ssis sp\u00e9ciaux sont con\u00e7us pour s&rsquo;adapter \u00e0 une grande vari\u00e9t\u00e9 d&rsquo;applications. Que ce soit un \u0153il de b\u0153uf, une demi lune, nous avons les comp\u00e9tences et l&rsquo;exp\u00e9rience n\u00e9cessaires pour concevoir et fabriquer des ch\u00e2ssis qui r\u00e9pondent \u00e0 vos exigences. Les ch\u00e2ssis sp\u00e9ciaux sont \u00e9galement parfaits pour les projets de r\u00e9novation o\u00f9 l&rsquo;ajustement pr\u00e9cis est essentiel.<\/p><p>\u00a0<\/p><h2 class=\"h3 title-decoration-before\">QUALIT\u00c9 IN\u00c9GAL\u00c9E<\/h2><p>Chez VT Bati, nous sommes fiers de notre engagement envers la qualit\u00e9. Tous nos ch\u00e2ssis sp\u00e9ciaux sont fabriqu\u00e9s avec des mat\u00e9riaux de premi\u00e8re qualit\u00e9, garantissant ainsi leur durabilit\u00e9 et leur r\u00e9sistance aux intemp\u00e9ries. Nous utilisons des techniques de fabrication avanc\u00e9es pour nous assurer que chaque ch\u00e2ssis est con\u00e7u avec une pr\u00e9cision exceptionnelle, r\u00e9pondant ainsi \u00e0 vos attentes les plus \u00e9lev\u00e9es.<\/p><p>\u00a0<\/p><h2 class=\"h3 title-decoration-before\">ESTH\u00c9TIQUE ET FONCTIONNALIT\u00c9<\/h2><p>Lorsque vous optez pour nos ch\u00e2ssis sp\u00e9ciaux, vous b\u00e9n\u00e9ficiez non seulement d&rsquo;une personnalisation approfondie, mais \u00e9galement d&rsquo;une esth\u00e9tique soign\u00e9e et d&rsquo;une fonctionnalit\u00e9 optimale. Nos ch\u00e2ssis sont con\u00e7us pour s&rsquo;int\u00e9grer harmonieusement \u00e0 l&rsquo;architecture de votre maison tout en offrant des performances exceptionnelles en termes d&rsquo;isolation thermique, d&rsquo;isolation acoustique et de s\u00e9curit\u00e9.<\/p><p>\u00a0<\/p><h2 class=\"h3 title-decoration-before\">SERVICE CLIENT EXCEPTIONNEL<\/h2><p>Chez VT Bati, nous sommes d\u00e9vou\u00e9s \u00e0 offrir un service client exceptionnel \u00e0 chaque \u00e9tape de votre projet. Nos experts en menuiserie sont l\u00e0 pour vous conseiller, vous guider dans vos choix et vous aider \u00e0 concr\u00e9tiser votre vision. De la conception \u00e0 la fabrication en passant par l&rsquo;installation, nous sommes \u00e0 vos c\u00f4t\u00e9s pour vous assurer une exp\u00e9rience sans souci.<\/p><p>Lorsque vous recherchez des ch\u00e2ssis sp\u00e9ciaux pour un projet de menuiserie unique, faites confiance \u00e0 VT Bati. Nous sommes l\u00e0 pour transformer vos id\u00e9es en r\u00e9alit\u00e9 en cr\u00e9ant des ch\u00e2ssis sur mesure de la plus haute qualit\u00e9. Contactez-nous d\u00e8s maintenant pour discuter de votre projet et obtenir un devis gratuit. Avec VT Bati, la personnalisation et la qualit\u00e9 vont de pair pour vous offrir des ch\u00e2ssis sp\u00e9ciaux qui r\u00e9pondent \u00e0 vos besoins et d\u00e9passent vos attentes.<\/p>\t\t\t\t\t\t\t\t<\/div>\n\t\t\t\t<\/div>\n\t\t\t\t\t<\/div>\n\t\t<\/div>\n\t\t\t\t\t<\/div>\n\t\t<\/section>\n\t\t\t\t<\/div>\n\t\t","protected":false},"excerpt":{"rendered":"<p>CH\u00c2SSIS SP\u00c9CIAUX D\u00e9couvrez notre s\u00e9lection de ch\u00e2ssis sp\u00e9ciaux en PVC, aluminium ou bois sur-mesure Configurateur Oeil de b\u0153uf :\u00a0\u00a0La fen\u00eatre ronde, le chassis sp\u00e9cial le plus commun. Disponible sur mesure&hellip;<\/p>\n","protected":false},"author":1,"featured_media":0,"parent":0,"menu_order":0,"comment_status":"closed","ping_status":"closed","template":"","meta":{"footnotes":""},"class_list":["post-2750","page","type-page","status-publish","hentry"],"_links":{"self":[{"href":"http:\/\/s350233878.onlinehome.fr\/index.php\/wp-json\/wp\/v2\/pages\/2750","targetHints":{"allow":["GET"]}}],"collection":[{"href":"http:\/\/s350233878.onlinehome.fr\/index.php\/wp-json\/wp\/v2\/pages"}],"about":[{"href":"http:\/\/s350233878.onlinehome.fr\/index.php\/wp-json\/wp\/v2\/types\/page"}],"author":[{"embeddable":true,"href":"http:\/\/s350233878.onlinehome.fr\/index.php\/wp-json\/wp\/v2\/users\/1"}],"replies":[{"embeddable":true,"href":"http:\/\/s350233878.onlinehome.fr\/index.php\/wp-json\/wp\/v2\/comments?post=2750"}],"version-history":[{"count":8,"href":"http:\/\/s350233878.onlinehome.fr\/index.php\/wp-json\/wp\/v2\/pages\/2750\/revisions"}],"predecessor-version":[{"id":2779,"href":"http:\/\/s350233878.onlinehome.fr\/index.php\/wp-json\/wp\/v2\/pages\/2750\/revisions\/2779"}],"wp:attachment":[{"href":"http:\/\/s350233878.onlinehome.fr\/index.php\/wp-json\/wp\/v2\/media?parent=2750"}],"curies":[{"name":"wp","href":"https:\/\/api.w.org\/{rel}","templated":true}]}}