{"id":2719,"date":"2023-11-22T11:48:57","date_gmt":"2023-11-22T10:48:57","guid":{"rendered":"https:\/\/vtbati.fr\/vtbati\/?page_id=2719"},"modified":"2023-11-22T15:20:18","modified_gmt":"2023-11-22T14:20:18","slug":"nos-moustiquaires","status":"publish","type":"page","link":"http:\/\/s350233878.onlinehome.fr\/index.php\/nos-moustiquaires\/","title":{"rendered":"Nos Moustiquaires"},"content":{"rendered":"\t\t<div data-elementor-type=\"wp-page\" data-elementor-id=\"2719\" class=\"elementor elementor-2719\" data-elementor-post-type=\"page\">\n\t\t\t\t\t\t<section class=\"elementor-section elementor-top-section elementor-element elementor-element-f506df2 elementor-section-stretched elementor-section-boxed elementor-section-height-default elementor-section-height-default\" data-id=\"f506df2\" data-element_type=\"section\" data-e-type=\"section\" data-settings=\"{&quot;stretch_section&quot;:&quot;section-stretched&quot;}\">\n\t\t\t\t\t\t<div class=\"elementor-container elementor-column-gap-default\">\n\t\t\t\t\t<div class=\"elementor-column elementor-col-100 elementor-top-column elementor-element elementor-element-37a0615\" data-id=\"37a0615\" data-element_type=\"column\" data-e-type=\"column\">\n\t\t\t<div class=\"elementor-widget-wrap elementor-element-populated\">\n\t\t\t\t\t\t<div class=\"elementor-element elementor-element-f77c93b elementor-cta--skin-classic elementor-animated-content elementor-bg-transform elementor-bg-transform-zoom-in elementor-widget elementor-widget-call-to-action\" data-id=\"f77c93b\" data-element_type=\"widget\" data-e-type=\"widget\" data-widget_type=\"call-to-action.default\">\n\t\t\t\t<div class=\"elementor-widget-container\">\n\t\t\t\t\t\t\t<div class=\"elementor-cta\">\n\t\t\t\t\t<div class=\"elementor-cta__bg-wrapper\">\n\t\t\t\t<div class=\"elementor-cta__bg elementor-bg\" style=\"background-image: url(http:\/\/s350233878.onlinehome.fr\/wp-content\/uploads\/2023\/11\/moustiquaire3.jpg.png);\" role=\"img\" aria-label=\"moustiquaire3.jpg\"><\/div>\n\t\t\t\t<div class=\"elementor-cta__bg-overlay\"><\/div>\n\t\t\t<\/div>\n\t\t\t\t\t\t\t<div class=\"elementor-cta__content\">\n\t\t\t\t\n\t\t\t\t\t\t\t\t\t<h2 class=\"elementor-cta__title elementor-cta__content-item elementor-content-item\">\n\t\t\t\t\t\tNos moustiquaires\t\t\t\t\t<\/h2>\n\t\t\t\t\n\t\t\t\t\t\t\t\t\t<div class=\"elementor-cta__description elementor-cta__content-item elementor-content-item\">\n\t\t\t\t\t\tLa moustiquaire pour fen\u00eatre sur mesure VT Bati, fen\u00eatre coulissante et fixe, s\u2019installe rapidement pour une efficacit\u00e9 totale. La moustiquaire fen\u00eatre se d\u00e9cline enroulable avec ou sans per\u00e7age.\t\t\t\t\t<\/div>\n\t\t\t\t\n\t\t\t\t\t\t\t\t\t<div class=\"elementor-cta__button-wrapper elementor-cta__content-item elementor-content-item \">\n\t\t\t\t\t<a class=\"elementor-cta__button elementor-button elementor-size-sm\" href=\"https:\/\/vtbati.fr\/vtbati\/index.php\/produit\/moustiquaire-2\/?preview_id=2738&#038;preview_nonce=0948978ca1&#038;_thumbnail_id=2739&#038;preview=true\">\n\t\t\t\t\t\tConfigurateur\t\t\t\t\t<\/a>\n\t\t\t\t\t<\/div>\n\t\t\t\t\t\t\t<\/div>\n\t\t\t\t\t\t<\/div>\n\t\t\t\t\t\t<\/div>\n\t\t\t\t<\/div>\n\t\t\t\t\t<\/div>\n\t\t<\/div>\n\t\t\t\t\t<\/div>\n\t\t<\/section>\n\t\t\t\t<section class=\"elementor-section elementor-top-section elementor-element elementor-element-04db971 elementor-section-stretched elementor-section-boxed elementor-section-height-default elementor-section-height-default\" data-id=\"04db971\" data-element_type=\"section\" data-e-type=\"section\" data-settings=\"{&quot;stretch_section&quot;:&quot;section-stretched&quot;}\">\n\t\t\t\t\t\t<div class=\"elementor-container elementor-column-gap-default\">\n\t\t\t\t\t<div class=\"elementor-column elementor-col-50 elementor-top-column elementor-element elementor-element-7a236fd\" data-id=\"7a236fd\" data-element_type=\"column\" data-e-type=\"column\">\n\t\t\t<div class=\"elementor-widget-wrap elementor-element-populated\">\n\t\t\t\t\t\t<div class=\"elementor-element elementor-element-1e25b87 elementor-widget elementor-widget-heading\" data-id=\"1e25b87\" data-element_type=\"widget\" data-e-type=\"widget\" data-widget_type=\"heading.default\">\n\t\t\t\t<div class=\"elementor-widget-container\">\n\t\t\t\t\t<h2 class=\"elementor-heading-title elementor-size-default\">Moustiquaires lat\u00e9rale<\/h2>\t\t\t\t<\/div>\n\t\t\t\t<\/div>\n\t\t\t\t<div class=\"elementor-element elementor-element-9773a4d elementor-widget elementor-widget-image\" data-id=\"9773a4d\" data-element_type=\"widget\" data-e-type=\"widget\" data-widget_type=\"image.default\">\n\t\t\t\t<div class=\"elementor-widget-container\">\n\t\t\t\t\t\t\t\t\t\t\t\t\t\t\t<img fetchpriority=\"high\" decoding=\"async\" width=\"936\" height=\"806\" src=\"http:\/\/s350233878.onlinehome.fr\/wp-content\/uploads\/2023\/11\/Capture-decran-2023-05-17-113349.png\" class=\"attachment-large size-large wp-image-2725\" alt=\"\" srcset=\"http:\/\/s350233878.onlinehome.fr\/wp-content\/uploads\/2023\/11\/Capture-decran-2023-05-17-113349.png 936w, http:\/\/s350233878.onlinehome.fr\/wp-content\/uploads\/2023\/11\/Capture-decran-2023-05-17-113349-300x258.png 300w, http:\/\/s350233878.onlinehome.fr\/wp-content\/uploads\/2023\/11\/Capture-decran-2023-05-17-113349-768x661.png 768w, http:\/\/s350233878.onlinehome.fr\/wp-content\/uploads\/2023\/11\/Capture-decran-2023-05-17-113349-600x517.png 600w\" sizes=\"(max-width: 936px) 100vw, 936px\" \/>\t\t\t\t\t\t\t\t\t\t\t\t\t\t\t<\/div>\n\t\t\t\t<\/div>\n\t\t\t\t\t<\/div>\n\t\t<\/div>\n\t\t\t\t<div class=\"elementor-column elementor-col-50 elementor-top-column elementor-element elementor-element-52cf59d\" data-id=\"52cf59d\" data-element_type=\"column\" data-e-type=\"column\">\n\t\t\t<div class=\"elementor-widget-wrap elementor-element-populated\">\n\t\t\t\t\t\t<div class=\"elementor-element elementor-element-1e17d7a elementor-widget elementor-widget-heading\" data-id=\"1e17d7a\" data-element_type=\"widget\" data-e-type=\"widget\" data-widget_type=\"heading.default\">\n\t\t\t\t<div class=\"elementor-widget-container\">\n\t\t\t\t\t<h2 class=\"elementor-heading-title elementor-size-default\">Moustiquaires enroulable<\/h2>\t\t\t\t<\/div>\n\t\t\t\t<\/div>\n\t\t\t\t<div class=\"elementor-element elementor-element-858abc2 elementor-widget elementor-widget-image\" data-id=\"858abc2\" data-element_type=\"widget\" data-e-type=\"widget\" data-widget_type=\"image.default\">\n\t\t\t\t<div class=\"elementor-widget-container\">\n\t\t\t\t\t\t\t\t\t\t\t\t\t\t\t<img decoding=\"async\" width=\"938\" height=\"872\" src=\"http:\/\/s350233878.onlinehome.fr\/wp-content\/uploads\/2023\/11\/moustiquaire3.jpg.png\" class=\"attachment-large size-large wp-image-2723\" alt=\"\" srcset=\"http:\/\/s350233878.onlinehome.fr\/wp-content\/uploads\/2023\/11\/moustiquaire3.jpg.png 938w, http:\/\/s350233878.onlinehome.fr\/wp-content\/uploads\/2023\/11\/moustiquaire3.jpg-300x279.png 300w, http:\/\/s350233878.onlinehome.fr\/wp-content\/uploads\/2023\/11\/moustiquaire3.jpg-768x714.png 768w, http:\/\/s350233878.onlinehome.fr\/wp-content\/uploads\/2023\/11\/moustiquaire3.jpg-600x558.png 600w\" sizes=\"(max-width: 938px) 100vw, 938px\" \/>\t\t\t\t\t\t\t\t\t\t\t\t\t\t\t<\/div>\n\t\t\t\t<\/div>\n\t\t\t\t\t<\/div>\n\t\t<\/div>\n\t\t\t\t\t<\/div>\n\t\t<\/section>\n\t\t\t\t<section class=\"elementor-section elementor-top-section elementor-element elementor-element-9ac9fb2 elementor-section-stretched elementor-section-boxed elementor-section-height-default elementor-section-height-default\" data-id=\"9ac9fb2\" data-element_type=\"section\" data-e-type=\"section\" data-settings=\"{&quot;stretch_section&quot;:&quot;section-stretched&quot;}\">\n\t\t\t\t\t\t<div class=\"elementor-container elementor-column-gap-default\">\n\t\t\t\t\t<div class=\"elementor-column elementor-col-50 elementor-top-column elementor-element elementor-element-ac2629d\" data-id=\"ac2629d\" data-element_type=\"column\" data-e-type=\"column\">\n\t\t\t<div class=\"elementor-widget-wrap elementor-element-populated\">\n\t\t\t\t\t\t<div class=\"elementor-element elementor-element-699064e elementor-widget elementor-widget-heading\" data-id=\"699064e\" data-element_type=\"widget\" data-e-type=\"widget\" data-widget_type=\"heading.default\">\n\t\t\t\t<div class=\"elementor-widget-container\">\n\t\t\t\t\t<h2 class=\"elementor-heading-title elementor-size-default\">\u00c0 l\u2019air et au calme !<\/h2>\t\t\t\t<\/div>\n\t\t\t\t<\/div>\n\t\t\t\t<div class=\"elementor-element elementor-element-6624817 elementor-widget elementor-widget-text-editor\" data-id=\"6624817\" data-element_type=\"widget\" data-e-type=\"widget\" data-widget_type=\"text-editor.default\">\n\t\t\t\t<div class=\"elementor-widget-container\">\n\t\t\t\t\t\t\t\t\t<div style=\"text-align: center;\">Vous souhaitez passer les longues soir\u00e9es d\u2019\u00e9t\u00e9 avec la brise, les sons et les odeurs qui les caract\u00e9risent, sans que les moustiques, le pollen ou autres nuisibles ne viennent s\u2019en m\u00ealer ?<\/div><div style=\"text-align: center;\">Profitez des beaux jours sereinement avec nos moustiquaires : nos mod\u00e8les sont adapt\u00e9s \u00e0 chacune de vos ouvertures.<\/div>\t\t\t\t\t\t\t\t<\/div>\n\t\t\t\t<\/div>\n\t\t\t\t\t<\/div>\n\t\t<\/div>\n\t\t\t\t<div class=\"elementor-column elementor-col-50 elementor-top-column elementor-element elementor-element-9e163f6\" data-id=\"9e163f6\" data-element_type=\"column\" data-e-type=\"column\">\n\t\t\t<div class=\"elementor-widget-wrap elementor-element-populated\">\n\t\t\t\t\t\t<div class=\"elementor-element elementor-element-2e30067 elementor-widget elementor-widget-heading\" data-id=\"2e30067\" data-element_type=\"widget\" data-e-type=\"widget\" data-widget_type=\"heading.default\">\n\t\t\t\t<div class=\"elementor-widget-container\">\n\t\t\t\t\t<h4 class=\"elementor-heading-title elementor-size-default\">BON \u00c0 SAVOIR<\/h4>\t\t\t\t<\/div>\n\t\t\t\t<\/div>\n\t\t\t\t<div class=\"elementor-element elementor-element-ac3d076 elementor-widget elementor-widget-text-editor\" data-id=\"ac3d076\" data-element_type=\"widget\" data-e-type=\"widget\" data-widget_type=\"text-editor.default\">\n\t\t\t\t<div class=\"elementor-widget-container\">\n\t\t\t\t\t\t\t\t\t<div style=\"text-align: center;\">Disponible avec un ou deux panneaux de toile, la moustiquaire lat\u00e9rale coulisse sans effort pour faciliter votre passage.<\/div><div>\u00a0<\/div><div><div style=\"text-align: center;\">La solution pratique pour les baies d\u2019acc\u00e8s.<\/div><div style=\"text-align: center;\">Passez de la terrasse \u00e0 l\u2019int\u00e9rieur en toute fluidit\u00e9 et sans faire entrer d\u2019\u00e9l\u00e9ments ind\u00e9sirables.<\/div><\/div>\t\t\t\t\t\t\t\t<\/div>\n\t\t\t\t<\/div>\n\t\t\t\t\t<\/div>\n\t\t<\/div>\n\t\t\t\t\t<\/div>\n\t\t<\/section>\n\t\t\t\t<section class=\"elementor-section elementor-top-section elementor-element elementor-element-4bdd211 elementor-section-stretched elementor-section-boxed elementor-section-height-default elementor-section-height-default\" data-id=\"4bdd211\" data-element_type=\"section\" data-e-type=\"section\" data-settings=\"{&quot;stretch_section&quot;:&quot;section-stretched&quot;}\">\n\t\t\t\t\t\t<div class=\"elementor-container elementor-column-gap-default\">\n\t\t\t\t\t<div class=\"elementor-column elementor-col-100 elementor-top-column elementor-element elementor-element-6c56e13\" data-id=\"6c56e13\" data-element_type=\"column\" data-e-type=\"column\">\n\t\t\t<div class=\"elementor-widget-wrap elementor-element-populated\">\n\t\t\t\t\t\t<div class=\"elementor-element elementor-element-b3ce356 elementor-widget elementor-widget-heading\" data-id=\"b3ce356\" data-element_type=\"widget\" data-e-type=\"widget\" data-widget_type=\"heading.default\">\n\t\t\t\t<div class=\"elementor-widget-container\">\n\t\t\t\t\t<h1 class=\"elementor-heading-title elementor-size-default\">Moustiquaire Lat\u00e9rale<\/h1>\t\t\t\t<\/div>\n\t\t\t\t<\/div>\n\t\t\t\t<div class=\"elementor-element elementor-element-5c13cc9 elementor-widget elementor-widget-text-editor\" data-id=\"5c13cc9\" data-element_type=\"widget\" data-e-type=\"widget\" data-widget_type=\"text-editor.default\">\n\t\t\t\t<div class=\"elementor-widget-container\">\n\t\t\t\t\t\t\t\t\t<div style=\"text-align: center;\"><span style=\"text-decoration: underline;\">MOUVEMENT SIMPLE &amp; FLUIDE<\/span><\/div><div style=\"text-align: center;\">D\u2019un grand confort d\u2019utilisation, votre moustiquaire s\u2019ouvre facilement, avec seuil extra-plat, pour un passage sans encombre.<\/div><div style=\"text-align: center;\">\u00a0<\/div><div style=\"text-align: center;\"><div style=\"text-align: center;\"><span style=\"text-decoration: underline;\">DOUCEUR &amp; DISCR\u00c9TION<\/span><\/div><div>Votre moustiquaire est \u00e9quip\u00e9e d\u2019un syst\u00e8me \u00e0 glissi\u00e8res coulissantes, pour un fonctionnement imperceptible<\/div><\/div><div><div style=\"text-align: center;\">\u00a0<\/div><div style=\"text-align: center;\"><span style=\"text-decoration: underline;\">LA QUALIT\u00c9 COMME BASE<\/span><\/div><div style=\"text-align: center;\">Les finitions sont soign\u00e9es afin d\u2019offrir \u00e0 votre moustiquaire une esth\u00e9tique aboutie et une utilisation durable<\/div><div style=\"text-align: center;\">La toile, en fibre de verre grise, apporte transparence et efficacit\u00e9<\/div><div style=\"text-align: center;\">\u00a0<\/div><div style=\"text-align: center;\"><div style=\"text-align: center;\"><span style=\"text-decoration: underline;\">COLORIS<\/span><\/div><div style=\"text-align: center;\"><em>Couleur en standard :<\/em><\/div><div style=\"text-align: center;\">Blanc 9016, Brun 8019, Gris anthracite 7016.<\/div><div style=\"text-align: center;\"><em>En option :<\/em><\/div><div style=\"text-align: center;\">toutes teintes RAL + Ch\u00eane dor\u00e9<\/div><\/div><div>\u00a0<\/div><div>\u00a0<\/div><div style=\"text-align: center;\"><span style=\"text-decoration: underline;\"><span class=\"h4\">Les points forts du produit<\/span><\/span><\/div><div>\u00a0<\/div><div style=\"text-align: center;\"><p style=\"text-align: center;\"><strong>Protection optimale contre les insectes et le pollen.<\/strong><\/p><ul><li style=\"text-align: left;\">Pratique, elle est\u00a0<strong>d\u00e9pourvue de seuil et de rail pour un passage fluide<\/strong>\u00a0<\/li><li style=\"text-align: left;\"><strong>Coulisse au sol sans effort<\/strong>\u00a0gr\u00e2ce \u00e0 un ing\u00e9nieux syst\u00e8me \u00e0 cha\u00eene<\/li><li style=\"text-align: left;\"><strong>Finitions tr\u00e8s qualitatives<\/strong>\u00a0pour une utilisation durable<\/li><li style=\"text-align: left;\">Toile grise en fibre de verre pour plus de\u00a0<strong>transparence<\/strong>\u00a0et d\u2019efficacit\u00e9<\/li><li style=\"text-align: left;\">Grande r\u00e9sistance aux intemp\u00e9ries<\/li><li style=\"text-align: left;\">Adapt\u00e9e aux grandes baies<\/li><li style=\"text-align: left;\">Convient aux pergolas et v\u00e9randas<\/li><\/ul><p>La moustiquaire lat\u00e9rale est particuli\u00e8rement recommand\u00e9e pour les pi\u00e8ces \u00e0 vivre avec acc\u00e8s vers l\u2019ext\u00e9rieur (s\u00e9jour, salle \u00e0 manger, cuisine\u2026)<\/p><\/div><\/div>\t\t\t\t\t\t\t\t<\/div>\n\t\t\t\t<\/div>\n\t\t\t\t\t<\/div>\n\t\t<\/div>\n\t\t\t\t\t<\/div>\n\t\t<\/section>\n\t\t\t\t<section class=\"elementor-section elementor-top-section elementor-element elementor-element-90589c9 elementor-section-stretched elementor-section-boxed elementor-section-height-default elementor-section-height-default\" data-id=\"90589c9\" data-element_type=\"section\" data-e-type=\"section\" data-settings=\"{&quot;stretch_section&quot;:&quot;section-stretched&quot;}\">\n\t\t\t\t\t\t<div class=\"elementor-container elementor-column-gap-default\">\n\t\t\t\t\t<div class=\"elementor-column elementor-col-100 elementor-top-column elementor-element elementor-element-a286bce\" data-id=\"a286bce\" data-element_type=\"column\" data-e-type=\"column\">\n\t\t\t<div class=\"elementor-widget-wrap elementor-element-populated\">\n\t\t\t\t\t\t<div class=\"elementor-element elementor-element-b8cce31 elementor-widget elementor-widget-heading\" data-id=\"b8cce31\" data-element_type=\"widget\" data-e-type=\"widget\" data-widget_type=\"heading.default\">\n\t\t\t\t<div class=\"elementor-widget-container\">\n\t\t\t\t\t<h1 class=\"elementor-heading-title elementor-size-default\">Moustiquaire Enroulable<\/h1>\t\t\t\t<\/div>\n\t\t\t\t<\/div>\n\t\t\t\t<div class=\"elementor-element elementor-element-10f61e1 elementor-widget elementor-widget-text-editor\" data-id=\"10f61e1\" data-element_type=\"widget\" data-e-type=\"widget\" data-widget_type=\"text-editor.default\">\n\t\t\t\t<div class=\"elementor-widget-container\">\n\t\t\t\t\t\t\t\t\t<div style=\"text-align: center;\">Le mod\u00e8le pratique et adaptable<\/div><div><div style=\"text-align: center;\">La solution pratique qui permet une utilisation selon vos besoins<\/div><div>\u00a0<\/div><\/div><div style=\"text-align: center;\"><div class=\"page\" data-page-number=\"27\" data-loaded=\"true\"><div class=\"textLayer\"><div><span style=\"text-decoration: underline;\">D\u00c9ROULER \/ ENROULER !<\/span><\/div><div>L\u2019int\u00e9gration facile et modulable vous permet de n\u2019utiliser votre moustiquaire que lorsque vous en avez besoin.<\/div><\/div><\/div><\/div><div style=\"text-align: center;\">\u00a0<\/div><div style=\"text-align: center;\"><div style=\"text-align: center;\"><div><span style=\"text-decoration: underline;\">ROBUSTESSE \u00c0 TOUTE \u00c9PREUVE<\/span><\/div><div>La toile r\u00e9siste aux intemp\u00e9ries gr\u00e2ce \u00e0 son maintien parfait dans les coulisses<\/div><\/div><\/div><div><div style=\"text-align: center;\">\u00a0<\/div><div style=\"text-align: center;\"><div><span style=\"text-decoration: underline;\">LONGUE VIE<\/span><\/div><div>Avec son frein int\u00e9gr\u00e9, son ressort de tension et le maintien impeccable de sa toile, le mod\u00e8le enroulable est con\u00e7u pour durer dans le temps<\/div><\/div><div>\u00a0<\/div><div><div style=\"text-align: center;\"><span style=\"text-decoration: underline;\">COLORIS<\/span><\/div><div style=\"text-align: center;\"><em>Couleur en standard :<\/em><\/div><div style=\"text-align: center;\">Blanc 9016, Brun 8019, Gris anthracite 7016.<\/div><div style=\"text-align: center;\"><em>En option :<\/em><\/div><div style=\"text-align: center;\">toutes teintes RAL + Ch\u00eane dor\u00e9<\/div><\/div><\/div><div>\u00a0<\/div><div><div style=\"text-align: center;\"><span style=\"text-decoration: underline;\"><span class=\"h4\">Les points forts du produit<\/span><\/span><\/div><div style=\"text-align: center;\"><p style=\"text-align: center;\"><strong>Pour une saison estivale sans insectes ni pollen.<\/strong><\/p><p>\u00a0<\/p><ul><li style=\"text-align: left;\">Ouverture \u00e0 la verticale, elle s\u2019utilise au besoin<\/li><li style=\"text-align: left;\">Finitions soign\u00e9es et robustes pour une utilisation durable<\/li><li style=\"text-align: left;\">Frein int\u00e9gr\u00e9 pour un mouvement tout en douceur<\/li><li style=\"text-align: left;\">Toil\u00e9 r\u00e9sistante aux intemp\u00e9ries gr\u00e2ce au bon maintien dans les coulisses<\/li><li style=\"text-align: left;\">Installation facile<\/li><li style=\"text-align: left;\">Id\u00e9al pour les baies sans acc\u00e8s vers l\u2019ext\u00e9rieur<\/li><\/ul><\/div><\/div>\t\t\t\t\t\t\t\t<\/div>\n\t\t\t\t<\/div>\n\t\t\t\t<div class=\"elementor-element elementor-element-7f2a79a elementor-widget elementor-widget-image\" data-id=\"7f2a79a\" data-element_type=\"widget\" data-e-type=\"widget\" data-widget_type=\"image.default\">\n\t\t\t\t<div class=\"elementor-widget-container\">\n\t\t\t\t\t\t\t\t\t\t\t\t\t\t\t<img decoding=\"async\" width=\"1024\" height=\"254\" src=\"http:\/\/s350233878.onlinehome.fr\/wp-content\/uploads\/2023\/10\/Sans-titre-100-1024x254.jpg\" class=\"attachment-large size-large wp-image-2081\" alt=\"Banni\u00e8re r\u00e9assurance\" srcset=\"http:\/\/s350233878.onlinehome.fr\/wp-content\/uploads\/2023\/10\/Sans-titre-100-1024x254.jpg 1024w, http:\/\/s350233878.onlinehome.fr\/wp-content\/uploads\/2023\/10\/Sans-titre-100-300x74.jpg 300w, http:\/\/s350233878.onlinehome.fr\/wp-content\/uploads\/2023\/10\/Sans-titre-100-768x190.jpg 768w, http:\/\/s350233878.onlinehome.fr\/wp-content\/uploads\/2023\/10\/Sans-titre-100-1536x381.jpg 1536w, http:\/\/s350233878.onlinehome.fr\/wp-content\/uploads\/2023\/10\/Sans-titre-100-2048x508.jpg 2048w, http:\/\/s350233878.onlinehome.fr\/wp-content\/uploads\/2023\/10\/Sans-titre-100-1320x327.jpg 1320w, http:\/\/s350233878.onlinehome.fr\/wp-content\/uploads\/2023\/10\/Sans-titre-100-600x149.jpg 600w\" sizes=\"(max-width: 1024px) 100vw, 1024px\" \/>\t\t\t\t\t\t\t\t\t\t\t\t\t\t\t<\/div>\n\t\t\t\t<\/div>\n\t\t\t\t\t<\/div>\n\t\t<\/div>\n\t\t\t\t\t<\/div>\n\t\t<\/section>\n\t\t\t\t<\/div>\n\t\t","protected":false},"excerpt":{"rendered":"<p>Nos moustiquaires La moustiquaire pour fen\u00eatre sur mesure VT Bati, fen\u00eatre coulissante et fixe, s\u2019installe rapidement pour une efficacit\u00e9 totale. La moustiquaire fen\u00eatre se d\u00e9cline enroulable avec ou sans per\u00e7age.&hellip;<\/p>\n","protected":false},"author":1,"featured_media":0,"parent":0,"menu_order":0,"comment_status":"closed","ping_status":"closed","template":"","meta":{"footnotes":""},"class_list":["post-2719","page","type-page","status-publish","hentry"],"_links":{"self":[{"href":"http:\/\/s350233878.onlinehome.fr\/index.php\/wp-json\/wp\/v2\/pages\/2719","targetHints":{"allow":["GET"]}}],"collection":[{"href":"http:\/\/s350233878.onlinehome.fr\/index.php\/wp-json\/wp\/v2\/pages"}],"about":[{"href":"http:\/\/s350233878.onlinehome.fr\/index.php\/wp-json\/wp\/v2\/types\/page"}],"author":[{"embeddable":true,"href":"http:\/\/s350233878.onlinehome.fr\/index.php\/wp-json\/wp\/v2\/users\/1"}],"replies":[{"embeddable":true,"href":"http:\/\/s350233878.onlinehome.fr\/index.php\/wp-json\/wp\/v2\/comments?post=2719"}],"version-history":[{"count":14,"href":"http:\/\/s350233878.onlinehome.fr\/index.php\/wp-json\/wp\/v2\/pages\/2719\/revisions"}],"predecessor-version":[{"id":2749,"href":"http:\/\/s350233878.onlinehome.fr\/index.php\/wp-json\/wp\/v2\/pages\/2719\/revisions\/2749"}],"wp:attachment":[{"href":"http:\/\/s350233878.onlinehome.fr\/index.php\/wp-json\/wp\/v2\/media?parent=2719"}],"curies":[{"name":"wp","href":"https:\/\/api.w.org\/{rel}","templated":true}]}}