{"id":2631,"date":"2023-11-21T12:10:41","date_gmt":"2023-11-21T11:10:41","guid":{"rendered":"https:\/\/vtbati.fr\/vtbati\/?page_id=2631"},"modified":"2023-11-22T09:42:04","modified_gmt":"2023-11-22T08:42:04","slug":"nos-stores-interieurs","status":"publish","type":"page","link":"http:\/\/s350233878.onlinehome.fr\/index.php\/nos-stores-interieurs\/","title":{"rendered":"Nos stores Int\u00e9rieurs"},"content":{"rendered":"\t\t<div data-elementor-type=\"wp-page\" data-elementor-id=\"2631\" class=\"elementor elementor-2631\" data-elementor-post-type=\"page\">\n\t\t\t\t\t\t<section class=\"elementor-section elementor-top-section elementor-element elementor-element-fd59853 elementor-section-stretched elementor-section-boxed elementor-section-height-default elementor-section-height-default\" data-id=\"fd59853\" data-element_type=\"section\" data-e-type=\"section\" data-settings=\"{&quot;stretch_section&quot;:&quot;section-stretched&quot;}\">\n\t\t\t\t\t\t<div class=\"elementor-container elementor-column-gap-default\">\n\t\t\t\t\t<div class=\"elementor-column elementor-col-100 elementor-top-column elementor-element elementor-element-faaad0c\" data-id=\"faaad0c\" data-element_type=\"column\" data-e-type=\"column\">\n\t\t\t<div class=\"elementor-widget-wrap elementor-element-populated\">\n\t\t\t\t\t\t<div class=\"elementor-element elementor-element-93ec12b elementor-cta--skin-classic elementor-animated-content elementor-bg-transform elementor-bg-transform-zoom-in elementor-widget elementor-widget-call-to-action\" data-id=\"93ec12b\" data-element_type=\"widget\" data-e-type=\"widget\" data-widget_type=\"call-to-action.default\">\n\t\t\t\t<div class=\"elementor-widget-container\">\n\t\t\t\t\t\t\t<div class=\"elementor-cta\">\n\t\t\t\t\t<div class=\"elementor-cta__bg-wrapper\">\n\t\t\t\t<div class=\"elementor-cta__bg elementor-bg\" style=\"background-image: url(http:\/\/s350233878.onlinehome.fr\/wp-content\/uploads\/2023\/11\/Capture-decran-2023-11-21-121107.png);\" role=\"img\" aria-label=\"Capture d&#039;\u00e9cran 2023-11-21 121107\"><\/div>\n\t\t\t\t<div class=\"elementor-cta__bg-overlay\"><\/div>\n\t\t\t<\/div>\n\t\t\t\t\t\t\t<div class=\"elementor-cta__content\">\n\t\t\t\t\n\t\t\t\t\t\t\t\t\t<h2 class=\"elementor-cta__title elementor-cta__content-item elementor-content-item\">\n\t\t\t\t\t\tNos stores int\u00e9rieurs\t\t\t\t\t<\/h2>\n\t\t\t\t\n\t\t\t\t\t\t\t\t\t<div class=\"elementor-cta__description elementor-cta__content-item elementor-content-item\">\n\t\t\t\t\t\tStore d'int\u00e9rieur sur-mesure, cr\u00e9ateur d\u2019ambiances uniques\t\t\t\t\t<\/div>\n\t\t\t\t\n\t\t\t\t\t\t\t\t\t<div class=\"elementor-cta__button-wrapper elementor-cta__content-item elementor-content-item \">\n\t\t\t\t\t<a class=\"elementor-cta__button elementor-button elementor-size-sm\" href=\"https:\/\/vtbati.fr\/vtbati\/index.php\/produit\/stores-interieurs\/?preview=true\">\n\t\t\t\t\t\tConfigurateur\t\t\t\t\t<\/a>\n\t\t\t\t\t<\/div>\n\t\t\t\t\t\t\t<\/div>\n\t\t\t\t\t\t<\/div>\n\t\t\t\t\t\t<\/div>\n\t\t\t\t<\/div>\n\t\t\t\t<div class=\"elementor-element elementor-element-621471d elementor-align-center elementor-widget elementor-widget-button\" data-id=\"621471d\" data-element_type=\"widget\" data-e-type=\"widget\" data-widget_type=\"button.default\">\n\t\t\t\t<div class=\"elementor-widget-container\">\n\t\t\t\t\t\t\t\t\t<div class=\"elementor-button-wrapper\">\n\t\t\t\t\t<a class=\"elementor-button elementor-button-link elementor-size-md\" href=\"https:\/\/vtbati.fr\/vtbati\/index.php\/guide-de-pose-stores-interieurs\/?preview_id=2670&#038;preview_nonce=bad5324010&#038;preview=true\">\n\t\t\t\t\t\t<span class=\"elementor-button-content-wrapper\">\n\t\t\t\t\t\t\t\t\t<span class=\"elementor-button-text\">Guide de POSE<\/span>\n\t\t\t\t\t<\/span>\n\t\t\t\t\t<\/a>\n\t\t\t\t<\/div>\n\t\t\t\t\t\t\t\t<\/div>\n\t\t\t\t<\/div>\n\t\t\t\t\t<\/div>\n\t\t<\/div>\n\t\t\t\t\t<\/div>\n\t\t<\/section>\n\t\t\t\t<section class=\"elementor-section elementor-top-section elementor-element elementor-element-3a62068 elementor-section-stretched elementor-section-boxed elementor-section-height-default elementor-section-height-default\" data-id=\"3a62068\" data-element_type=\"section\" data-e-type=\"section\" data-settings=\"{&quot;stretch_section&quot;:&quot;section-stretched&quot;}\">\n\t\t\t\t\t\t<div class=\"elementor-container elementor-column-gap-default\">\n\t\t\t\t\t<div class=\"elementor-column elementor-col-33 elementor-top-column elementor-element elementor-element-f254def\" data-id=\"f254def\" data-element_type=\"column\" data-e-type=\"column\">\n\t\t\t<div class=\"elementor-widget-wrap elementor-element-populated\">\n\t\t\t\t\t\t<div class=\"elementor-element elementor-element-bd7aaa2 elementor-widget elementor-widget-heading\" data-id=\"bd7aaa2\" data-element_type=\"widget\" data-e-type=\"widget\" data-widget_type=\"heading.default\">\n\t\t\t\t<div class=\"elementor-widget-container\">\n\t\t\t\t\t<h2 class=\"elementor-heading-title elementor-size-default\">STORE COFFRE D'INT\u00c9RIEUR <\/h2>\t\t\t\t<\/div>\n\t\t\t\t<\/div>\n\t\t\t\t<div class=\"elementor-element elementor-element-f254ba1 elementor-widget elementor-widget-image\" data-id=\"f254ba1\" data-element_type=\"widget\" data-e-type=\"widget\" data-widget_type=\"image.default\">\n\t\t\t\t<div class=\"elementor-widget-container\">\n\t\t\t\t\t\t\t\t\t\t\t\t\t\t\t<img fetchpriority=\"high\" decoding=\"async\" width=\"636\" height=\"378\" src=\"http:\/\/s350233878.onlinehome.fr\/wp-content\/uploads\/2023\/11\/Capture-decran-2023-11-21-144725.png\" class=\"attachment-large size-large wp-image-2639\" alt=\"\" srcset=\"http:\/\/s350233878.onlinehome.fr\/wp-content\/uploads\/2023\/11\/Capture-decran-2023-11-21-144725.png 636w, http:\/\/s350233878.onlinehome.fr\/wp-content\/uploads\/2023\/11\/Capture-decran-2023-11-21-144725-300x178.png 300w, http:\/\/s350233878.onlinehome.fr\/wp-content\/uploads\/2023\/11\/Capture-decran-2023-11-21-144725-600x357.png 600w\" sizes=\"(max-width: 636px) 100vw, 636px\" \/>\t\t\t\t\t\t\t\t\t\t\t\t\t\t\t<\/div>\n\t\t\t\t<\/div>\n\t\t\t\t<div class=\"elementor-element elementor-element-bd6ccbd elementor-align-center elementor-widget elementor-widget-button\" data-id=\"bd6ccbd\" data-element_type=\"widget\" data-e-type=\"widget\" data-widget_type=\"button.default\">\n\t\t\t\t<div class=\"elementor-widget-container\">\n\t\t\t\t\t\t\t\t\t<div class=\"elementor-button-wrapper\">\n\t\t\t\t\t<a class=\"elementor-button elementor-button-link elementor-size-sm\" href=\"https:\/\/vtbati.fr\/vtbati\/index.php\/nos-stores-interieurs-descriptif-technique\/?preview_id=2652&#038;preview_nonce=4c27368d5a&#038;preview=true\">\n\t\t\t\t\t\t<span class=\"elementor-button-content-wrapper\">\n\t\t\t\t\t\t\t\t\t<span class=\"elementor-button-text\">En savoir plus <\/span>\n\t\t\t\t\t<\/span>\n\t\t\t\t\t<\/a>\n\t\t\t\t<\/div>\n\t\t\t\t\t\t\t\t<\/div>\n\t\t\t\t<\/div>\n\t\t\t\t\t<\/div>\n\t\t<\/div>\n\t\t\t\t<div class=\"elementor-column elementor-col-33 elementor-top-column elementor-element elementor-element-bfa8783\" data-id=\"bfa8783\" data-element_type=\"column\" data-e-type=\"column\">\n\t\t\t<div class=\"elementor-widget-wrap elementor-element-populated\">\n\t\t\t\t\t\t<div class=\"elementor-element elementor-element-c3e7c29 elementor-widget elementor-widget-heading\" data-id=\"c3e7c29\" data-element_type=\"widget\" data-e-type=\"widget\" data-widget_type=\"heading.default\">\n\t\t\t\t<div class=\"elementor-widget-container\">\n\t\t\t\t\t<h2 class=\"elementor-heading-title elementor-size-default\">STORE ENROULEUR<\/h2>\t\t\t\t<\/div>\n\t\t\t\t<\/div>\n\t\t\t\t<div class=\"elementor-element elementor-element-f413db1 elementor-widget elementor-widget-image\" data-id=\"f413db1\" data-element_type=\"widget\" data-e-type=\"widget\" data-widget_type=\"image.default\">\n\t\t\t\t<div class=\"elementor-widget-container\">\n\t\t\t\t\t\t\t\t\t\t\t\t\t\t\t<img decoding=\"async\" width=\"785\" height=\"465\" src=\"http:\/\/s350233878.onlinehome.fr\/wp-content\/uploads\/2023\/11\/Capture-decran-2023-11-21-144829-1.png\" class=\"attachment-large size-large wp-image-2641\" alt=\"\" srcset=\"http:\/\/s350233878.onlinehome.fr\/wp-content\/uploads\/2023\/11\/Capture-decran-2023-11-21-144829-1.png 785w, http:\/\/s350233878.onlinehome.fr\/wp-content\/uploads\/2023\/11\/Capture-decran-2023-11-21-144829-1-300x178.png 300w, http:\/\/s350233878.onlinehome.fr\/wp-content\/uploads\/2023\/11\/Capture-decran-2023-11-21-144829-1-768x455.png 768w, http:\/\/s350233878.onlinehome.fr\/wp-content\/uploads\/2023\/11\/Capture-decran-2023-11-21-144829-1-600x355.png 600w\" sizes=\"(max-width: 785px) 100vw, 785px\" \/>\t\t\t\t\t\t\t\t\t\t\t\t\t\t\t<\/div>\n\t\t\t\t<\/div>\n\t\t\t\t<div class=\"elementor-element elementor-element-65d452a elementor-align-center elementor-widget elementor-widget-button\" data-id=\"65d452a\" data-element_type=\"widget\" data-e-type=\"widget\" data-widget_type=\"button.default\">\n\t\t\t\t<div class=\"elementor-widget-container\">\n\t\t\t\t\t\t\t\t\t<div class=\"elementor-button-wrapper\">\n\t\t\t\t\t<a class=\"elementor-button elementor-button-link elementor-size-sm\" href=\"https:\/\/vtbati.fr\/vtbati\/index.php\/nos-stores-interieurs-descriptif-technique\/?preview_id=2652&#038;preview_nonce=4c27368d5a&#038;preview=true\">\n\t\t\t\t\t\t<span class=\"elementor-button-content-wrapper\">\n\t\t\t\t\t\t\t\t\t<span class=\"elementor-button-text\">En savoir plus <\/span>\n\t\t\t\t\t<\/span>\n\t\t\t\t\t<\/a>\n\t\t\t\t<\/div>\n\t\t\t\t\t\t\t\t<\/div>\n\t\t\t\t<\/div>\n\t\t\t\t\t<\/div>\n\t\t<\/div>\n\t\t\t\t<div class=\"elementor-column elementor-col-33 elementor-top-column elementor-element elementor-element-ac5cc32\" data-id=\"ac5cc32\" data-element_type=\"column\" data-e-type=\"column\">\n\t\t\t<div class=\"elementor-widget-wrap elementor-element-populated\">\n\t\t\t\t\t\t<div class=\"elementor-element elementor-element-e7fabad elementor-widget elementor-widget-heading\" data-id=\"e7fabad\" data-element_type=\"widget\" data-e-type=\"widget\" data-widget_type=\"heading.default\">\n\t\t\t\t<div class=\"elementor-widget-container\">\n\t\t\t\t\t<h2 class=\"elementor-heading-title elementor-size-default\">STORE COFFRE ZIP D'INT\u00c9RIEUR <\/h2>\t\t\t\t<\/div>\n\t\t\t\t<\/div>\n\t\t\t\t<div class=\"elementor-element elementor-element-3b2c90e elementor-widget elementor-widget-image\" data-id=\"3b2c90e\" data-element_type=\"widget\" data-e-type=\"widget\" data-widget_type=\"image.default\">\n\t\t\t\t<div class=\"elementor-widget-container\">\n\t\t\t\t\t\t\t\t\t\t\t\t\t\t\t<img decoding=\"async\" width=\"866\" height=\"492\" src=\"http:\/\/s350233878.onlinehome.fr\/wp-content\/uploads\/2023\/11\/Capture-decran-2023-11-21-145050-1.png\" class=\"attachment-large size-large wp-image-2643\" alt=\"\" srcset=\"http:\/\/s350233878.onlinehome.fr\/wp-content\/uploads\/2023\/11\/Capture-decran-2023-11-21-145050-1.png 866w, http:\/\/s350233878.onlinehome.fr\/wp-content\/uploads\/2023\/11\/Capture-decran-2023-11-21-145050-1-300x170.png 300w, http:\/\/s350233878.onlinehome.fr\/wp-content\/uploads\/2023\/11\/Capture-decran-2023-11-21-145050-1-768x436.png 768w, http:\/\/s350233878.onlinehome.fr\/wp-content\/uploads\/2023\/11\/Capture-decran-2023-11-21-145050-1-600x341.png 600w\" sizes=\"(max-width: 866px) 100vw, 866px\" \/>\t\t\t\t\t\t\t\t\t\t\t\t\t\t\t<\/div>\n\t\t\t\t<\/div>\n\t\t\t\t<div class=\"elementor-element elementor-element-341d99d elementor-align-center elementor-widget elementor-widget-button\" data-id=\"341d99d\" data-element_type=\"widget\" data-e-type=\"widget\" data-widget_type=\"button.default\">\n\t\t\t\t<div class=\"elementor-widget-container\">\n\t\t\t\t\t\t\t\t\t<div class=\"elementor-button-wrapper\">\n\t\t\t\t\t<a class=\"elementor-button elementor-button-link elementor-size-sm\" href=\"https:\/\/vtbati.fr\/vtbati\/index.php\/nos-stores-interieurs-descriptif-technique\/?preview_id=2652&#038;preview_nonce=4c27368d5a&#038;preview=true\">\n\t\t\t\t\t\t<span class=\"elementor-button-content-wrapper\">\n\t\t\t\t\t\t\t\t\t<span class=\"elementor-button-text\">En savoir plus <\/span>\n\t\t\t\t\t<\/span>\n\t\t\t\t\t<\/a>\n\t\t\t\t<\/div>\n\t\t\t\t\t\t\t\t<\/div>\n\t\t\t\t<\/div>\n\t\t\t\t\t<\/div>\n\t\t<\/div>\n\t\t\t\t\t<\/div>\n\t\t<\/section>\n\t\t\t\t<section class=\"elementor-section elementor-top-section elementor-element elementor-element-a6c860b elementor-section-stretched elementor-section-boxed elementor-section-height-default elementor-section-height-default\" data-id=\"a6c860b\" data-element_type=\"section\" data-e-type=\"section\" data-settings=\"{&quot;stretch_section&quot;:&quot;section-stretched&quot;}\">\n\t\t\t\t\t\t<div class=\"elementor-container elementor-column-gap-default\">\n\t\t\t\t\t<div class=\"elementor-column elementor-col-50 elementor-top-column elementor-element elementor-element-33f8726\" data-id=\"33f8726\" data-element_type=\"column\" data-e-type=\"column\">\n\t\t\t<div class=\"elementor-widget-wrap elementor-element-populated\">\n\t\t\t\t\t\t<div class=\"elementor-element elementor-element-4a608eb elementor-widget elementor-widget-heading\" data-id=\"4a608eb\" data-element_type=\"widget\" data-e-type=\"widget\" data-widget_type=\"heading.default\">\n\t\t\t\t<div class=\"elementor-widget-container\">\n\t\t\t\t\t<h2 class=\"elementor-heading-title elementor-size-default\">Fabrication fran\u00e7aise sur-mesure<\/h2>\t\t\t\t<\/div>\n\t\t\t\t<\/div>\n\t\t\t\t<div class=\"elementor-element elementor-element-8c03d83 elementor-widget elementor-widget-text-editor\" data-id=\"8c03d83\" data-element_type=\"widget\" data-e-type=\"widget\" data-widget_type=\"text-editor.default\">\n\t\t\t\t<div class=\"elementor-widget-container\">\n\t\t\t\t\t\t\t\t\t<p>Economique et pratique, le store enrouleur VT BATI est fabriqu\u00e9 sur-mesure en France, dans ses ateliers de la r\u00e9gion Toulousaine.<br \/><br \/>Il combine parfaitement protection solaire et d\u00e9coration de fen\u00eatre.<br \/><br \/><\/p><h2>Tissus techniques NON FEU M1<\/h2><p>La gamme de toiles techniques comporte des tissus pour store screen, store occultant ou store tamisant. Ils b\u00e9n\u00e9ficient tous de la certification NON FEU M1, indispensable pour une installation dans un lieu recevant du public.<\/p><h2>Le choix de la man\u0153uvre<\/h2><p>Quel que soit l\u2019endroit o\u00f9 est install\u00e9 le store enrouleur, celui-ci b\u00e9n\u00e9ficie d\u2019un large choix de man\u0153uvres : \u00e0 cha\u00eenette, par treuil et manivelle ou encore \u00e0 l\u2019aide de moteurs \u00e9lectriques avec ou sans automatisme. Pour certains mod\u00e8les, il est possible d\u2019opter pour le moteur VT BATI 100% autonome avec accus rechargeables.<br \/><br \/>Le store enrouleur VT BATI prend place aussi bien dans des environnements professionnels que des habitations.<\/p>\t\t\t\t\t\t\t\t<\/div>\n\t\t\t\t<\/div>\n\t\t\t\t\t<\/div>\n\t\t<\/div>\n\t\t\t\t<div class=\"elementor-column elementor-col-50 elementor-top-column elementor-element elementor-element-fe8a76d\" data-id=\"fe8a76d\" data-element_type=\"column\" data-e-type=\"column\">\n\t\t\t<div class=\"elementor-widget-wrap elementor-element-populated\">\n\t\t\t\t\t\t<div class=\"elementor-element elementor-element-7eb38bf elementor-widget elementor-widget-image\" data-id=\"7eb38bf\" data-element_type=\"widget\" data-e-type=\"widget\" data-widget_type=\"image.default\">\n\t\t\t\t<div class=\"elementor-widget-container\">\n\t\t\t\t\t\t\t\t\t\t\t\t\t\t\t<img loading=\"lazy\" decoding=\"async\" width=\"600\" height=\"650\" src=\"http:\/\/s350233878.onlinehome.fr\/wp-content\/uploads\/2023\/11\/46.jpg\" class=\"attachment-large size-large wp-image-2644\" alt=\"\" srcset=\"http:\/\/s350233878.onlinehome.fr\/wp-content\/uploads\/2023\/11\/46.jpg 600w, http:\/\/s350233878.onlinehome.fr\/wp-content\/uploads\/2023\/11\/46-277x300.jpg 277w\" sizes=\"(max-width: 600px) 100vw, 600px\" \/>\t\t\t\t\t\t\t\t\t\t\t\t\t\t\t<\/div>\n\t\t\t\t<\/div>\n\t\t\t\t\t<\/div>\n\t\t<\/div>\n\t\t\t\t\t<\/div>\n\t\t<\/section>\n\t\t\t\t<section class=\"elementor-section elementor-top-section elementor-element elementor-element-62c6d23 elementor-section-stretched elementor-section-boxed elementor-section-height-default elementor-section-height-default\" data-id=\"62c6d23\" data-element_type=\"section\" data-e-type=\"section\" data-settings=\"{&quot;stretch_section&quot;:&quot;section-stretched&quot;}\">\n\t\t\t\t\t\t<div class=\"elementor-container elementor-column-gap-default\">\n\t\t\t\t\t<div class=\"elementor-column elementor-col-100 elementor-top-column elementor-element elementor-element-e4a92d7\" data-id=\"e4a92d7\" data-element_type=\"column\" data-e-type=\"column\">\n\t\t\t<div class=\"elementor-widget-wrap elementor-element-populated\">\n\t\t\t\t\t\t<div class=\"elementor-element elementor-element-5f14105 elementor-widget elementor-widget-image\" data-id=\"5f14105\" data-element_type=\"widget\" data-e-type=\"widget\" data-widget_type=\"image.default\">\n\t\t\t\t<div class=\"elementor-widget-container\">\n\t\t\t\t\t\t\t\t\t\t\t\t\t\t\t<img loading=\"lazy\" decoding=\"async\" width=\"1024\" height=\"254\" src=\"http:\/\/s350233878.onlinehome.fr\/wp-content\/uploads\/2023\/10\/Sans-titre-100-1024x254.jpg\" class=\"attachment-large size-large wp-image-2081\" alt=\"Banni\u00e8re r\u00e9assurance\" srcset=\"http:\/\/s350233878.onlinehome.fr\/wp-content\/uploads\/2023\/10\/Sans-titre-100-1024x254.jpg 1024w, http:\/\/s350233878.onlinehome.fr\/wp-content\/uploads\/2023\/10\/Sans-titre-100-300x74.jpg 300w, http:\/\/s350233878.onlinehome.fr\/wp-content\/uploads\/2023\/10\/Sans-titre-100-768x190.jpg 768w, http:\/\/s350233878.onlinehome.fr\/wp-content\/uploads\/2023\/10\/Sans-titre-100-1536x381.jpg 1536w, http:\/\/s350233878.onlinehome.fr\/wp-content\/uploads\/2023\/10\/Sans-titre-100-2048x508.jpg 2048w, http:\/\/s350233878.onlinehome.fr\/wp-content\/uploads\/2023\/10\/Sans-titre-100-1320x327.jpg 1320w, http:\/\/s350233878.onlinehome.fr\/wp-content\/uploads\/2023\/10\/Sans-titre-100-600x149.jpg 600w\" sizes=\"(max-width: 1024px) 100vw, 1024px\" \/>\t\t\t\t\t\t\t\t\t\t\t\t\t\t\t<\/div>\n\t\t\t\t<\/div>\n\t\t\t\t\t<\/div>\n\t\t<\/div>\n\t\t\t\t\t<\/div>\n\t\t<\/section>\n\t\t\t\t<\/div>\n\t\t","protected":false},"excerpt":{"rendered":"<p>Nos stores int\u00e9rieurs Store d&rsquo;int\u00e9rieur sur-mesure, cr\u00e9ateur d\u2019ambiances uniques Configurateur Guide de POSE STORE COFFRE D&rsquo;INT\u00c9RIEUR En savoir plus STORE ENROULEUR En savoir plus STORE COFFRE ZIP D&rsquo;INT\u00c9RIEUR En savoir&hellip;<\/p>\n","protected":false},"author":1,"featured_media":0,"parent":0,"menu_order":0,"comment_status":"closed","ping_status":"closed","template":"","meta":{"footnotes":""},"class_list":["post-2631","page","type-page","status-publish","hentry"],"_links":{"self":[{"href":"http:\/\/s350233878.onlinehome.fr\/index.php\/wp-json\/wp\/v2\/pages\/2631","targetHints":{"allow":["GET"]}}],"collection":[{"href":"http:\/\/s350233878.onlinehome.fr\/index.php\/wp-json\/wp\/v2\/pages"}],"about":[{"href":"http:\/\/s350233878.onlinehome.fr\/index.php\/wp-json\/wp\/v2\/types\/page"}],"author":[{"embeddable":true,"href":"http:\/\/s350233878.onlinehome.fr\/index.php\/wp-json\/wp\/v2\/users\/1"}],"replies":[{"embeddable":true,"href":"http:\/\/s350233878.onlinehome.fr\/index.php\/wp-json\/wp\/v2\/comments?post=2631"}],"version-history":[{"count":17,"href":"http:\/\/s350233878.onlinehome.fr\/index.php\/wp-json\/wp\/v2\/pages\/2631\/revisions"}],"predecessor-version":[{"id":2701,"href":"http:\/\/s350233878.onlinehome.fr\/index.php\/wp-json\/wp\/v2\/pages\/2631\/revisions\/2701"}],"wp:attachment":[{"href":"http:\/\/s350233878.onlinehome.fr\/index.php\/wp-json\/wp\/v2\/media?parent=2631"}],"curies":[{"name":"wp","href":"https:\/\/api.w.org\/{rel}","templated":true}]}}