{"id":2012,"date":"2023-08-09T16:45:33","date_gmt":"2023-08-09T14:45:33","guid":{"rendered":"https:\/\/vtbati.fr\/vtbati\/?page_id=2012"},"modified":"2023-08-09T17:17:38","modified_gmt":"2023-08-09T15:17:38","slug":"screen-et-bso","status":"publish","type":"page","link":"http:\/\/s350233878.onlinehome.fr\/index.php\/volets-roulants\/screen-et-bso\/","title":{"rendered":"Screen et BSO"},"content":{"rendered":"\t\t<div data-elementor-type=\"wp-page\" data-elementor-id=\"2012\" class=\"elementor elementor-2012\" data-elementor-post-type=\"page\">\n\t\t\t\t\t\t<section class=\"elementor-section elementor-top-section elementor-element elementor-element-98667fc elementor-section-stretched elementor-section-boxed elementor-section-height-default elementor-section-height-default\" data-id=\"98667fc\" data-element_type=\"section\" data-e-type=\"section\" data-settings=\"{&quot;stretch_section&quot;:&quot;section-stretched&quot;}\">\n\t\t\t\t\t\t<div class=\"elementor-container elementor-column-gap-default\">\n\t\t\t\t\t<div class=\"elementor-column elementor-col-33 elementor-top-column elementor-element elementor-element-d0658a4\" data-id=\"d0658a4\" data-element_type=\"column\" data-e-type=\"column\">\n\t\t\t<div class=\"elementor-widget-wrap elementor-element-populated\">\n\t\t\t\t\t\t<div class=\"elementor-element elementor-element-89e5ee9 elementor-widget elementor-widget-image\" data-id=\"89e5ee9\" data-element_type=\"widget\" data-e-type=\"widget\" data-widget_type=\"image.default\">\n\t\t\t\t<div class=\"elementor-widget-container\">\n\t\t\t\t\t\t\t\t\t\t\t\t\t\t\t<img fetchpriority=\"high\" decoding=\"async\" width=\"667\" height=\"471\" src=\"http:\/\/s350233878.onlinehome.fr\/wp-content\/uploads\/2023\/08\/Capture-decran-2023-08-09-163942.png\" class=\"attachment-large size-large wp-image-2023\" alt=\"\" srcset=\"http:\/\/s350233878.onlinehome.fr\/wp-content\/uploads\/2023\/08\/Capture-decran-2023-08-09-163942.png 667w, http:\/\/s350233878.onlinehome.fr\/wp-content\/uploads\/2023\/08\/Capture-decran-2023-08-09-163942-300x212.png 300w, http:\/\/s350233878.onlinehome.fr\/wp-content\/uploads\/2023\/08\/Capture-decran-2023-08-09-163942-600x424.png 600w\" sizes=\"(max-width: 667px) 100vw, 667px\" \/>\t\t\t\t\t\t\t\t\t\t\t\t\t\t\t<\/div>\n\t\t\t\t<\/div>\n\t\t\t\t<div class=\"elementor-element elementor-element-99d4894 elementor-widget elementor-widget-image\" data-id=\"99d4894\" data-element_type=\"widget\" data-e-type=\"widget\" data-widget_type=\"image.default\">\n\t\t\t\t<div class=\"elementor-widget-container\">\n\t\t\t\t\t\t\t\t\t\t\t\t\t\t\t<img decoding=\"async\" width=\"667\" height=\"422\" src=\"http:\/\/s350233878.onlinehome.fr\/wp-content\/uploads\/2023\/08\/Capture-decran-2023-08-09-164022.png\" class=\"attachment-large size-large wp-image-2024\" alt=\"\" srcset=\"http:\/\/s350233878.onlinehome.fr\/wp-content\/uploads\/2023\/08\/Capture-decran-2023-08-09-164022.png 667w, http:\/\/s350233878.onlinehome.fr\/wp-content\/uploads\/2023\/08\/Capture-decran-2023-08-09-164022-300x190.png 300w, http:\/\/s350233878.onlinehome.fr\/wp-content\/uploads\/2023\/08\/Capture-decran-2023-08-09-164022-600x380.png 600w\" sizes=\"(max-width: 667px) 100vw, 667px\" \/>\t\t\t\t\t\t\t\t\t\t\t\t\t\t\t<\/div>\n\t\t\t\t<\/div>\n\t\t\t\t\t<\/div>\n\t\t<\/div>\n\t\t\t\t<div class=\"elementor-column elementor-col-66 elementor-top-column elementor-element elementor-element-28777cd\" data-id=\"28777cd\" data-element_type=\"column\" data-e-type=\"column\">\n\t\t\t<div class=\"elementor-widget-wrap elementor-element-populated\">\n\t\t\t\t\t\t<div class=\"elementor-element elementor-element-2b4f40a elementor-widget elementor-widget-heading\" data-id=\"2b4f40a\" data-element_type=\"widget\" data-e-type=\"widget\" data-widget_type=\"heading.default\">\n\t\t\t\t<div class=\"elementor-widget-container\">\n\t\t\t\t\t<h2 class=\"elementor-heading-title elementor-size-default\">Stores ext\u00e9rieurs : Screen ZIP ScreenaMaX<\/h2>\t\t\t\t<\/div>\n\t\t\t\t<\/div>\n\t\t\t\t<div class=\"elementor-element elementor-element-d61a505 elementor-widget elementor-widget-text-editor\" data-id=\"d61a505\" data-element_type=\"widget\" data-e-type=\"widget\" data-widget_type=\"text-editor.default\">\n\t\t\t\t<div class=\"elementor-widget-container\">\n\t\t\t\t\t\t\t\t\t<p><span class=\"h4\">Les points forts du produit<\/span><\/p><p><strong>Dimensions XXL et un coffre ultra-compact<\/strong>, profitez d\u2019une protection sur-mesure et prot\u00e9gez votre int\u00e9rieur de la chaleur et de la luminosit\u00e9.<\/p><ul><li>V\u00e9ritable bouclier thermique plac\u00e9 devant la baie<\/li><li>Pr\u00e9serve des regards ext\u00e9rieurs tout en conservant une bonne visibilit\u00e9 depuis l\u2019int\u00e9rieur<\/li><li>Jusqu\u2019\u00e0\u00a0<strong>97% de l\u2019apport en soleil filtr\u00e9<\/strong><\/li><li>6 fois plus efficace qu\u2019un store int\u00e9rieur<\/li><li><strong>Excellent maintien de la toile<\/strong>\u00a0lors des intemp\u00e9ries<\/li><li>Grandes dimensions : ScreenaMaX jusqu\u2019\u00e0 7 m de large !<\/li><li>Compatible \u00e9galement pour les v\u00e9randas et pergolas<\/li><li>Disponible avec\u00a0<strong>motorisation solaire<\/strong>\u00a0jusqu\u2019\u00e0 5 m de large : un fonctionnement autonome, \u00e9conome et sans fil !<\/li><\/ul><p>Pratique :\u00a0<strong>fonction moustiquaire<\/strong>\u00a0lorsque la toile est en position ferm\u00e9e.<\/p>\t\t\t\t\t\t\t\t<\/div>\n\t\t\t\t<\/div>\n\t\t\t\t\t<\/div>\n\t\t<\/div>\n\t\t\t\t\t<\/div>\n\t\t<\/section>\n\t\t\t\t<section class=\"elementor-section elementor-top-section elementor-element elementor-element-9d3eacc elementor-section-stretched elementor-section-boxed elementor-section-height-default elementor-section-height-default\" data-id=\"9d3eacc\" data-element_type=\"section\" data-e-type=\"section\" data-settings=\"{&quot;stretch_section&quot;:&quot;section-stretched&quot;}\">\n\t\t\t\t\t\t<div class=\"elementor-container elementor-column-gap-default\">\n\t\t\t\t\t<div class=\"elementor-column elementor-col-66 elementor-top-column elementor-element elementor-element-cc913a4\" data-id=\"cc913a4\" data-element_type=\"column\" data-e-type=\"column\">\n\t\t\t<div class=\"elementor-widget-wrap elementor-element-populated\">\n\t\t\t\t\t\t<div class=\"elementor-element elementor-element-6f000bc elementor-widget elementor-widget-heading\" data-id=\"6f000bc\" data-element_type=\"widget\" data-e-type=\"widget\" data-widget_type=\"heading.default\">\n\t\t\t\t<div class=\"elementor-widget-container\">\n\t\t\t\t\t<h2 class=\"elementor-heading-title elementor-size-default\">Caract\u00e9ristiques techniques<\/h2>\t\t\t\t<\/div>\n\t\t\t\t<\/div>\n\t\t\t\t<div class=\"elementor-element elementor-element-9999b47 elementor-widget elementor-widget-text-editor\" data-id=\"9999b47\" data-element_type=\"widget\" data-e-type=\"widget\" data-widget_type=\"text-editor.default\">\n\t\t\t\t<div class=\"elementor-widget-container\">\n\t\t\t\t\t\t\t\t\t<table class=\"table table--fixed\"><tbody><tr><td>Coffre en aluminium extrud\u00e9<\/td><\/tr><tr><td>Largeur maximale : 7 m\u00e8tres<\/td><\/tr><tr><td>Hauteur maximale : 4 m\u00e8tres<\/td><\/tr><tr><td>Plus de 400 mod\u00e8les de toiles<\/td><\/tr><tr><td>Encadrement disponible en tous coloris RAL<\/td><\/tr><tr><td>Motorisation filaire, radio et domotique<\/td><\/tr><tr><td>Version solaire : autonomie jusqu&rsquo;\u00e0 45 jours et sans dommages lors de la pose<\/td><\/tr><\/tbody><\/table>\t\t\t\t\t\t\t\t<\/div>\n\t\t\t\t<\/div>\n\t\t\t\t\t<\/div>\n\t\t<\/div>\n\t\t\t\t<div class=\"elementor-column elementor-col-33 elementor-top-column elementor-element elementor-element-759965c\" data-id=\"759965c\" data-element_type=\"column\" data-e-type=\"column\">\n\t\t\t<div class=\"elementor-widget-wrap elementor-element-populated\">\n\t\t\t\t\t\t<div class=\"elementor-element elementor-element-a8533ba elementor-widget elementor-widget-image\" data-id=\"a8533ba\" data-element_type=\"widget\" data-e-type=\"widget\" data-widget_type=\"image.default\">\n\t\t\t\t<div class=\"elementor-widget-container\">\n\t\t\t\t\t\t\t\t\t\t\t\t\t\t\t<img decoding=\"async\" width=\"737\" height=\"722\" src=\"http:\/\/s350233878.onlinehome.fr\/wp-content\/uploads\/2023\/08\/Capture-decran-2023-08-09-164154.png\" class=\"attachment-large size-large wp-image-2025\" alt=\"\" srcset=\"http:\/\/s350233878.onlinehome.fr\/wp-content\/uploads\/2023\/08\/Capture-decran-2023-08-09-164154.png 737w, http:\/\/s350233878.onlinehome.fr\/wp-content\/uploads\/2023\/08\/Capture-decran-2023-08-09-164154-300x294.png 300w, http:\/\/s350233878.onlinehome.fr\/wp-content\/uploads\/2023\/08\/Capture-decran-2023-08-09-164154-600x588.png 600w\" sizes=\"(max-width: 737px) 100vw, 737px\" \/>\t\t\t\t\t\t\t\t\t\t\t\t\t\t\t<\/div>\n\t\t\t\t<\/div>\n\t\t\t\t\t<\/div>\n\t\t<\/div>\n\t\t\t\t\t<\/div>\n\t\t<\/section>\n\t\t\t\t<section class=\"elementor-section elementor-top-section elementor-element elementor-element-7953eda elementor-section-stretched elementor-section-boxed elementor-section-height-default elementor-section-height-default\" data-id=\"7953eda\" data-element_type=\"section\" data-e-type=\"section\" data-settings=\"{&quot;stretch_section&quot;:&quot;section-stretched&quot;}\">\n\t\t\t\t\t\t<div class=\"elementor-container elementor-column-gap-default\">\n\t\t\t\t\t<div class=\"elementor-column elementor-col-33 elementor-top-column elementor-element elementor-element-7867fc5\" data-id=\"7867fc5\" data-element_type=\"column\" data-e-type=\"column\">\n\t\t\t<div class=\"elementor-widget-wrap elementor-element-populated\">\n\t\t\t\t\t\t<div class=\"elementor-element elementor-element-6cd71ad elementor-widget elementor-widget-image\" data-id=\"6cd71ad\" data-element_type=\"widget\" data-e-type=\"widget\" data-widget_type=\"image.default\">\n\t\t\t\t<div class=\"elementor-widget-container\">\n\t\t\t\t\t\t\t\t\t\t\t\t\t\t\t<img loading=\"lazy\" decoding=\"async\" width=\"667\" height=\"417\" src=\"http:\/\/s350233878.onlinehome.fr\/wp-content\/uploads\/2023\/08\/Capture-decran-2023-08-09-164435.png\" class=\"attachment-large size-large wp-image-2028\" alt=\"\" srcset=\"http:\/\/s350233878.onlinehome.fr\/wp-content\/uploads\/2023\/08\/Capture-decran-2023-08-09-164435.png 667w, http:\/\/s350233878.onlinehome.fr\/wp-content\/uploads\/2023\/08\/Capture-decran-2023-08-09-164435-300x188.png 300w, http:\/\/s350233878.onlinehome.fr\/wp-content\/uploads\/2023\/08\/Capture-decran-2023-08-09-164435-600x375.png 600w\" sizes=\"(max-width: 667px) 100vw, 667px\" \/>\t\t\t\t\t\t\t\t\t\t\t\t\t\t\t<\/div>\n\t\t\t\t<\/div>\n\t\t\t\t<div class=\"elementor-element elementor-element-57f6a88 elementor-widget elementor-widget-image\" data-id=\"57f6a88\" data-element_type=\"widget\" data-e-type=\"widget\" data-widget_type=\"image.default\">\n\t\t\t\t<div class=\"elementor-widget-container\">\n\t\t\t\t\t\t\t\t\t\t\t\t\t\t\t<img loading=\"lazy\" decoding=\"async\" width=\"666\" height=\"445\" src=\"http:\/\/s350233878.onlinehome.fr\/wp-content\/uploads\/2023\/08\/Capture-decran-2023-08-09-164500.png\" class=\"attachment-large size-large wp-image-2029\" alt=\"\" srcset=\"http:\/\/s350233878.onlinehome.fr\/wp-content\/uploads\/2023\/08\/Capture-decran-2023-08-09-164500.png 666w, http:\/\/s350233878.onlinehome.fr\/wp-content\/uploads\/2023\/08\/Capture-decran-2023-08-09-164500-300x200.png 300w, http:\/\/s350233878.onlinehome.fr\/wp-content\/uploads\/2023\/08\/Capture-decran-2023-08-09-164500-600x401.png 600w\" sizes=\"(max-width: 666px) 100vw, 666px\" \/>\t\t\t\t\t\t\t\t\t\t\t\t\t\t\t<\/div>\n\t\t\t\t<\/div>\n\t\t\t\t\t<\/div>\n\t\t<\/div>\n\t\t\t\t<div class=\"elementor-column elementor-col-66 elementor-top-column elementor-element elementor-element-a0df833\" data-id=\"a0df833\" data-element_type=\"column\" data-e-type=\"column\">\n\t\t\t<div class=\"elementor-widget-wrap elementor-element-populated\">\n\t\t\t\t\t\t<div class=\"elementor-element elementor-element-2caa4bb elementor-widget elementor-widget-heading\" data-id=\"2caa4bb\" data-element_type=\"widget\" data-e-type=\"widget\" data-widget_type=\"heading.default\">\n\t\t\t\t<div class=\"elementor-widget-container\">\n\t\t\t\t\t<h2 class=\"elementor-heading-title elementor-size-default\">Brise-soleil orientable<\/h2>\t\t\t\t<\/div>\n\t\t\t\t<\/div>\n\t\t\t\t<div class=\"elementor-element elementor-element-e7c05cd elementor-widget elementor-widget-text-editor\" data-id=\"e7c05cd\" data-element_type=\"widget\" data-e-type=\"widget\" data-widget_type=\"text-editor.default\">\n\t\t\t\t<div class=\"elementor-widget-container\">\n\t\t\t\t\t\t\t\t\t<p><span class=\"h4\">Les points forts du produit<\/span><\/p><div data-font-name=\"g_d28_f2\" data-angle=\"0\" data-canvas-width=\"199.44\"><strong>Soyez ma\u00eetre de la lumi\u00e8re chez vous !<\/strong><\/div><ul><li data-font-name=\"g_d28_f2\" data-angle=\"0\" data-canvas-width=\"199.44\"><strong>Temp\u00e9rature int\u00e9rieure constante<\/strong>\u00a0de mani\u00e8re naturelle<\/li><li data-font-name=\"g_d28_f2\" data-angle=\"0\" data-canvas-width=\"199.44\"><strong>Jusqu\u2019\u00e0 60% d\u2019\u00e9conomie<\/strong>\u00a0sur votre climatisation<\/li><li data-font-name=\"g_d28_f2\" data-angle=\"0\" data-canvas-width=\"199.44\">Orientation pr\u00e9cise des lames pour un\u00a0<strong>grand confort visuel<\/strong><\/li><li data-font-name=\"g_d28_f2\" data-angle=\"0\" data-canvas-width=\"199.44\">Apporte une touche de caract\u00e8re \u00e0 l\u2019habitat<\/li><li data-font-name=\"g_d28_f2\" data-angle=\"0\" data-canvas-width=\"199.44\">3 mod\u00e8les de lames disponibles pour un effet tamisant ou partiellement occultant selon la pi\u00e8ce \u00e9quip\u00e9e<\/li><li data-font-name=\"g_d28_f2\" data-angle=\"0\" data-canvas-width=\"199.44\"><strong>Grandes dimensions<\/strong>\u00a0possibles (l\u2019id\u00e9al pour les larges baies)<\/li><\/ul><div data-font-name=\"g_d28_f2\" data-angle=\"0\" data-canvas-width=\"199.44\">\u00a0<\/div><div data-font-name=\"g_d28_f2\" data-angle=\"0\" data-canvas-width=\"199.44\">Pratique : le\u00a0<strong>pilotage pr\u00e9cis des lames<\/strong>\u00a0pas \u00e0 pas gr\u00e2ce \u00e0 une commande \u00e0 molette<\/div>\t\t\t\t\t\t\t\t<\/div>\n\t\t\t\t<\/div>\n\t\t\t\t\t<\/div>\n\t\t<\/div>\n\t\t\t\t\t<\/div>\n\t\t<\/section>\n\t\t\t\t<section class=\"elementor-section elementor-top-section elementor-element elementor-element-402810b elementor-section-stretched elementor-section-boxed elementor-section-height-default elementor-section-height-default\" data-id=\"402810b\" data-element_type=\"section\" data-e-type=\"section\" data-settings=\"{&quot;stretch_section&quot;:&quot;section-stretched&quot;}\">\n\t\t\t\t\t\t<div class=\"elementor-container elementor-column-gap-default\">\n\t\t\t\t\t<div class=\"elementor-column elementor-col-66 elementor-top-column elementor-element elementor-element-146a80e\" data-id=\"146a80e\" data-element_type=\"column\" data-e-type=\"column\">\n\t\t\t<div class=\"elementor-widget-wrap elementor-element-populated\">\n\t\t\t\t\t\t<div class=\"elementor-element elementor-element-bde4f9d elementor-widget elementor-widget-heading\" data-id=\"bde4f9d\" data-element_type=\"widget\" data-e-type=\"widget\" data-widget_type=\"heading.default\">\n\t\t\t\t<div class=\"elementor-widget-container\">\n\t\t\t\t\t<h2 class=\"elementor-heading-title elementor-size-default\">Caract\u00e9ristiques techniques<\/h2>\t\t\t\t<\/div>\n\t\t\t\t<\/div>\n\t\t\t\t<div class=\"elementor-element elementor-element-90b4a47 elementor-widget elementor-widget-text-editor\" data-id=\"90b4a47\" data-element_type=\"widget\" data-e-type=\"widget\" data-widget_type=\"text-editor.default\">\n\t\t\t\t<div class=\"elementor-widget-container\">\n\t\t\t\t\t\t\t\t\t<table class=\"table table--fixed\"><tbody><tr><td>Orientation des lames r\u00e9glable de 0 \u00e0 90\u00b0<\/td><\/tr><tr><td>Hauteur maximale : 5 m\u00e8tres<\/td><\/tr><tr><td>Largeur maximale : 5 m\u00e8tres<\/td><\/tr><tr><td>3 mod\u00e8les de lames : plate, ourl\u00e9e, z dite occultante<\/td><\/tr><tr><td>Encadrement disponible en tous coloris RAL<\/td><\/tr><tr><td>Lames disponibles en 20 teintes standards<\/td><\/tr><tr><td>Motorisation filaire, radio ou domotique<\/td><\/tr><\/tbody><\/table><p>\u00a0<\/p>\t\t\t\t\t\t\t\t<\/div>\n\t\t\t\t<\/div>\n\t\t\t\t\t<\/div>\n\t\t<\/div>\n\t\t\t\t<div class=\"elementor-column elementor-col-33 elementor-top-column elementor-element elementor-element-5efbdee\" data-id=\"5efbdee\" data-element_type=\"column\" data-e-type=\"column\">\n\t\t\t<div class=\"elementor-widget-wrap elementor-element-populated\">\n\t\t\t\t\t\t<div class=\"elementor-element elementor-element-65f3c4a elementor-widget elementor-widget-image\" data-id=\"65f3c4a\" data-element_type=\"widget\" data-e-type=\"widget\" data-widget_type=\"image.default\">\n\t\t\t\t<div class=\"elementor-widget-container\">\n\t\t\t\t\t\t\t\t\t\t\t\t\t\t\t<img loading=\"lazy\" decoding=\"async\" width=\"166\" height=\"143\" src=\"http:\/\/s350233878.onlinehome.fr\/wp-content\/uploads\/2023\/07\/SITUO-IO-.png\" class=\"attachment-large size-large wp-image-1978\" alt=\"\" \/>\t\t\t\t\t\t\t\t\t\t\t\t\t\t\t<\/div>\n\t\t\t\t<\/div>\n\t\t\t\t<div class=\"elementor-element elementor-element-120002e elementor-widget elementor-widget-image\" data-id=\"120002e\" data-element_type=\"widget\" data-e-type=\"widget\" data-widget_type=\"image.default\">\n\t\t\t\t<div class=\"elementor-widget-container\">\n\t\t\t\t\t\t\t\t\t\t\t\t\t\t\t<img loading=\"lazy\" decoding=\"async\" width=\"173\" height=\"138\" src=\"http:\/\/s350233878.onlinehome.fr\/wp-content\/uploads\/2023\/07\/SMOOVE-IO.png\" class=\"attachment-large size-large wp-image-1979\" alt=\"\" \/>\t\t\t\t\t\t\t\t\t\t\t\t\t\t\t<\/div>\n\t\t\t\t<\/div>\n\t\t\t\t\t<\/div>\n\t\t<\/div>\n\t\t\t\t\t<\/div>\n\t\t<\/section>\n\t\t\t\t<\/div>\n\t\t","protected":false},"excerpt":{"rendered":"<p>Stores ext\u00e9rieurs : Screen ZIP ScreenaMaX Les points forts du produit Dimensions XXL et un coffre ultra-compact, profitez d\u2019une protection sur-mesure et prot\u00e9gez votre int\u00e9rieur de la chaleur et de&hellip;<\/p>\n","protected":false},"author":1,"featured_media":0,"parent":1558,"menu_order":2,"comment_status":"closed","ping_status":"closed","template":"","meta":{"footnotes":""},"class_list":["post-2012","page","type-page","status-publish","hentry"],"_links":{"self":[{"href":"http:\/\/s350233878.onlinehome.fr\/index.php\/wp-json\/wp\/v2\/pages\/2012","targetHints":{"allow":["GET"]}}],"collection":[{"href":"http:\/\/s350233878.onlinehome.fr\/index.php\/wp-json\/wp\/v2\/pages"}],"about":[{"href":"http:\/\/s350233878.onlinehome.fr\/index.php\/wp-json\/wp\/v2\/types\/page"}],"author":[{"embeddable":true,"href":"http:\/\/s350233878.onlinehome.fr\/index.php\/wp-json\/wp\/v2\/users\/1"}],"replies":[{"embeddable":true,"href":"http:\/\/s350233878.onlinehome.fr\/index.php\/wp-json\/wp\/v2\/comments?post=2012"}],"version-history":[{"count":8,"href":"http:\/\/s350233878.onlinehome.fr\/index.php\/wp-json\/wp\/v2\/pages\/2012\/revisions"}],"predecessor-version":[{"id":2036,"href":"http:\/\/s350233878.onlinehome.fr\/index.php\/wp-json\/wp\/v2\/pages\/2012\/revisions\/2036"}],"up":[{"embeddable":true,"href":"http:\/\/s350233878.onlinehome.fr\/index.php\/wp-json\/wp\/v2\/pages\/1558"}],"wp:attachment":[{"href":"http:\/\/s350233878.onlinehome.fr\/index.php\/wp-json\/wp\/v2\/media?parent=2012"}],"curies":[{"name":"wp","href":"https:\/\/api.w.org\/{rel}","templated":true}]}}